{"id":914,"date":"2021-10-26T09:55:30","date_gmt":"2021-10-26T09:55:30","guid":{"rendered":"https:\/\/schoenpartner.de\/?page_id=914"},"modified":"2022-09-07T12:23:37","modified_gmt":"2022-09-07T12:23:37","slug":"license-agreement-law","status":"publish","type":"page","link":"https:\/\/schoenpartner.de\/ko\/areas-of-law\/license-agreement-law\/","title":{"rendered":"\ub77c\uc774\uc13c\uc2a4 \uacc4\uc57d\ubc95"},"content":{"rendered":"<div data-elementor-type=\"wp-page\" data-elementor-id=\"914\" class=\"elementor elementor-914\" data-elementor-post-type=\"page\">\n\t\t\t\t\t\t<section data-particle_enable=\"false\" data-particle-mobile-disabled=\"false\" class=\"elementor-section elementor-top-section elementor-element elementor-element-9b258ce elementor-section-height-min-height elementor-section-items-bottom elementor-section-boxed elementor-section-height-default\" data-id=\"9b258ce\" data-element_type=\"section\" data-e-type=\"section\" data-settings=\"{&quot;background_background&quot;:&quot;classic&quot;}\">\n\t\t\t\t\t\t\t<div class=\"elementor-background-overlay\"><\/div>\n\t\t\t\t\t\t\t<div class=\"elementor-container elementor-column-gap-default\">\n\t\t\t\t\t<div class=\"elementor-column elementor-col-100 elementor-top-column elementor-element elementor-element-393c973\" data-id=\"393c973\" data-element_type=\"column\" data-e-type=\"column\">\n\t\t\t<div class=\"elementor-widget-wrap elementor-element-populated\">\n\t\t\t\t\t\t<div class=\"elementor-element elementor-element-2a8bae4 elementor-widget__width-auto elementor-widget elementor-widget-heading\" data-id=\"2a8bae4\" data-element_type=\"widget\" data-e-type=\"widget\" data-widget_type=\"heading.default\">\n\t\t\t\t<div class=\"elementor-widget-container\">\n\t\t\t\t\t<h1 class=\"elementor-heading-title elementor-size-default\">\ub77c\uc774\uc13c\uc2a4 \uacc4\uc57d\ubc95<\/h1>\t\t\t\t<\/div>\n\t\t\t\t<\/div>\n\t\t\t\t<div class=\"elementor-element elementor-element-841de85 elementor-view-default elementor-widget elementor-widget-icon\" data-id=\"841de85\" data-element_type=\"widget\" data-e-type=\"widget\" data-widget_type=\"icon.default\">\n\t\t\t\t<div class=\"elementor-widget-container\">\n\t\t\t\t\t\t\t<div class=\"elementor-icon-wrapper\">\n\t\t\t<a class=\"elementor-icon\" href=\"#lizenzen\">\n\t\t\t<svg xmlns=\"http:\/\/www.w3.org\/2000\/svg\" id=\"Ebene_1\" data-name=\"Ebene 1\" viewbox=\"0 0 223.55273 120.96777\"><polygon points=\"214.36 0 111.776 102.583 9.192 0 0 9.192 111.776 120.968 223.553 9.192 214.36 0\"><\/polygon><\/svg>\t\t\t<\/a>\n\t\t<\/div>\n\t\t\t\t\t\t<\/div>\n\t\t\t\t<\/div>\n\t\t\t\t\t<\/div>\n\t\t<\/div>\n\t\t\t\t\t<\/div>\n\t\t<\/section>\n\t\t\t\t<section data-particle_enable=\"false\" data-particle-mobile-disabled=\"false\" class=\"elementor-section elementor-top-section elementor-element elementor-element-2918708 elementor-section-boxed elementor-section-height-default elementor-section-height-default\" data-id=\"2918708\" data-element_type=\"section\" data-e-type=\"section\" data-settings=\"{&quot;background_background&quot;:&quot;classic&quot;}\">\n\t\t\t\t\t\t<div class=\"elementor-container elementor-column-gap-default\">\n\t\t\t\t\t<div class=\"elementor-column elementor-col-100 elementor-top-column elementor-element elementor-element-129f265\" data-id=\"129f265\" data-element_type=\"column\" data-e-type=\"column\">\n\t\t\t<div class=\"elementor-widget-wrap elementor-element-populated\">\n\t\t\t\t\t\t<div class=\"elementor-element elementor-element-a561b47 elementor-view-default elementor-widget elementor-widget-icon\" data-id=\"a561b47\" data-element_type=\"widget\" data-e-type=\"widget\" data-widget_type=\"icon.default\">\n\t\t\t\t<div class=\"elementor-widget-container\">\n\t\t\t\t\t\t\t<div class=\"elementor-icon-wrapper\">\n\t\t\t<div class=\"elementor-icon\">\n\t\t\t<i aria-hidden=\"true\" class=\"fas fa-circle\"><\/i>\t\t\t<\/div>\n\t\t<\/div>\n\t\t\t\t\t\t<\/div>\n\t\t\t\t<\/div>\n\t\t\t\t\t<\/div>\n\t\t<\/div>\n\t\t\t\t\t<\/div>\n\t\t<\/section>\n\t\t\t\t<section data-particle_enable=\"false\" data-particle-mobile-disabled=\"false\" class=\"elementor-section elementor-top-section elementor-element elementor-element-e21558e elementor-section-boxed elementor-section-height-default elementor-section-height-default\" data-id=\"e21558e\" data-element_type=\"section\" data-e-type=\"section\" id=\"lizenzen\" data-settings=\"{&quot;background_background&quot;:&quot;classic&quot;}\">\n\t\t\t\t\t\t<div class=\"elementor-container elementor-column-gap-default\">\n\t\t\t\t\t<div class=\"elementor-column elementor-col-100 elementor-top-column elementor-element elementor-element-1762a7c\" data-id=\"1762a7c\" data-element_type=\"column\" data-e-type=\"column\">\n\t\t\t<div class=\"elementor-widget-wrap elementor-element-populated\">\n\t\t\t\t\t\t<div class=\"elementor-element elementor-element-bee9d0c elementor-widget__width-initial elementor-widget elementor-widget-text-editor\" data-id=\"bee9d0c\" data-element_type=\"widget\" data-e-type=\"widget\" data-widget_type=\"text-editor.default\">\n\t\t\t\t<div class=\"elementor-widget-container\">\n\t\t\t\t\t\t\t\t\t<p>\uac15\ub825\ud55c \uc9c0\uc801 \uc7ac\uc0b0\uad8c\uc740 \ud074\ub77c\uc774\uc5b8\ud2b8\uc758 \uad8c\ub9ac\ub97c \uc0ac\ubc95\uc801\uc73c\ub85c \uc9d1\ud589\ud558\uae30 \uc704\ud55c \uae30\ubc18\uc744 \ub098\ud0c0\ub0bc \ubfd0\ub9cc \uc544\ub2c8\ub77c \ub77c\uc774\uc13c\uc2a4 \uacc4\uc57d\uc758 \ud2c0 \ub0b4\uc5d0\uc11c \uacbd\uc7c1\uc0ac\uc640 \uc6b0\ud638\uc801\uc778 \uacc4\uc57d\uc744 \uc704\ud55c \uae30\ubc18\uc744 \uc81c\uacf5\ud560 \uc218 \uc788\uc2b5\ub2c8\ub2e4. \ucd5c\uc0c1\uc758 \uacc4\uc57d\uc5d0 \ub3c4\ub2ec\ud560 \uc218 \uc788\ub3c4\ub85d \uacc4\uc57d \ucd08\uc548 \uc900\ube44 \ubc0f\/\ub610\ub294 \uc774\ubbf8 \ubcf4\uc720\ud558\uace0 \uc788\ub294 \uacc4\uc57d \ucd08\uc548 \uac80\ud1a0\uc5d0 \ub300\ud574 \uac1c\ubcc4\uc801\uc774\uace0 \uc804\ubb38\uc801\uc778 \ubc95\ub960\uc801 \uc11c\ube44\uc2a4\ub85c \uc9c0\uc6d0\ud569\ub2c8\ub2e4.<\/p>\t\t\t\t\t\t\t\t<\/div>\n\t\t\t\t<\/div>\n\t\t\t\t\t<\/div>\n\t\t<\/div>\n\t\t\t\t\t<\/div>\n\t\t<\/section>\n\t\t\t\t<section data-particle_enable=\"false\" data-particle-mobile-disabled=\"false\" class=\"elementor-section elementor-top-section elementor-element elementor-element-a7af22b elementor-section-boxed elementor-section-height-default elementor-section-height-default\" data-id=\"a7af22b\" data-element_type=\"section\" data-e-type=\"section\" data-settings=\"{&quot;background_background&quot;:&quot;classic&quot;}\">\n\t\t\t\t\t\t\t<div class=\"elementor-background-overlay\"><\/div>\n\t\t\t\t\t\t\t<div class=\"elementor-container elementor-column-gap-default\">\n\t\t\t\t\t<div class=\"elementor-column elementor-col-100 elementor-top-column elementor-element elementor-element-085611c\" data-id=\"085611c\" data-element_type=\"column\" data-e-type=\"column\">\n\t\t\t<div class=\"elementor-widget-wrap elementor-element-populated\">\n\t\t\t\t\t\t<div class=\"elementor-element elementor-element-ffbdbd8 elementor-widget__width-initial elementor-widget-divider--view-line elementor-widget elementor-widget-divider\" data-id=\"ffbdbd8\" data-element_type=\"widget\" data-e-type=\"widget\" data-widget_type=\"divider.default\">\n\t\t\t\t<div class=\"elementor-widget-container\">\n\t\t\t\t\t\t\t<div class=\"elementor-divider\">\n\t\t\t<span class=\"elementor-divider-separator\">\n\t\t\t\t\t\t<\/span>\n\t\t<\/div>\n\t\t\t\t\t\t<\/div>\n\t\t\t\t<\/div>\n\t\t\t\t\t<\/div>\n\t\t<\/div>\n\t\t\t\t\t<\/div>\n\t\t<\/section>\n\t\t\t\t<section data-particle_enable=\"false\" data-particle-mobile-disabled=\"false\" class=\"elementor-section elementor-top-section elementor-element elementor-element-4955cf1 elementor-section-full_width elementor-section-height-default elementor-section-height-default\" data-id=\"4955cf1\" data-element_type=\"section\" data-e-type=\"section\">\n\t\t\t\t\t\t<div class=\"elementor-container elementor-column-gap-default\">\n\t\t\t\t\t<div class=\"elementor-column elementor-col-50 elementor-top-column elementor-element elementor-element-dc2a0f6\" data-id=\"dc2a0f6\" data-element_type=\"column\" data-e-type=\"column\">\n\t\t\t<div class=\"elementor-widget-wrap elementor-element-populated\">\n\t\t\t\t\t\t<div class=\"elementor-element elementor-element-407f530 elementor-widget elementor-widget-image\" data-id=\"407f530\" data-element_type=\"widget\" data-e-type=\"widget\" data-widget_type=\"image.default\">\n\t\t\t\t<div class=\"elementor-widget-container\">\n\t\t\t\t\t\t\t\t\t\t\t\t\t\t\t<img fetchpriority=\"high\" decoding=\"async\" width=\"800\" height=\"534\" src=\"https:\/\/schoenpartner.de\/wp-content\/uploads\/2022\/04\/Lizenzrecht-1024x683.jpg\" class=\"attachment-large size-large wp-image-5013\" alt=\"\" srcset=\"https:\/\/schoenpartner.de\/wp-content\/uploads\/2022\/04\/Lizenzrecht-1024x683.jpg 1024w, https:\/\/schoenpartner.de\/wp-content\/uploads\/2022\/04\/Lizenzrecht-300x200.jpg 300w, https:\/\/schoenpartner.de\/wp-content\/uploads\/2022\/04\/Lizenzrecht-768x513.jpg 768w, https:\/\/schoenpartner.de\/wp-content\/uploads\/2022\/04\/Lizenzrecht.jpg 1500w\" sizes=\"(max-width: 800px) 100vw, 800px\" \/>\t\t\t\t\t\t\t\t\t\t\t\t\t\t\t<\/div>\n\t\t\t\t<\/div>\n\t\t\t\t\t<\/div>\n\t\t<\/div>\n\t\t\t\t<div class=\"elementor-column elementor-col-50 elementor-top-column elementor-element elementor-element-2fbde00\" data-id=\"2fbde00\" data-element_type=\"column\" data-e-type=\"column\">\n\t\t\t<div class=\"elementor-widget-wrap\">\n\t\t\t\t\t\t\t<\/div>\n\t\t<\/div>\n\t\t\t\t\t<\/div>\n\t\t<\/section>\n\t\t\t\t<section data-particle_enable=\"false\" data-particle-mobile-disabled=\"false\" class=\"elementor-section elementor-top-section elementor-element elementor-element-3740df6 elementor-section-boxed elementor-section-height-default elementor-section-height-default\" data-id=\"3740df6\" data-element_type=\"section\" data-e-type=\"section\" data-settings=\"{&quot;background_background&quot;:&quot;classic&quot;}\">\n\t\t\t\t\t\t<div class=\"elementor-container elementor-column-gap-default\">\n\t\t\t\t\t<div class=\"elementor-column elementor-col-100 elementor-top-column elementor-element elementor-element-e8b1fcb\" data-id=\"e8b1fcb\" data-element_type=\"column\" data-e-type=\"column\">\n\t\t\t<div class=\"elementor-widget-wrap elementor-element-populated\">\n\t\t\t\t\t\t<div class=\"elementor-element elementor-element-e16e838 elementor-widget elementor-widget-text-editor\" data-id=\"e16e838\" data-element_type=\"widget\" data-e-type=\"widget\" data-widget_type=\"text-editor.default\">\n\t\t\t\t<div class=\"elementor-widget-container\">\n\t\t\t\t\t\t\t\t\t<p>\ub77c\uc774\uc13c\uc2a4 \uacc4\uc57d\uc740 \uc0c1\uc5c5\uc801 \ubc95\uc801 \ubcf4\ud638 \ubd84\uc57c\uc5d0\uc11c \ub9e4\uc6b0 \uc911\uc694\ud55c \uc5ed\ud560\uc744 \ud569\ub2c8\ub2e4. \uacbd\uc7c1\uc0ac\uc758 \uad00\uc2ec\uc744 \ubd88\ub7ec\uc77c\uc73c\ud0a4\ub294 \uc911\uc2ec\uc801\uc774\uace0 \uc911\uc694\ud55c \uc0b0\uc5c5 \uc7ac\uc0b0\uad8c\uc740 \ub77c\uc774\uc13c\uc2a4 \uacc4\uc57d \ud611\uc0c1\uc758 \uae30\ubc18\uc774 \ub420 \uc218 \uc788\uc2b5\ub2c8\ub2e4. \uacc4\uc57d \ud30c\ud2b8\ub108\uc778 \ud074\ub77c\uc774\uc5b8\ud2b8\uac00 \ucd5c\ub300\uc758 \ud611\uc0c1 \uc131\uacf5\uc744 \ub2ec\uc131\ud558\uace0 \uacc4\uc57d \uccb4\uacb0 \ud6c4 \uc548\uc804\ud55c \ubc95\uc801 \uc9c0\uc704\uc5d0\uc11c \ud589\ub3d9\ud560 \uc218 \uc788\ub294 \uac83\uc774 \uc911\uc694\ud569\ub2c8\ub2e4. \ub2f9\uc0ac\uc758 \uc720\ub2a5\ud55c \uc804\ubb38\uac00 \ud300\uc740 \ub77c\uc774\uc13c\uc2a4 \ud611\uc0c1 \uc900\ube44, \ub77c\uc774\uc13c\uc2a4 \uacc4\uc57d \ucd08\uc548 \uc791\uc131 \ub610\ub294 \uae30\uc874 \ub77c\uc774\uc13c\uc2a4 \uacc4\uc57d \uc81c\uc548 \uac80\ud1a0\uc5d0\uc11c \uc0ac\ub840\ubcc4\ub85c \ub610\ub294 \ub77c\uc774\uc13c\uc2a4 \ud3ec\ud2b8\ud3f4\ub9ac\uc624\uc758 \ud2c0 \ub0b4\uc5d0\uc11c \uac1c\ubcc4\uc801\uc774\uace0 \uc804\ubb38\uc801\uc778 \ubc95\ub960 \uc790\ubb38 \uc11c\ube44\uc2a4\ub97c \uc9c0\uc6d0\ud558\uc5ec \ub77c\uc774\uc13c\uc2a4 \ud611\uc0c1\uc774 \uc131\uacf5\uc801\uc73c\ub85c \uc644\ub8cc\ub41c \ud6c4 \ud074\ub77c\uc774\uc5b8\ud2b8\uc758 \ucd5c\ub300 \ube44\uc988\ub2c8\uc2a4 \uc131\uacf5\uc744 \ub2ec\uc131\ud560 \uc218 \uc788\ub3c4\ub85d \ud074\ub77c\uc774\uc5b8\ud2b8\uc640 \ud568\uaed8 \uae34\ubc00\ud788 \uc791\uc5c5\ud569\ub2c8\ub2e4.<\/p>\t\t\t\t\t\t\t\t<\/div>\n\t\t\t\t<\/div>\n\t\t\t\t\t<\/div>\n\t\t<\/div>\n\t\t\t\t\t<\/div>\n\t\t<\/section>\n\t\t\t\t<section data-particle_enable=\"false\" data-particle-mobile-disabled=\"false\" class=\"elementor-section elementor-top-section elementor-element elementor-element-d3838e3 elementor-section-full_width elementor-section-height-default elementor-section-height-default\" data-id=\"d3838e3\" data-element_type=\"section\" data-e-type=\"section\">\n\t\t\t\t\t\t<div class=\"elementor-container elementor-column-gap-default\">\n\t\t\t\t\t<div class=\"elementor-column elementor-col-50 elementor-top-column elementor-element elementor-element-5d0a041\" data-id=\"5d0a041\" data-element_type=\"column\" data-e-type=\"column\">\n\t\t\t<div class=\"elementor-widget-wrap\">\n\t\t\t\t\t\t\t<\/div>\n\t\t<\/div>\n\t\t\t\t<div class=\"elementor-column elementor-col-50 elementor-top-column elementor-element elementor-element-25ebfdf\" data-id=\"25ebfdf\" data-element_type=\"column\" data-e-type=\"column\">\n\t\t\t<div class=\"elementor-widget-wrap elementor-element-populated\">\n\t\t\t\t\t\t<div class=\"elementor-element elementor-element-b344b0f elementor-widget-divider--view-line elementor-widget elementor-widget-divider\" data-id=\"b344b0f\" data-element_type=\"widget\" data-e-type=\"widget\" data-widget_type=\"divider.default\">\n\t\t\t\t<div class=\"elementor-widget-container\">\n\t\t\t\t\t\t\t<div class=\"elementor-divider\">\n\t\t\t<span class=\"elementor-divider-separator\">\n\t\t\t\t\t\t<\/span>\n\t\t<\/div>\n\t\t\t\t\t\t<\/div>\n\t\t\t\t<\/div>\n\t\t\t\t\t<\/div>\n\t\t<\/div>\n\t\t\t\t\t<\/div>\n\t\t<\/section>\n\t\t\t\t<section data-particle_enable=\"false\" data-particle-mobile-disabled=\"false\" class=\"elementor-section elementor-top-section elementor-element elementor-element-019af0b elementor-section-full_width elementor-section-height-default elementor-section-height-default\" data-id=\"019af0b\" data-element_type=\"section\" data-e-type=\"section\" data-settings=\"{&quot;background_background&quot;:&quot;classic&quot;}\">\n\t\t\t\t\t\t<div class=\"elementor-container elementor-column-gap-default\">\n\t\t\t\t\t<div class=\"elementor-column elementor-col-50 elementor-top-column elementor-element elementor-element-d985394\" data-id=\"d985394\" data-element_type=\"column\" data-e-type=\"column\" data-settings=\"{&quot;background_background&quot;:&quot;classic&quot;}\">\n\t\t\t<div class=\"elementor-widget-wrap elementor-element-populated\">\n\t\t\t\t\t\t<div class=\"elementor-element elementor-element-4e5d11e elementor-widget__width-auto elementor-view-default elementor-widget elementor-widget-icon\" data-id=\"4e5d11e\" data-element_type=\"widget\" data-e-type=\"widget\" data-widget_type=\"icon.default\">\n\t\t\t\t<div class=\"elementor-widget-container\">\n\t\t\t\t\t\t\t<div class=\"elementor-icon-wrapper\">\n\t\t\t<a class=\"elementor-icon\" href=\"mailto:license@schoen-partner.de\">\n\t\t\t<i aria-hidden=\"true\" class=\"fas fa-envelope-open\"><\/i>\t\t\t<\/a>\n\t\t<\/div>\n\t\t\t\t\t\t<\/div>\n\t\t\t\t<\/div>\n\t\t\t\t<div class=\"elementor-element elementor-element-c6e68ae elementor-align-left elementor-widget__width-auto elementor-widget elementor-widget-button\" data-id=\"c6e68ae\" data-element_type=\"widget\" data-e-type=\"widget\" data-widget_type=\"button.default\">\n\t\t\t\t<div class=\"elementor-widget-container\">\n\t\t\t\t\t\t\t\t\t<div class=\"elementor-button-wrapper\">\n\t\t\t\t\t<a class=\"elementor-button elementor-button-link elementor-size-sm\" href=\"\/ko\/contact\/\">\n\t\t\t\t\t\t<span class=\"elementor-button-content-wrapper\">\n\t\t\t\t\t\t\t\t\t<span class=\"elementor-button-text\">Please feel welcome to contact us<\/span>\n\t\t\t\t\t<\/span>\n\t\t\t\t\t<\/a>\n\t\t\t\t<\/div>\n\t\t\t\t\t\t\t\t<\/div>\n\t\t\t\t<\/div>\n\t\t\t\t\t<\/div>\n\t\t<\/div>\n\t\t\t\t<div class=\"elementor-column elementor-col-50 elementor-top-column elementor-element elementor-element-6455622\" data-id=\"6455622\" data-element_type=\"column\" data-e-type=\"column\">\n\t\t\t<div class=\"elementor-widget-wrap elementor-element-populated\">\n\t\t\t\t\t\t<div class=\"elementor-element elementor-element-1385773 elementor-widget__width-inherit elementor-widget-divider--view-line elementor-widget elementor-widget-divider\" data-id=\"1385773\" data-element_type=\"widget\" data-e-type=\"widget\" data-widget_type=\"divider.default\">\n\t\t\t\t<div class=\"elementor-widget-container\">\n\t\t\t\t\t\t\t<div class=\"elementor-divider\">\n\t\t\t<span class=\"elementor-divider-separator\">\n\t\t\t\t\t\t<\/span>\n\t\t<\/div>\n\t\t\t\t\t\t<\/div>\n\t\t\t\t<\/div>\n\t\t\t\t\t<\/div>\n\t\t<\/div>\n\t\t\t\t\t<\/div>\n\t\t<\/section>\n\t\t\t\t<\/div>","protected":false},"excerpt":{"rendered":"<p>Lizenz&shy;vertrags&shy;recht Starke Schutzrechte k\u00f6nnen nicht nur die Basis einer gerichtlichen Durchsetzung Ihrer Rechte darstellen, sondern auch Grundlage f\u00fcr einvernehmliche Vertr\u00e4ge mit Mitbewerbern im Rahmen von Lizenzvereinbarungen bieten. Gerne unterst\u00fctzen wir Sie individuell und kompetent bei der Ausarbeitung von Vertragsentw\u00fcrfen und\/oder der \u00dcberpr\u00fcfung von Ihnen bereits vorliegenden Vertragsentw\u00fcrfen, um Ihnen zu einer f\u00fcr Sie bestm\u00f6glichen Einigung [&hellip;]<\/p>","protected":false},"author":1,"featured_media":0,"parent":883,"menu_order":0,"comment_status":"closed","ping_status":"closed","template":"","meta":{"footnotes":""},"class_list":["post-914","page","type-page","status-publish","hentry"],"_links":{"self":[{"href":"https:\/\/schoenpartner.de\/ko\/wp-json\/wp\/v2\/pages\/914","targetHints":{"allow":["GET"]}}],"collection":[{"href":"https:\/\/schoenpartner.de\/ko\/wp-json\/wp\/v2\/pages"}],"about":[{"href":"https:\/\/schoenpartner.de\/ko\/wp-json\/wp\/v2\/types\/page"}],"author":[{"embeddable":true,"href":"https:\/\/schoenpartner.de\/ko\/wp-json\/wp\/v2\/users\/1"}],"replies":[{"embeddable":true,"href":"https:\/\/schoenpartner.de\/ko\/wp-json\/wp\/v2\/comments?post=914"}],"version-history":[{"count":0,"href":"https:\/\/schoenpartner.de\/ko\/wp-json\/wp\/v2\/pages\/914\/revisions"}],"up":[{"embeddable":true,"href":"https:\/\/schoenpartner.de\/ko\/wp-json\/wp\/v2\/pages\/883"}],"wp:attachment":[{"href":"https:\/\/schoenpartner.de\/ko\/wp-json\/wp\/v2\/media?parent=914"}],"curies":[{"name":"wp","href":"https:\/\/api.w.org\/{rel}","templated":true}]}}