{"id":908,"date":"2021-10-26T09:54:02","date_gmt":"2021-10-26T09:54:02","guid":{"rendered":"https:\/\/schoenpartner.de\/?page_id=908"},"modified":"2022-09-07T12:23:09","modified_gmt":"2022-09-07T12:23:09","slug":"design-law","status":"publish","type":"page","link":"https:\/\/schoenpartner.de\/ja\/areas-of-law\/design-law\/","title":{"rendered":"\u610f\u5320\u6a29"},"content":{"rendered":"<div data-elementor-type=\"wp-page\" data-elementor-id=\"908\" class=\"elementor elementor-908\" data-elementor-post-type=\"page\">\n\t\t\t\t\t\t<section data-particle_enable=\"false\" data-particle-mobile-disabled=\"false\" class=\"elementor-section elementor-top-section elementor-element elementor-element-64ea29c elementor-section-height-min-height elementor-section-items-bottom elementor-section-boxed elementor-section-height-default\" data-id=\"64ea29c\" data-element_type=\"section\" data-e-type=\"section\" data-settings=\"{&quot;background_background&quot;:&quot;classic&quot;}\">\n\t\t\t\t\t\t\t<div class=\"elementor-background-overlay\"><\/div>\n\t\t\t\t\t\t\t<div class=\"elementor-container elementor-column-gap-default\">\n\t\t\t\t\t<div class=\"elementor-column elementor-col-100 elementor-top-column elementor-element elementor-element-286b84a\" data-id=\"286b84a\" data-element_type=\"column\" data-e-type=\"column\">\n\t\t\t<div class=\"elementor-widget-wrap elementor-element-populated\">\n\t\t\t\t\t\t<div class=\"elementor-element elementor-element-ab5e0e8 elementor-widget__width-auto elementor-widget elementor-widget-heading\" data-id=\"ab5e0e8\" data-element_type=\"widget\" data-e-type=\"widget\" data-widget_type=\"heading.default\">\n\t\t\t\t<div class=\"elementor-widget-container\">\n\t\t\t\t\t<h1 class=\"elementor-heading-title elementor-size-default\">\u610f\u5320\u6a29<\/h1>\t\t\t\t<\/div>\n\t\t\t\t<\/div>\n\t\t\t\t<div class=\"elementor-element elementor-element-ce00acb elementor-view-default elementor-widget elementor-widget-icon\" data-id=\"ce00acb\" data-element_type=\"widget\" data-e-type=\"widget\" data-widget_type=\"icon.default\">\n\t\t\t\t<div class=\"elementor-widget-container\">\n\t\t\t\t\t\t\t<div class=\"elementor-icon-wrapper\">\n\t\t\t<a class=\"elementor-icon\" href=\"#design\">\n\t\t\t<svg xmlns=\"http:\/\/www.w3.org\/2000\/svg\" id=\"Ebene_1\" data-name=\"Ebene 1\" viewbox=\"0 0 223.55273 120.96777\"><polygon points=\"214.36 0 111.776 102.583 9.192 0 0 9.192 111.776 120.968 223.553 9.192 214.36 0\"><\/polygon><\/svg>\t\t\t<\/a>\n\t\t<\/div>\n\t\t\t\t\t\t<\/div>\n\t\t\t\t<\/div>\n\t\t\t\t\t<\/div>\n\t\t<\/div>\n\t\t\t\t\t<\/div>\n\t\t<\/section>\n\t\t\t\t<section data-particle_enable=\"false\" data-particle-mobile-disabled=\"false\" class=\"elementor-section elementor-top-section elementor-element elementor-element-e382276 elementor-section-boxed elementor-section-height-default elementor-section-height-default\" data-id=\"e382276\" data-element_type=\"section\" data-e-type=\"section\" data-settings=\"{&quot;background_background&quot;:&quot;classic&quot;}\">\n\t\t\t\t\t\t<div class=\"elementor-container elementor-column-gap-default\">\n\t\t\t\t\t<div class=\"elementor-column elementor-col-100 elementor-top-column elementor-element elementor-element-97bedcf\" data-id=\"97bedcf\" data-element_type=\"column\" data-e-type=\"column\">\n\t\t\t<div class=\"elementor-widget-wrap elementor-element-populated\">\n\t\t\t\t\t\t<div class=\"elementor-element elementor-element-424f330 elementor-view-default elementor-widget elementor-widget-icon\" data-id=\"424f330\" data-element_type=\"widget\" data-e-type=\"widget\" data-widget_type=\"icon.default\">\n\t\t\t\t<div class=\"elementor-widget-container\">\n\t\t\t\t\t\t\t<div class=\"elementor-icon-wrapper\">\n\t\t\t<div class=\"elementor-icon\">\n\t\t\t<i aria-hidden=\"true\" class=\"fas fa-circle\"><\/i>\t\t\t<\/div>\n\t\t<\/div>\n\t\t\t\t\t\t<\/div>\n\t\t\t\t<\/div>\n\t\t\t\t\t<\/div>\n\t\t<\/div>\n\t\t\t\t\t<\/div>\n\t\t<\/section>\n\t\t\t\t<section data-particle_enable=\"false\" data-particle-mobile-disabled=\"false\" class=\"elementor-section elementor-top-section elementor-element elementor-element-cc0ea8b elementor-section-boxed elementor-section-height-default elementor-section-height-default\" data-id=\"cc0ea8b\" data-element_type=\"section\" data-e-type=\"section\" id=\"design\" data-settings=\"{&quot;background_background&quot;:&quot;classic&quot;}\">\n\t\t\t\t\t\t\t<div class=\"elementor-background-overlay\"><\/div>\n\t\t\t\t\t\t\t<div class=\"elementor-container elementor-column-gap-default\">\n\t\t\t\t\t<div class=\"elementor-column elementor-col-100 elementor-top-column elementor-element elementor-element-a4f722a\" data-id=\"a4f722a\" data-element_type=\"column\" data-e-type=\"column\">\n\t\t\t<div class=\"elementor-widget-wrap elementor-element-populated\">\n\t\t\t\t\t\t<div class=\"elementor-element elementor-element-35125cf elementor-widget__width-initial elementor-widget-divider--view-line elementor-widget elementor-widget-divider\" data-id=\"35125cf\" data-element_type=\"widget\" data-e-type=\"widget\" data-widget_type=\"divider.default\">\n\t\t\t\t<div class=\"elementor-widget-container\">\n\t\t\t\t\t\t\t<div class=\"elementor-divider\">\n\t\t\t<span class=\"elementor-divider-separator\">\n\t\t\t\t\t\t<\/span>\n\t\t<\/div>\n\t\t\t\t\t\t<\/div>\n\t\t\t\t<\/div>\n\t\t\t\t\t<\/div>\n\t\t<\/div>\n\t\t\t\t\t<\/div>\n\t\t<\/section>\n\t\t\t\t<section data-particle_enable=\"false\" data-particle-mobile-disabled=\"false\" class=\"elementor-section elementor-top-section elementor-element elementor-element-7557e71 elementor-section-full_width elementor-section-height-default elementor-section-height-default\" data-id=\"7557e71\" data-element_type=\"section\" data-e-type=\"section\">\n\t\t\t\t\t\t<div class=\"elementor-container elementor-column-gap-default\">\n\t\t\t\t\t<div class=\"elementor-column elementor-col-50 elementor-top-column elementor-element elementor-element-d49e5f3\" data-id=\"d49e5f3\" data-element_type=\"column\" data-e-type=\"column\">\n\t\t\t<div class=\"elementor-widget-wrap elementor-element-populated\">\n\t\t\t\t\t\t<div class=\"elementor-element elementor-element-d9202bf elementor-widget elementor-widget-image\" data-id=\"d9202bf\" data-element_type=\"widget\" data-e-type=\"widget\" data-widget_type=\"image.default\">\n\t\t\t\t<div class=\"elementor-widget-container\">\n\t\t\t\t\t\t\t\t\t\t\t\t\t\t\t<img fetchpriority=\"high\" decoding=\"async\" width=\"800\" height=\"529\" src=\"https:\/\/schoenpartner.de\/wp-content\/uploads\/2022\/02\/kelly-sikkema-o2TRWThve_I-unsplash1-patent-designrecht-1024x677.jpg\" class=\"attachment-large size-large wp-image-4174\" alt=\"\" srcset=\"https:\/\/schoenpartner.de\/wp-content\/uploads\/2022\/02\/kelly-sikkema-o2TRWThve_I-unsplash1-patent-designrecht-1024x677.jpg 1024w, https:\/\/schoenpartner.de\/wp-content\/uploads\/2022\/02\/kelly-sikkema-o2TRWThve_I-unsplash1-patent-designrecht-300x198.jpg 300w, https:\/\/schoenpartner.de\/wp-content\/uploads\/2022\/02\/kelly-sikkema-o2TRWThve_I-unsplash1-patent-designrecht-768x507.jpg 768w, https:\/\/schoenpartner.de\/wp-content\/uploads\/2022\/02\/kelly-sikkema-o2TRWThve_I-unsplash1-patent-designrecht-1536x1015.jpg 1536w, https:\/\/schoenpartner.de\/wp-content\/uploads\/2022\/02\/kelly-sikkema-o2TRWThve_I-unsplash1-patent-designrecht-2048x1353.jpg 2048w\" sizes=\"(max-width: 800px) 100vw, 800px\" \/>\t\t\t\t\t\t\t\t\t\t\t\t\t\t\t<\/div>\n\t\t\t\t<\/div>\n\t\t\t\t\t<\/div>\n\t\t<\/div>\n\t\t\t\t<div class=\"elementor-column elementor-col-50 elementor-top-column elementor-element elementor-element-2844e07\" data-id=\"2844e07\" data-element_type=\"column\" data-e-type=\"column\">\n\t\t\t<div class=\"elementor-widget-wrap\">\n\t\t\t\t\t\t\t<\/div>\n\t\t<\/div>\n\t\t\t\t\t<\/div>\n\t\t<\/section>\n\t\t\t\t<section data-particle_enable=\"false\" data-particle-mobile-disabled=\"false\" class=\"elementor-section elementor-top-section elementor-element elementor-element-51cf5e1 elementor-section-boxed elementor-section-height-default elementor-section-height-default\" data-id=\"51cf5e1\" data-element_type=\"section\" data-e-type=\"section\" data-settings=\"{&quot;background_background&quot;:&quot;classic&quot;}\">\n\t\t\t\t\t\t<div class=\"elementor-container elementor-column-gap-default\">\n\t\t\t\t\t<div class=\"elementor-column elementor-col-100 elementor-top-column elementor-element elementor-element-2481002\" data-id=\"2481002\" data-element_type=\"column\" data-e-type=\"column\">\n\t\t\t<div class=\"elementor-widget-wrap elementor-element-populated\">\n\t\t\t\t\t\t<div class=\"elementor-element elementor-element-de7d727 elementor-widget elementor-widget-text-editor\" data-id=\"de7d727\" data-element_type=\"widget\" data-e-type=\"widget\" data-widget_type=\"text-editor.default\">\n\t\t\t\t<div class=\"elementor-widget-container\">\n\t\t\t\t\t\t\t\t\t<p>\u610f\u5320\u6a29\u306b\u3088\u308a\u7f8e\u7684\u5275\u9020\u7269\u3092\u4fdd\u8b77\u3059\u308b\u3053\u3068\u304c\u3067\u304d\u3001\u7af6\u5408\u8005\u306e\u6a21\u5023\u3084\u985e\u4f3c\u54c1\u3092\u5e02\u5834\u304b\u3089\u6392\u9664\u3059\u308b\u3053\u3068\u304c\u3067\u304d\u307e\u3059\u3002 \u30b3\u30d4\u30fc\u5546\u54c1\u3001\u985e\u4f3c\u5546\u54c1\u306a\u3069\u3001\u6a21\u5023\u54c1\u3092\u6cd5\u7684\u306a\u5f37\u5236\u529b\u3092\u3082\u3063\u3066\u6392\u9664\u3067\u304d\u3001\u81ea\u793e\u5546\u54c1\u306b\u3064\u3044\u3066\u30c7\u30b6\u30a4\u30f3\u3092\u6838\u3068\u3057\u305f\u30d6\u30e9\u30f3\u30c9\u5316\u3092\u3059\u308b\u3053\u3068\u304c\u3067\u304d\u3001\u8d77\u696d\u5bb6\u3068\u3063\u3066\u3082\u91cd\u8981\u3067\u3059\u3002\u305d\u306e\u969b\u306b\u3001\u610f\u5320\u6a29\u306e\u53d6\u5f97\u306e\u8cbb\u7528\u5bfe\u52b9\u679c\u304c\u7279\u306b\u91cd\u8981\u8996\u3067\u3059\u3002\u610f\u5320\u6cd5\u306e\u5c02\u9580\u5bb6\u304c\u3001\u610f\u5320\u5206\u985e\u3084\u898b\u89e3\u3092\u542b\u3080\u610f\u5320\u51fa\u9858\u306e\u6e96\u5099\u3001\u51fa\u9858\u3001\u767b\u9332\u624b\u7d9a\u304d\u3001\u6a21\u5023\u54c1\u3078\u306e\u5bfe\u51e6\u3001\u6a29\u5229\u884c\u4f7f\u306b\u3064\u3044\u3066\u30b5\u30dd\u30fc\u30c8\u3044\u305f\u3057\u307e\u3059\u3002<\/p><p>\u305d\u306e\u969b\u306b\u3001\u610f\u5320\u6a29\u306e\u53d6\u5f97\u306e\u8cbb\u7528\u5bfe\u52b9\u679c\u304c\u7279\u306b\u91cd\u8981\u8996\u3067\u3059\u3002\u610f\u5320\u6cd5\u306e\u5c02\u9580\u5bb6\u304c\u3001\u610f\u5320\u5206\u985e\u3084\u898b\u89e3\u3092\u542b\u3080\u610f\u5320\u51fa\u9858\u306e\u6e96\u5099\u3001\u51fa\u9858\u3001\u767b\u9332\u624b\u7d9a\u304d\u3001\u6a21\u5023\u54c1\u3078\u306e\u5bfe\u51e6\u3001\u6a29\u5229\u884c\u4f7f\u306b\u3064\u3044\u3066\u30b5\u30dd\u30fc\u30c8\u3044\u305f\u3057\u307e\u3059\u3002<\/p>\t\t\t\t\t\t\t\t<\/div>\n\t\t\t\t<\/div>\n\t\t\t\t\t<\/div>\n\t\t<\/div>\n\t\t\t\t\t<\/div>\n\t\t<\/section>\n\t\t\t\t<section data-particle_enable=\"false\" data-particle-mobile-disabled=\"false\" class=\"elementor-section elementor-top-section elementor-element elementor-element-07564a6 elementor-section-full_width elementor-section-height-default elementor-section-height-default\" data-id=\"07564a6\" data-element_type=\"section\" data-e-type=\"section\">\n\t\t\t\t\t\t<div class=\"elementor-container elementor-column-gap-default\">\n\t\t\t\t\t<div class=\"elementor-column elementor-col-50 elementor-top-column elementor-element elementor-element-66b4355\" data-id=\"66b4355\" data-element_type=\"column\" data-e-type=\"column\">\n\t\t\t<div class=\"elementor-widget-wrap\">\n\t\t\t\t\t\t\t<\/div>\n\t\t<\/div>\n\t\t\t\t<div class=\"elementor-column elementor-col-50 elementor-top-column elementor-element elementor-element-15aee99\" data-id=\"15aee99\" data-element_type=\"column\" data-e-type=\"column\">\n\t\t\t<div class=\"elementor-widget-wrap elementor-element-populated\">\n\t\t\t\t\t\t<div class=\"elementor-element elementor-element-7633523 elementor-widget-divider--view-line elementor-widget elementor-widget-divider\" data-id=\"7633523\" data-element_type=\"widget\" data-e-type=\"widget\" data-widget_type=\"divider.default\">\n\t\t\t\t<div class=\"elementor-widget-container\">\n\t\t\t\t\t\t\t<div class=\"elementor-divider\">\n\t\t\t<span class=\"elementor-divider-separator\">\n\t\t\t\t\t\t<\/span>\n\t\t<\/div>\n\t\t\t\t\t\t<\/div>\n\t\t\t\t<\/div>\n\t\t\t\t\t<\/div>\n\t\t<\/div>\n\t\t\t\t\t<\/div>\n\t\t<\/section>\n\t\t\t\t<section data-particle_enable=\"false\" data-particle-mobile-disabled=\"false\" class=\"elementor-section elementor-top-section elementor-element elementor-element-3ac4b75 elementor-section-full_width elementor-section-height-default elementor-section-height-default\" data-id=\"3ac4b75\" data-element_type=\"section\" data-e-type=\"section\" data-settings=\"{&quot;background_background&quot;:&quot;classic&quot;}\">\n\t\t\t\t\t\t<div class=\"elementor-container elementor-column-gap-default\">\n\t\t\t\t\t<div class=\"elementor-column elementor-col-50 elementor-top-column elementor-element elementor-element-534049f\" data-id=\"534049f\" data-element_type=\"column\" data-e-type=\"column\" data-settings=\"{&quot;background_background&quot;:&quot;classic&quot;}\">\n\t\t\t<div class=\"elementor-widget-wrap elementor-element-populated\">\n\t\t\t\t\t\t<div class=\"elementor-element elementor-element-081c7fd elementor-widget__width-auto elementor-view-default elementor-widget elementor-widget-icon\" data-id=\"081c7fd\" data-element_type=\"widget\" data-e-type=\"widget\" data-widget_type=\"icon.default\">\n\t\t\t\t<div class=\"elementor-widget-container\">\n\t\t\t\t\t\t\t<div class=\"elementor-icon-wrapper\">\n\t\t\t<a class=\"elementor-icon\" href=\"mailto:design@schoen-partner.de\">\n\t\t\t<i aria-hidden=\"true\" class=\"fas fa-envelope-open\"><\/i>\t\t\t<\/a>\n\t\t<\/div>\n\t\t\t\t\t\t<\/div>\n\t\t\t\t<\/div>\n\t\t\t\t<div class=\"elementor-element elementor-element-7e39526 elementor-align-left elementor-widget__width-auto elementor-widget elementor-widget-button\" data-id=\"7e39526\" data-element_type=\"widget\" data-e-type=\"widget\" data-widget_type=\"button.default\">\n\t\t\t\t<div class=\"elementor-widget-container\">\n\t\t\t\t\t\t\t\t\t<div class=\"elementor-button-wrapper\">\n\t\t\t\t\t<a class=\"elementor-button elementor-button-link elementor-size-sm\" href=\"\/ja\/contact\/\">\n\t\t\t\t\t\t<span class=\"elementor-button-content-wrapper\">\n\t\t\t\t\t\t\t\t\t<span class=\"elementor-button-text\">\u304a\u554f\u5408\u305b\u3084\u3054\u76f8\u8ac7\u7b49\u3054\u3056\u3044\u307e\u3057\u305f\u3089\u3001\u304a\u6c17\u8efd\u306b\u3054\u9023\u7d61\u304f\u3060\u3055\u3044\u3002<\/span>\n\t\t\t\t\t<\/span>\n\t\t\t\t\t<\/a>\n\t\t\t\t<\/div>\n\t\t\t\t\t\t\t\t<\/div>\n\t\t\t\t<\/div>\n\t\t\t\t\t<\/div>\n\t\t<\/div>\n\t\t\t\t<div class=\"elementor-column elementor-col-50 elementor-top-column elementor-element elementor-element-5fcd957\" data-id=\"5fcd957\" data-element_type=\"column\" data-e-type=\"column\">\n\t\t\t<div class=\"elementor-widget-wrap elementor-element-populated\">\n\t\t\t\t\t\t<div class=\"elementor-element elementor-element-2f7d744 elementor-widget__width-inherit elementor-widget-divider--view-line elementor-widget elementor-widget-divider\" data-id=\"2f7d744\" data-element_type=\"widget\" data-e-type=\"widget\" data-widget_type=\"divider.default\">\n\t\t\t\t<div class=\"elementor-widget-container\">\n\t\t\t\t\t\t\t<div class=\"elementor-divider\">\n\t\t\t<span class=\"elementor-divider-separator\">\n\t\t\t\t\t\t<\/span>\n\t\t<\/div>\n\t\t\t\t\t\t<\/div>\n\t\t\t\t<\/div>\n\t\t\t\t\t<\/div>\n\t\t<\/div>\n\t\t\t\t\t<\/div>\n\t\t<\/section>\n\t\t\t\t<\/div>","protected":false},"excerpt":{"rendered":"<p>Designrecht. Der Schutz von \u00e4sthetischen Formsch\u00f6pfungen im Rahmen von nicht-technischen Designschutzrechten erm\u00f6glicht Ihnen und Ihrem Unternehmen, Ihre Kreationen vor der Nachahmung durch Mitbewerber zu sch\u00fctzen. Insbesondere f\u00fcr unternehmerische T\u00e4tigkeitsbereiche, in denen speziell kreative Neusch\u00f6pfungen und weniger technische Weiterentwicklungen im Mittelpunkt stehen, stellen Designschutzrechte wichtige Instrumente zum Schutz und Ausbau dieser T\u00e4tigkeitsbereiche dar. Dabei sind auch besonders die Effektivit\u00e4t der Eintragungsverfahren und die Kosteneffizienz zur Erlangung von eingetragenen Designschutzrechten von entscheidender Bedeutung. Unsere Experten im Designrecht unterst\u00fctzen Sie gerne bei der Vorbereitung der Designanmeldungen einschlie\u00dflich der Ansichten sowie der Klassifizierung der Designs, bei der Einreichung der Anmeldungen, dem Eintragungsverfahren sowie beim Vorgehen gegen Nachahmerprodukte oder der Durchsetzung Ihrer eigenen Rechte. &rsaquo; [&hellip;]<\/p>","protected":false},"author":1,"featured_media":0,"parent":883,"menu_order":0,"comment_status":"closed","ping_status":"closed","template":"","meta":{"footnotes":""},"class_list":["post-908","page","type-page","status-publish","hentry"],"_links":{"self":[{"href":"https:\/\/schoenpartner.de\/ja\/wp-json\/wp\/v2\/pages\/908","targetHints":{"allow":["GET"]}}],"collection":[{"href":"https:\/\/schoenpartner.de\/ja\/wp-json\/wp\/v2\/pages"}],"about":[{"href":"https:\/\/schoenpartner.de\/ja\/wp-json\/wp\/v2\/types\/page"}],"author":[{"embeddable":true,"href":"https:\/\/schoenpartner.de\/ja\/wp-json\/wp\/v2\/users\/1"}],"replies":[{"embeddable":true,"href":"https:\/\/schoenpartner.de\/ja\/wp-json\/wp\/v2\/comments?post=908"}],"version-history":[{"count":0,"href":"https:\/\/schoenpartner.de\/ja\/wp-json\/wp\/v2\/pages\/908\/revisions"}],"up":[{"embeddable":true,"href":"https:\/\/schoenpartner.de\/ja\/wp-json\/wp\/v2\/pages\/883"}],"wp:attachment":[{"href":"https:\/\/schoenpartner.de\/ja\/wp-json\/wp\/v2\/media?parent=908"}],"curies":[{"name":"wp","href":"https:\/\/api.w.org\/{rel}","templated":true}]}}