{"id":902,"date":"2021-10-26T09:52:58","date_gmt":"2021-10-26T09:52:58","guid":{"rendered":"https:\/\/schoenpartner.de\/?page_id=902"},"modified":"2023-04-18T13:51:08","modified_gmt":"2023-04-18T13:51:08","slug":"software-electronics","status":"publish","type":"page","link":"https:\/\/schoenpartner.de\/ja\/field-of-activities\/software-electronics\/","title":{"rendered":"\u96fb\u6c17\u5de5\u5b66\u30fb\u30bd\u30d5\u30c8\u30a6\u30a7\u30a2"},"content":{"rendered":"<div data-elementor-type=\"wp-page\" data-elementor-id=\"902\" class=\"elementor elementor-902\" data-elementor-post-type=\"page\">\n\t\t\t\t\t\t<section data-particle_enable=\"false\" data-particle-mobile-disabled=\"false\" class=\"elementor-section elementor-top-section elementor-element elementor-element-8de6e69 elementor-section-height-min-height elementor-section-items-bottom elementor-section-boxed elementor-section-height-default\" data-id=\"8de6e69\" data-element_type=\"section\" data-e-type=\"section\" data-settings=\"{&quot;background_background&quot;:&quot;classic&quot;}\">\n\t\t\t\t\t\t\t<div class=\"elementor-background-overlay\"><\/div>\n\t\t\t\t\t\t\t<div class=\"elementor-container elementor-column-gap-default\">\n\t\t\t\t\t<div class=\"elementor-column elementor-col-100 elementor-top-column elementor-element elementor-element-64b9ff4\" data-id=\"64b9ff4\" data-element_type=\"column\" data-e-type=\"column\">\n\t\t\t<div class=\"elementor-widget-wrap elementor-element-populated\">\n\t\t\t\t\t\t<div class=\"elementor-element elementor-element-641db3b elementor-widget__width-auto elementor-widget elementor-widget-heading\" data-id=\"641db3b\" data-element_type=\"widget\" data-e-type=\"widget\" data-widget_type=\"heading.default\">\n\t\t\t\t<div class=\"elementor-widget-container\">\n\t\t\t\t\t<h1 class=\"elementor-heading-title elementor-size-default translation-block\">\u96fb\u6c17\u5de5\u5b66\u30fb\u30bd\u30d5\u30c8\u30a6\u30a7\u30a2<\/h1>\t\t\t\t<\/div>\n\t\t\t\t<\/div>\n\t\t\t\t<div class=\"elementor-element elementor-element-26c1447 elementor-view-default elementor-widget elementor-widget-icon\" data-id=\"26c1447\" data-element_type=\"widget\" data-e-type=\"widget\" data-widget_type=\"icon.default\">\n\t\t\t\t<div class=\"elementor-widget-container\">\n\t\t\t\t\t\t\t<div class=\"elementor-icon-wrapper\">\n\t\t\t<a class=\"elementor-icon\" href=\"#softwareelektro\">\n\t\t\t<svg xmlns=\"http:\/\/www.w3.org\/2000\/svg\" id=\"Ebene_1\" data-name=\"Ebene 1\" viewbox=\"0 0 223.55273 120.96777\"><polygon points=\"214.36 0 111.776 102.583 9.192 0 0 9.192 111.776 120.968 223.553 9.192 214.36 0\"><\/polygon><\/svg>\t\t\t<\/a>\n\t\t<\/div>\n\t\t\t\t\t\t<\/div>\n\t\t\t\t<\/div>\n\t\t\t\t\t<\/div>\n\t\t<\/div>\n\t\t\t\t\t<\/div>\n\t\t<\/section>\n\t\t\t\t<section data-particle_enable=\"false\" data-particle-mobile-disabled=\"false\" class=\"elementor-section elementor-top-section elementor-element elementor-element-3060b4e elementor-section-boxed elementor-section-height-default elementor-section-height-default\" data-id=\"3060b4e\" data-element_type=\"section\" data-e-type=\"section\" data-settings=\"{&quot;background_background&quot;:&quot;classic&quot;}\">\n\t\t\t\t\t\t<div class=\"elementor-container elementor-column-gap-default\">\n\t\t\t\t\t<div class=\"elementor-column elementor-col-100 elementor-top-column elementor-element elementor-element-07b9af4\" data-id=\"07b9af4\" data-element_type=\"column\" data-e-type=\"column\">\n\t\t\t<div class=\"elementor-widget-wrap elementor-element-populated\">\n\t\t\t\t\t\t<div class=\"elementor-element elementor-element-9374dce elementor-view-default elementor-widget elementor-widget-icon\" data-id=\"9374dce\" data-element_type=\"widget\" data-e-type=\"widget\" data-widget_type=\"icon.default\">\n\t\t\t\t<div class=\"elementor-widget-container\">\n\t\t\t\t\t\t\t<div class=\"elementor-icon-wrapper\">\n\t\t\t<div class=\"elementor-icon\">\n\t\t\t<i aria-hidden=\"true\" class=\"fas fa-circle\"><\/i>\t\t\t<\/div>\n\t\t<\/div>\n\t\t\t\t\t\t<\/div>\n\t\t\t\t<\/div>\n\t\t\t\t\t<\/div>\n\t\t<\/div>\n\t\t\t\t\t<\/div>\n\t\t<\/section>\n\t\t\t\t<section data-particle_enable=\"false\" data-particle-mobile-disabled=\"false\" class=\"elementor-section elementor-top-section elementor-element elementor-element-d0e1c79 elementor-section-boxed elementor-section-height-default elementor-section-height-default\" data-id=\"d0e1c79\" data-element_type=\"section\" data-e-type=\"section\" id=\"softwareelektro\" data-settings=\"{&quot;background_background&quot;:&quot;classic&quot;}\">\n\t\t\t\t\t\t<div class=\"elementor-container elementor-column-gap-default\">\n\t\t\t\t\t<div class=\"elementor-column elementor-col-50 elementor-top-column elementor-element elementor-element-c74ee14\" data-id=\"c74ee14\" data-element_type=\"column\" data-e-type=\"column\">\n\t\t\t<div class=\"elementor-widget-wrap elementor-element-populated\">\n\t\t\t\t\t\t<div class=\"elementor-element elementor-element-aca27ba elementor-widget elementor-widget-image\" data-id=\"aca27ba\" data-element_type=\"widget\" data-e-type=\"widget\" data-widget_type=\"image.default\">\n\t\t\t\t<div class=\"elementor-widget-container\">\n\t\t\t\t\t\t\t\t\t\t\t\t\t\t\t<img fetchpriority=\"high\" decoding=\"async\" width=\"800\" height=\"800\" src=\"https:\/\/schoenpartner.de\/wp-content\/uploads\/2022\/03\/SchoenUndPartner_Icon_SoftwareElectricEng.svg\" class=\"attachment-large size-large wp-image-4270\" alt=\"\" srcset=\"https:\/\/schoenpartner.de\/wp-content\/uploads\/SchoenUndPartner_Icon_SoftwareElectricEng.svg 150w, https:\/\/schoenpartner.de\/wp-content\/uploads\/SchoenUndPartner_Icon_SoftwareElectricEng.svg 300w, https:\/\/schoenpartner.de\/wp-content\/uploads\/SchoenUndPartner_Icon_SoftwareElectricEng.svg 1024w\" sizes=\"(max-width: 800px) 100vw, 800px\" \/>\t\t\t\t\t\t\t\t\t\t\t\t\t\t\t<\/div>\n\t\t\t\t<\/div>\n\t\t\t\t\t<\/div>\n\t\t<\/div>\n\t\t\t\t<div class=\"elementor-column elementor-col-50 elementor-top-column elementor-element elementor-element-89bb3b0\" data-id=\"89bb3b0\" data-element_type=\"column\" data-e-type=\"column\">\n\t\t\t<div class=\"elementor-widget-wrap elementor-element-populated\">\n\t\t\t\t\t\t<div class=\"elementor-element elementor-element-1864b24 elementor-widget__width-initial elementor-widget elementor-widget-text-editor\" data-id=\"1864b24\" data-element_type=\"widget\" data-e-type=\"widget\" data-widget_type=\"text-editor.default\">\n\t\t\t\t<div class=\"elementor-widget-container\">\n\t\t\t\t\t\t\t\t\t<p>\u8fd1\u5e74\u3001\u96fb\u6c17\u901a\u4fe1\u6280\u8853\u3001\u534a\u5c0e\u4f53\u6280\u8853\u3001\u30bd\u30d5\u30c8\u30a6\u30a7\u30a2\u958b\u767a\u306a\u3069\u306e\u5206\u91ce\u306b\u304a\u3051\u308b\u8457\u3057\u3044\u6280\u8853\u9032\u6b69\u306f\u3001\u4e16\u754c\u5404\u56fd\u306e\u69d8\u3005\u306a\u6cd5\u5236\u5ea6\u306b\u304a\u3044\u3066\u3001\u5b9f\u8cea\u7684\u306a\u7279\u8a31\u6cd5\u898f\u5b9a\u306b\u5927\u304d\u306a\u5f71\u97ff\u3092\u53ca\u307c\u3057\u3066\u3044\u307e\u3059\u3002<\/p>\t\t\t\t\t\t\t\t<\/div>\n\t\t\t\t<\/div>\n\t\t\t\t\t<\/div>\n\t\t<\/div>\n\t\t\t\t\t<\/div>\n\t\t<\/section>\n\t\t\t\t<section data-particle_enable=\"false\" data-particle-mobile-disabled=\"false\" class=\"elementor-section elementor-top-section elementor-element elementor-element-2e6616f elementor-section-boxed elementor-section-height-default elementor-section-height-default\" data-id=\"2e6616f\" data-element_type=\"section\" data-e-type=\"section\" data-settings=\"{&quot;background_background&quot;:&quot;classic&quot;}\">\n\t\t\t\t\t\t\t<div class=\"elementor-background-overlay\"><\/div>\n\t\t\t\t\t\t\t<div class=\"elementor-container elementor-column-gap-default\">\n\t\t\t\t\t<div class=\"elementor-column elementor-col-100 elementor-top-column elementor-element elementor-element-3186486\" data-id=\"3186486\" data-element_type=\"column\" data-e-type=\"column\">\n\t\t\t<div class=\"elementor-widget-wrap elementor-element-populated\">\n\t\t\t\t\t\t<div class=\"elementor-element elementor-element-8937ea7 elementor-widget__width-initial elementor-widget-divider--view-line elementor-widget elementor-widget-divider\" data-id=\"8937ea7\" data-element_type=\"widget\" data-e-type=\"widget\" data-widget_type=\"divider.default\">\n\t\t\t\t<div class=\"elementor-widget-container\">\n\t\t\t\t\t\t\t<div class=\"elementor-divider\">\n\t\t\t<span class=\"elementor-divider-separator\">\n\t\t\t\t\t\t<\/span>\n\t\t<\/div>\n\t\t\t\t\t\t<\/div>\n\t\t\t\t<\/div>\n\t\t\t\t\t<\/div>\n\t\t<\/div>\n\t\t\t\t\t<\/div>\n\t\t<\/section>\n\t\t\t\t<section data-particle_enable=\"false\" data-particle-mobile-disabled=\"false\" class=\"elementor-section elementor-top-section elementor-element elementor-element-92c3bff elementor-section-full_width elementor-section-height-default elementor-section-height-default\" data-id=\"92c3bff\" data-element_type=\"section\" data-e-type=\"section\">\n\t\t\t\t\t\t<div class=\"elementor-container elementor-column-gap-default\">\n\t\t\t\t\t<div class=\"elementor-column elementor-col-50 elementor-top-column elementor-element elementor-element-d0047c6\" data-id=\"d0047c6\" data-element_type=\"column\" data-e-type=\"column\">\n\t\t\t<div class=\"elementor-widget-wrap elementor-element-populated\">\n\t\t\t\t\t\t<div class=\"elementor-element elementor-element-1f04db5 elementor-widget elementor-widget-image\" data-id=\"1f04db5\" data-element_type=\"widget\" data-e-type=\"widget\" data-widget_type=\"image.default\">\n\t\t\t\t<div class=\"elementor-widget-container\">\n\t\t\t\t\t\t\t\t\t\t\t\t\t\t\t<img decoding=\"async\" width=\"800\" height=\"480\" src=\"https:\/\/schoenpartner.de\/wp-content\/uploads\/2022\/04\/ElektrotechnikSoftware-1024x614.jpg\" class=\"attachment-large size-large wp-image-5011\" alt=\"\" srcset=\"https:\/\/schoenpartner.de\/wp-content\/uploads\/2022\/04\/ElektrotechnikSoftware-1024x614.jpg 1024w, https:\/\/schoenpartner.de\/wp-content\/uploads\/2022\/04\/ElektrotechnikSoftware-300x180.jpg 300w, https:\/\/schoenpartner.de\/wp-content\/uploads\/2022\/04\/ElektrotechnikSoftware-768x461.jpg 768w, https:\/\/schoenpartner.de\/wp-content\/uploads\/2022\/04\/ElektrotechnikSoftware-1536x922.jpg 1536w, https:\/\/schoenpartner.de\/wp-content\/uploads\/2022\/04\/ElektrotechnikSoftware.jpg 1600w\" sizes=\"(max-width: 800px) 100vw, 800px\" \/>\t\t\t\t\t\t\t\t\t\t\t\t\t\t\t<\/div>\n\t\t\t\t<\/div>\n\t\t\t\t\t<\/div>\n\t\t<\/div>\n\t\t\t\t<div class=\"elementor-column elementor-col-50 elementor-top-column elementor-element elementor-element-9e94dfd\" data-id=\"9e94dfd\" data-element_type=\"column\" data-e-type=\"column\">\n\t\t\t<div class=\"elementor-widget-wrap\">\n\t\t\t\t\t\t\t<\/div>\n\t\t<\/div>\n\t\t\t\t\t<\/div>\n\t\t<\/section>\n\t\t\t\t<section data-particle_enable=\"false\" data-particle-mobile-disabled=\"false\" class=\"elementor-section elementor-top-section elementor-element elementor-element-b187db1 elementor-section-boxed elementor-section-height-default elementor-section-height-default\" data-id=\"b187db1\" data-element_type=\"section\" data-e-type=\"section\" data-settings=\"{&quot;background_background&quot;:&quot;classic&quot;}\">\n\t\t\t\t\t\t<div class=\"elementor-container elementor-column-gap-default\">\n\t\t\t\t\t<div class=\"elementor-column elementor-col-100 elementor-top-column elementor-element elementor-element-1e868d3\" data-id=\"1e868d3\" data-element_type=\"column\" data-e-type=\"column\">\n\t\t\t<div class=\"elementor-widget-wrap elementor-element-populated\">\n\t\t\t\t\t\t<div class=\"elementor-element elementor-element-5ffdc22 elementor-widget elementor-widget-text-editor\" data-id=\"5ffdc22\" data-element_type=\"widget\" data-e-type=\"widget\" data-widget_type=\"text-editor.default\">\n\t\t\t\t<div class=\"elementor-widget-container\">\n\t\t\t\t\t\t\t\t\t<p>\u73fe\u5728\u3067\u306f\u3001\u3053\u308c\u3089\u306e\u5206\u91ce\u306e\u4f01\u696d\u304c\u3001\u5e74\u9593\u3067\u6700\u3082\u591a\u304f\u306e\u7279\u8a31\u51fa\u9858\u3092\u3059\u308b\u3053\u3068\u306f\u73cd\u3057\u304f\u3042\u308a\u307e\u305b\u3093\u3002\u5224\u4f8b\u3084\u57fa\u76e4\u6280\u8853\u306e\u6025\u901f\u306a\u767a\u5c55\u306b\u3088\u308a\u3001\u3053\u306e\u5206\u91ce\u306e\u5de5\u696d\u6240\u6709\u6a29\u306e\u7d4c\u55b6\u6226\u7565\u3092\u6210\u529f\u306b\u5c0e\u304f\u306b\u306f\u3001\u6280\u8853\u7684\u80cc\u666f\u304a\u3088\u3073\u306b\u6cd5\u7684\u8981\u4ef6\u306b\u95a2\u3059\u308b\u77e5\u8b58\u3068\u6709\u52b9\u306b\u6d3b\u7528\u3059\u308b\u3053\u3068\u304c\u5fc5\u8981\u3067\u3059\u3002<\/p><p>\u5f0a\u6240\u306e\u5b9f\u52d9\u5206\u91ce\u306e\u6240\u54e1\u306f\u3001\u3053\u308c\u3089\u306e\u6280\u8853\u306e\u6838\u5fc3\u90e8 (\u30b3\u30a2)\u3068\u306a\u308b\u5206\u91ce\u306b\u3064\u3044\u3066\u3001\u56fd\u5185\u5916\u3092\u5bfe\u8c61\u306b\u5b9a\u671f\u7684\u306b\u8b1b\u6f14\u3092\u884c\u3044\u3001\u6a19\u6e96\u5fc5\u9808\u7279\u8a31\u3001\u30e9\u30a4\u30bb\u30f3\u30b9\u7d1b\u4e89\uff08FRAND\uff09\u3001\u30b3\u30f3\u30d4\u30e5\u30fc\u30bf\u30fc\u5b9f\u88c5\u767a\u660e\u306e\u5b9f\u4f53\u7684\u8981\u4ef6\u306a\u3069\u306e\u91cd\u8981\u306a\u5074\u9762\u306b\u3064\u3044\u3066\u8ad6\u3058\u3066\u3044\u307e\u3059\u3002<\/p>\t\t\t\t\t\t\t\t<\/div>\n\t\t\t\t<\/div>\n\t\t\t\t\t<\/div>\n\t\t<\/div>\n\t\t\t\t\t<\/div>\n\t\t<\/section>\n\t\t\t\t<section data-particle_enable=\"false\" data-particle-mobile-disabled=\"false\" class=\"elementor-section elementor-top-section elementor-element elementor-element-252d3f4 elementor-section-full_width elementor-section-height-default elementor-section-height-default\" data-id=\"252d3f4\" data-element_type=\"section\" data-e-type=\"section\">\n\t\t\t\t\t\t<div class=\"elementor-container elementor-column-gap-default\">\n\t\t\t\t\t<div class=\"elementor-column elementor-col-50 elementor-top-column elementor-element elementor-element-55e4983\" data-id=\"55e4983\" data-element_type=\"column\" data-e-type=\"column\">\n\t\t\t<div class=\"elementor-widget-wrap\">\n\t\t\t\t\t\t\t<\/div>\n\t\t<\/div>\n\t\t\t\t<div class=\"elementor-column elementor-col-50 elementor-top-column elementor-element elementor-element-581591d\" data-id=\"581591d\" data-element_type=\"column\" data-e-type=\"column\">\n\t\t\t<div class=\"elementor-widget-wrap elementor-element-populated\">\n\t\t\t\t\t\t<div class=\"elementor-element elementor-element-a202d31 elementor-widget-divider--view-line elementor-widget elementor-widget-divider\" data-id=\"a202d31\" data-element_type=\"widget\" data-e-type=\"widget\" data-widget_type=\"divider.default\">\n\t\t\t\t<div class=\"elementor-widget-container\">\n\t\t\t\t\t\t\t<div class=\"elementor-divider\">\n\t\t\t<span class=\"elementor-divider-separator\">\n\t\t\t\t\t\t<\/span>\n\t\t<\/div>\n\t\t\t\t\t\t<\/div>\n\t\t\t\t<\/div>\n\t\t\t\t\t<\/div>\n\t\t<\/div>\n\t\t\t\t\t<\/div>\n\t\t<\/section>\n\t\t\t\t<section data-particle_enable=\"false\" data-particle-mobile-disabled=\"false\" class=\"elementor-section elementor-top-section elementor-element elementor-element-2766acc elementor-section-boxed elementor-section-height-default elementor-section-height-default\" data-id=\"2766acc\" data-element_type=\"section\" data-e-type=\"section\">\n\t\t\t\t\t\t<div class=\"elementor-container elementor-column-gap-default\">\n\t\t\t\t\t<div class=\"elementor-column elementor-col-100 elementor-top-column elementor-element elementor-element-30a24fa\" data-id=\"30a24fa\" data-element_type=\"column\" data-e-type=\"column\">\n\t\t\t<div class=\"elementor-widget-wrap elementor-element-populated\">\n\t\t\t\t\t\t<div class=\"elementor-element elementor-element-22ea2b9 elementor-widget elementor-widget-spacer\" data-id=\"22ea2b9\" data-element_type=\"widget\" data-e-type=\"widget\" data-widget_type=\"spacer.default\">\n\t\t\t\t<div class=\"elementor-widget-container\">\n\t\t\t\t\t\t\t<div class=\"elementor-spacer\">\n\t\t\t<div class=\"elementor-spacer-inner\"><\/div>\n\t\t<\/div>\n\t\t\t\t\t\t<\/div>\n\t\t\t\t<\/div>\n\t\t\t\t<div class=\"elementor-element elementor-element-96de4c2 elementor-widget__width-initial elementor-widget elementor-widget-image\" data-id=\"96de4c2\" data-element_type=\"widget\" data-e-type=\"widget\" data-widget_type=\"image.default\">\n\t\t\t\t<div class=\"elementor-widget-container\">\n\t\t\t\t\t\t\t\t\t\t\t\t\t\t\t<img decoding=\"async\" width=\"400\" height=\"500\" src=\"https:\/\/schoenpartner.de\/wp-content\/uploads\/2022\/05\/DiplIng.UlrichNeymeyr.jpg\" class=\"attachment-large size-large wp-image-5385\" alt=\"\" srcset=\"https:\/\/schoenpartner.de\/wp-content\/uploads\/2022\/05\/DiplIng.UlrichNeymeyr.jpg 400w, https:\/\/schoenpartner.de\/wp-content\/uploads\/2022\/05\/DiplIng.UlrichNeymeyr-240x300.jpg 240w\" sizes=\"(max-width: 400px) 100vw, 400px\" \/>\t\t\t\t\t\t\t\t\t\t\t\t\t\t\t<\/div>\n\t\t\t\t<\/div>\n\t\t\t\t<div class=\"elementor-element elementor-element-b93df91 elementor-widget__width-initial elementor-widget elementor-widget-image\" data-id=\"b93df91\" data-element_type=\"widget\" data-e-type=\"widget\" data-widget_type=\"image.default\">\n\t\t\t\t<div class=\"elementor-widget-container\">\n\t\t\t\t\t\t\t\t\t\t\t\t\t\t\t<img loading=\"lazy\" decoding=\"async\" width=\"800\" height=\"1000\" src=\"https:\/\/schoenpartner.de\/wp-content\/uploads\/2023\/04\/Hilmar_Grimm-819x1024.jpg\" class=\"attachment-large size-large wp-image-6490\" alt=\"\" srcset=\"https:\/\/schoenpartner.de\/wp-content\/uploads\/2023\/04\/Hilmar_Grimm-819x1024.jpg 819w, https:\/\/schoenpartner.de\/wp-content\/uploads\/2023\/04\/Hilmar_Grimm-240x300.jpg 240w, https:\/\/schoenpartner.de\/wp-content\/uploads\/2023\/04\/Hilmar_Grimm-768x960.jpg 768w, https:\/\/schoenpartner.de\/wp-content\/uploads\/2023\/04\/Hilmar_Grimm-10x12.jpg 10w, https:\/\/schoenpartner.de\/wp-content\/uploads\/2023\/04\/Hilmar_Grimm.jpg 1080w\" sizes=\"(max-width: 800px) 100vw, 800px\" \/>\t\t\t\t\t\t\t\t\t\t\t\t\t\t\t<\/div>\n\t\t\t\t<\/div>\n\t\t\t\t<div class=\"elementor-element elementor-element-23567d8 elementor-widget__width-initial elementor-widget elementor-widget-text-editor\" data-id=\"23567d8\" data-element_type=\"widget\" data-e-type=\"widget\" data-widget_type=\"text-editor.default\">\n\t\t\t\t<div class=\"elementor-widget-container\">\n\t\t\t\t\t\t\t\t\t<h6 style=\"line-height: 1.5;\">Your contact<\/h6><h5 style=\"line-height: 1;\">Ulrich Neymeyr<br \/>Hilmar Grimm<\/h5><p><a href=\"mailto:mail@schoen-partner.de\">mail@schoen-partner.de<\/a><\/p>\t\t\t\t\t\t\t\t<\/div>\n\t\t\t\t<\/div>\n\t\t\t\t\t<\/div>\n\t\t<\/div>\n\t\t\t\t\t<\/div>\n\t\t<\/section>\n\t\t\t\t<section data-particle_enable=\"false\" data-particle-mobile-disabled=\"false\" class=\"elementor-section elementor-top-section elementor-element elementor-element-938d16f elementor-section-full_width elementor-section-height-default elementor-section-height-default\" data-id=\"938d16f\" data-element_type=\"section\" data-e-type=\"section\" data-settings=\"{&quot;background_background&quot;:&quot;classic&quot;}\">\n\t\t\t\t\t\t<div class=\"elementor-container elementor-column-gap-default\">\n\t\t\t\t\t<div class=\"elementor-column elementor-col-50 elementor-top-column elementor-element elementor-element-87a4698\" data-id=\"87a4698\" data-element_type=\"column\" data-e-type=\"column\" data-settings=\"{&quot;background_background&quot;:&quot;classic&quot;}\">\n\t\t\t<div class=\"elementor-widget-wrap elementor-element-populated\">\n\t\t\t\t\t\t<div class=\"elementor-element elementor-element-325a66f elementor-widget__width-auto elementor-view-default elementor-widget elementor-widget-icon\" data-id=\"325a66f\" data-element_type=\"widget\" data-e-type=\"widget\" data-widget_type=\"icon.default\">\n\t\t\t\t<div class=\"elementor-widget-container\">\n\t\t\t\t\t\t\t<div class=\"elementor-icon-wrapper\">\n\t\t\t<a class=\"elementor-icon\" href=\"mailto:mail@schoen-partner.de\">\n\t\t\t<i aria-hidden=\"true\" class=\"fas fa-envelope-open\"><\/i>\t\t\t<\/a>\n\t\t<\/div>\n\t\t\t\t\t\t<\/div>\n\t\t\t\t<\/div>\n\t\t\t\t<div class=\"elementor-element elementor-element-3e8e595 elementor-align-left elementor-widget__width-auto elementor-widget elementor-widget-button\" data-id=\"3e8e595\" data-element_type=\"widget\" data-e-type=\"widget\" data-widget_type=\"button.default\">\n\t\t\t\t<div class=\"elementor-widget-container\">\n\t\t\t\t\t\t\t\t\t<div class=\"elementor-button-wrapper\">\n\t\t\t\t\t<a class=\"elementor-button elementor-button-link elementor-size-sm\" href=\"\/ja\/contact\/\">\n\t\t\t\t\t\t<span class=\"elementor-button-content-wrapper\">\n\t\t\t\t\t\t\t\t\t<span class=\"elementor-button-text\">\u304a\u554f\u5408\u305b\u3084\u3054\u76f8\u8ac7\u7b49\u3054\u3056\u3044\u307e\u3057\u305f\u3089\u3001\u304a\u6c17\u8efd\u306b\u3054\u9023\u7d61\u304f\u3060\u3055\u3044\u3002<\/span>\n\t\t\t\t\t<\/span>\n\t\t\t\t\t<\/a>\n\t\t\t\t<\/div>\n\t\t\t\t\t\t\t\t<\/div>\n\t\t\t\t<\/div>\n\t\t\t\t\t<\/div>\n\t\t<\/div>\n\t\t\t\t<div class=\"elementor-column elementor-col-50 elementor-top-column elementor-element elementor-element-987bb01\" data-id=\"987bb01\" data-element_type=\"column\" data-e-type=\"column\">\n\t\t\t<div class=\"elementor-widget-wrap elementor-element-populated\">\n\t\t\t\t\t\t<div class=\"elementor-element elementor-element-7ff6d8e elementor-widget__width-inherit elementor-widget-divider--view-line elementor-widget elementor-widget-divider\" data-id=\"7ff6d8e\" data-element_type=\"widget\" data-e-type=\"widget\" data-widget_type=\"divider.default\">\n\t\t\t\t<div class=\"elementor-widget-container\">\n\t\t\t\t\t\t\t<div class=\"elementor-divider\">\n\t\t\t<span class=\"elementor-divider-separator\">\n\t\t\t\t\t\t<\/span>\n\t\t<\/div>\n\t\t\t\t\t\t<\/div>\n\t\t\t\t<\/div>\n\t\t\t\t\t<\/div>\n\t\t<\/div>\n\t\t\t\t\t<\/div>\n\t\t<\/section>\n\t\t\t\t<\/div>","protected":false},"excerpt":{"rendered":"<p>Software &amp; Elektro&shy;technik. Der enorme technologische Fortschritt in den Bereichen der Telekommunikationstechnologie, der Halbleitertechnologie sowie der Softwareentwicklung hatte in den vergangenen Jahren in den verschiedensten Rechtssystemen weltweit erhebliche Auswirkungen auf die gesetzlichen Bestimmungen des materiellen Patentrechts. Nicht selten z\u00e4hlen inzwischen Unternehmen aus diesen Bereichen zu denjenigen mit den meisten neuen Patentanmeldungen pro Jahr. Aufgrund der schnellen Entwicklung der Rechtsprechung und der zugrunde liegenden Technologie erfordert die erfolgreiche Handhabung gewerblicher Schutzrechte auf diesem Gebiet eine besondere Expertise des technologischen Backgrounds sowie die kontinuierliche Kenntnis und Anwendung der rechtlichen Vorgaben. Die Mitglieder dieses Praxisbereichs unserer Kanzlei halten hierzu regelm\u00e4\u00dfig Vortr\u00e4ge vor nationalem und internationalem Publikum \u00fcber Kernbereiche dieser Technologien, und diskutieren dabei [&hellip;]<\/p>","protected":false},"author":1,"featured_media":0,"parent":1989,"menu_order":0,"comment_status":"closed","ping_status":"closed","template":"","meta":{"footnotes":""},"class_list":["post-902","page","type-page","status-publish","hentry"],"_links":{"self":[{"href":"https:\/\/schoenpartner.de\/ja\/wp-json\/wp\/v2\/pages\/902","targetHints":{"allow":["GET"]}}],"collection":[{"href":"https:\/\/schoenpartner.de\/ja\/wp-json\/wp\/v2\/pages"}],"about":[{"href":"https:\/\/schoenpartner.de\/ja\/wp-json\/wp\/v2\/types\/page"}],"author":[{"embeddable":true,"href":"https:\/\/schoenpartner.de\/ja\/wp-json\/wp\/v2\/users\/1"}],"replies":[{"embeddable":true,"href":"https:\/\/schoenpartner.de\/ja\/wp-json\/wp\/v2\/comments?post=902"}],"version-history":[{"count":0,"href":"https:\/\/schoenpartner.de\/ja\/wp-json\/wp\/v2\/pages\/902\/revisions"}],"up":[{"embeddable":true,"href":"https:\/\/schoenpartner.de\/ja\/wp-json\/wp\/v2\/pages\/1989"}],"wp:attachment":[{"href":"https:\/\/schoenpartner.de\/ja\/wp-json\/wp\/v2\/media?parent=902"}],"curies":[{"name":"wp","href":"https:\/\/api.w.org\/{rel}","templated":true}]}}