{"id":898,"date":"2021-10-26T09:52:11","date_gmt":"2021-10-26T09:52:11","guid":{"rendered":"https:\/\/schoenpartner.de\/?page_id=898"},"modified":"2022-09-07T12:24:02","modified_gmt":"2022-09-07T12:24:02","slug":"lifesciences","status":"publish","type":"page","link":"https:\/\/schoenpartner.de\/ja\/field-of-activities\/lifesciences\/","title":{"rendered":"\u30e9\u30a4\u30d5\u30b5\u30a4\u30a8\u30f3\u30b9"},"content":{"rendered":"<div data-elementor-type=\"wp-page\" data-elementor-id=\"898\" class=\"elementor elementor-898\" data-elementor-post-type=\"page\">\n\t\t\t\t\t\t<section data-particle_enable=\"false\" data-particle-mobile-disabled=\"false\" class=\"elementor-section elementor-top-section elementor-element elementor-element-cf2fb86 elementor-section-height-min-height elementor-section-items-bottom elementor-section-boxed elementor-section-height-default\" data-id=\"cf2fb86\" data-element_type=\"section\" data-e-type=\"section\" data-settings=\"{&quot;background_background&quot;:&quot;classic&quot;}\">\n\t\t\t\t\t\t\t<div class=\"elementor-background-overlay\"><\/div>\n\t\t\t\t\t\t\t<div class=\"elementor-container elementor-column-gap-default\">\n\t\t\t\t\t<div class=\"elementor-column elementor-col-100 elementor-top-column elementor-element elementor-element-769ff76\" data-id=\"769ff76\" data-element_type=\"column\" data-e-type=\"column\">\n\t\t\t<div class=\"elementor-widget-wrap elementor-element-populated\">\n\t\t\t\t\t\t<div class=\"elementor-element elementor-element-d283d05 elementor-widget__width-auto elementor-widget elementor-widget-heading\" data-id=\"d283d05\" data-element_type=\"widget\" data-e-type=\"widget\" data-widget_type=\"heading.default\">\n\t\t\t\t<div class=\"elementor-widget-container\">\n\t\t\t\t\t<h1 class=\"elementor-heading-title elementor-size-default\">\u30e9\u30a4\u30d5\u30b5\u30a4\u30a8\u30f3\u30b9<\/h1>\t\t\t\t<\/div>\n\t\t\t\t<\/div>\n\t\t\t\t<div class=\"elementor-element elementor-element-4f51266 elementor-view-default elementor-widget elementor-widget-icon\" data-id=\"4f51266\" data-element_type=\"widget\" data-e-type=\"widget\" data-widget_type=\"icon.default\">\n\t\t\t\t<div class=\"elementor-widget-container\">\n\t\t\t\t\t\t\t<div class=\"elementor-icon-wrapper\">\n\t\t\t<a class=\"elementor-icon\" href=\"#life\">\n\t\t\t<svg xmlns=\"http:\/\/www.w3.org\/2000\/svg\" id=\"Ebene_1\" data-name=\"Ebene 1\" viewbox=\"0 0 223.55273 120.96777\"><polygon points=\"214.36 0 111.776 102.583 9.192 0 0 9.192 111.776 120.968 223.553 9.192 214.36 0\"><\/polygon><\/svg>\t\t\t<\/a>\n\t\t<\/div>\n\t\t\t\t\t\t<\/div>\n\t\t\t\t<\/div>\n\t\t\t\t\t<\/div>\n\t\t<\/div>\n\t\t\t\t\t<\/div>\n\t\t<\/section>\n\t\t\t\t<section data-particle_enable=\"false\" data-particle-mobile-disabled=\"false\" class=\"elementor-section elementor-top-section elementor-element elementor-element-936a579 elementor-section-boxed elementor-section-height-default elementor-section-height-default\" data-id=\"936a579\" data-element_type=\"section\" data-e-type=\"section\" data-settings=\"{&quot;background_background&quot;:&quot;classic&quot;}\">\n\t\t\t\t\t\t<div class=\"elementor-container elementor-column-gap-default\">\n\t\t\t\t\t<div class=\"elementor-column elementor-col-100 elementor-top-column elementor-element elementor-element-b096423\" data-id=\"b096423\" data-element_type=\"column\" data-e-type=\"column\">\n\t\t\t<div class=\"elementor-widget-wrap elementor-element-populated\">\n\t\t\t\t\t\t<div class=\"elementor-element elementor-element-f2a250d elementor-view-default elementor-widget elementor-widget-icon\" data-id=\"f2a250d\" data-element_type=\"widget\" data-e-type=\"widget\" data-widget_type=\"icon.default\">\n\t\t\t\t<div class=\"elementor-widget-container\">\n\t\t\t\t\t\t\t<div class=\"elementor-icon-wrapper\">\n\t\t\t<div class=\"elementor-icon\">\n\t\t\t<i aria-hidden=\"true\" class=\"fas fa-circle\"><\/i>\t\t\t<\/div>\n\t\t<\/div>\n\t\t\t\t\t\t<\/div>\n\t\t\t\t<\/div>\n\t\t\t\t\t<\/div>\n\t\t<\/div>\n\t\t\t\t\t<\/div>\n\t\t<\/section>\n\t\t\t\t<section data-particle_enable=\"false\" data-particle-mobile-disabled=\"false\" class=\"elementor-section elementor-top-section elementor-element elementor-element-437a336 elementor-section-boxed elementor-section-height-default elementor-section-height-default\" data-id=\"437a336\" data-element_type=\"section\" data-e-type=\"section\" id=\"life\" data-settings=\"{&quot;background_background&quot;:&quot;classic&quot;}\">\n\t\t\t\t\t\t<div class=\"elementor-container elementor-column-gap-default\">\n\t\t\t\t\t<div class=\"elementor-column elementor-col-50 elementor-top-column elementor-element elementor-element-71e272c\" data-id=\"71e272c\" data-element_type=\"column\" data-e-type=\"column\">\n\t\t\t<div class=\"elementor-widget-wrap elementor-element-populated\">\n\t\t\t\t\t\t<div class=\"elementor-element elementor-element-a4f62c6 elementor-widget elementor-widget-image\" data-id=\"a4f62c6\" data-element_type=\"widget\" data-e-type=\"widget\" data-widget_type=\"image.default\">\n\t\t\t\t<div class=\"elementor-widget-container\">\n\t\t\t\t\t\t\t\t\t\t\t\t\t\t\t<img fetchpriority=\"high\" decoding=\"async\" width=\"800\" height=\"800\" src=\"https:\/\/schoenpartner.de\/wp-content\/uploads\/2022\/03\/SchoenUndPartner_Icon_LifeScience2.svg\" class=\"attachment-large size-large wp-image-4269\" alt=\"\" srcset=\"https:\/\/schoenpartner.de\/wp-content\/uploads\/SchoenUndPartner_Icon_LifeScience2.svg 150w, https:\/\/schoenpartner.de\/wp-content\/uploads\/SchoenUndPartner_Icon_LifeScience2.svg 300w, https:\/\/schoenpartner.de\/wp-content\/uploads\/SchoenUndPartner_Icon_LifeScience2.svg 1024w\" sizes=\"(max-width: 800px) 100vw, 800px\" \/>\t\t\t\t\t\t\t\t\t\t\t\t\t\t\t<\/div>\n\t\t\t\t<\/div>\n\t\t\t\t\t<\/div>\n\t\t<\/div>\n\t\t\t\t<div class=\"elementor-column elementor-col-50 elementor-top-column elementor-element elementor-element-9712874\" data-id=\"9712874\" data-element_type=\"column\" data-e-type=\"column\">\n\t\t\t<div class=\"elementor-widget-wrap elementor-element-populated\">\n\t\t\t\t\t\t<div class=\"elementor-element elementor-element-ba759bd elementor-widget__width-initial elementor-widget elementor-widget-text-editor\" data-id=\"ba759bd\" data-element_type=\"widget\" data-e-type=\"widget\" data-widget_type=\"text-editor.default\">\n\t\t\t\t<div class=\"elementor-widget-container\">\n\t\t\t\t\t\t\t\t\t<p>\u8fd1\u5e74\u3001\u751f\u7269\u79d1\u5b66\u3084\u30e9\u30a4\u30d5\u30b5\u30a4\u30a8\u30f3\u30b9\u5206\u91ce\u307b\u3069\u6025\u901f\u306b\u767a\u5c55\u3057\u3066\u3044\u308b\u5206\u91ce\u306f\u3042\u308a\u307e\u305b\u3093\u3002\u7279\u306b\u3001\u500b\u5225\u5316\u533b\u7642\u306e\u5fc5\u8981\u6027\u304c\u9ad8\u307e\u3063\u3066\u3044\u308b\u305f\u3081\u3001\u6700\u8fd1\u3053\u306e\u5206\u91ce\u306e\u65b0\u3057\u3044\u767a\u660e\u3084\u958b\u767a\u304c\u975e\u5e38\u306b\u5897\u3048\u3066\u3044\u307e\u3059\u3002\u3057\u304b\u3057\u3001\u512a\u308c\u305f\u79d1\u5b66\u7684\u767a\u660e\u306f\u5bfe\u5fdc\u3059\u308b\u77e5\u7684\u8ca1\u7523\u6a29\u3092\u53d6\u5f97\u3057\u305f\u5834\u5408\u306b\u306e\u307f\u3001\u671b\u307e\u3057\u3044\u7d4c\u6e08\u7684\u30fb\u5546\u696d\u7684\u6210\u529f\u3092\u53ce\u3081\u308b\u3053\u3068\u304c\u3067\u304d\u307e\u3059\u3002\u3053\u308c\u306b\u3088\u308a\u3001\u8ca9\u58f2\u5e02\u5834\u306b\u304a\u3051\u308b\u8cb4\u793e\u306e\u512a\u8d8a\u7684\u5730\u4f4d\u304c\u4fdd\u8a3c\u3055\u308c\u307e\u3059\u3002<\/p>\t\t\t\t\t\t\t\t<\/div>\n\t\t\t\t<\/div>\n\t\t\t\t\t<\/div>\n\t\t<\/div>\n\t\t\t\t\t<\/div>\n\t\t<\/section>\n\t\t\t\t<section data-particle_enable=\"false\" data-particle-mobile-disabled=\"false\" class=\"elementor-section elementor-top-section elementor-element elementor-element-ccf5c06 elementor-section-boxed elementor-section-height-default elementor-section-height-default\" data-id=\"ccf5c06\" data-element_type=\"section\" data-e-type=\"section\" data-settings=\"{&quot;background_background&quot;:&quot;classic&quot;}\">\n\t\t\t\t\t\t\t<div class=\"elementor-background-overlay\"><\/div>\n\t\t\t\t\t\t\t<div class=\"elementor-container elementor-column-gap-default\">\n\t\t\t\t\t<div class=\"elementor-column elementor-col-100 elementor-top-column elementor-element elementor-element-d6d1474\" data-id=\"d6d1474\" data-element_type=\"column\" data-e-type=\"column\">\n\t\t\t<div class=\"elementor-widget-wrap elementor-element-populated\">\n\t\t\t\t\t\t<div class=\"elementor-element elementor-element-c45be7b elementor-widget__width-initial elementor-widget-divider--view-line elementor-widget elementor-widget-divider\" data-id=\"c45be7b\" data-element_type=\"widget\" data-e-type=\"widget\" data-widget_type=\"divider.default\">\n\t\t\t\t<div class=\"elementor-widget-container\">\n\t\t\t\t\t\t\t<div class=\"elementor-divider\">\n\t\t\t<span class=\"elementor-divider-separator\">\n\t\t\t\t\t\t<\/span>\n\t\t<\/div>\n\t\t\t\t\t\t<\/div>\n\t\t\t\t<\/div>\n\t\t\t\t\t<\/div>\n\t\t<\/div>\n\t\t\t\t\t<\/div>\n\t\t<\/section>\n\t\t\t\t<section data-particle_enable=\"false\" data-particle-mobile-disabled=\"false\" class=\"elementor-section elementor-top-section elementor-element elementor-element-7d93701 elementor-section-full_width elementor-section-height-default elementor-section-height-default\" data-id=\"7d93701\" data-element_type=\"section\" data-e-type=\"section\">\n\t\t\t\t\t\t<div class=\"elementor-container elementor-column-gap-default\">\n\t\t\t\t\t<div class=\"elementor-column elementor-col-50 elementor-top-column elementor-element elementor-element-c5f5bed\" data-id=\"c5f5bed\" data-element_type=\"column\" data-e-type=\"column\">\n\t\t\t<div class=\"elementor-widget-wrap elementor-element-populated\">\n\t\t\t\t\t\t<div class=\"elementor-element elementor-element-2a47caa elementor-widget elementor-widget-image\" data-id=\"2a47caa\" data-element_type=\"widget\" data-e-type=\"widget\" data-widget_type=\"image.default\">\n\t\t\t\t<div class=\"elementor-widget-container\">\n\t\t\t\t\t\t\t\t\t\t\t\t\t\t\t<img decoding=\"async\" width=\"800\" height=\"416\" src=\"https:\/\/schoenpartner.de\/wp-content\/uploads\/2022\/02\/chuttersnap-UmncJq4KPcA-unsplash_web2-1024x533.jpg\" class=\"attachment-large size-large wp-image-4147\" alt=\"\" srcset=\"https:\/\/schoenpartner.de\/wp-content\/uploads\/2022\/02\/chuttersnap-UmncJq4KPcA-unsplash_web2-1024x533.jpg 1024w, https:\/\/schoenpartner.de\/wp-content\/uploads\/2022\/02\/chuttersnap-UmncJq4KPcA-unsplash_web2-300x156.jpg 300w, https:\/\/schoenpartner.de\/wp-content\/uploads\/2022\/02\/chuttersnap-UmncJq4KPcA-unsplash_web2-768x400.jpg 768w, https:\/\/schoenpartner.de\/wp-content\/uploads\/2022\/02\/chuttersnap-UmncJq4KPcA-unsplash_web2.jpg 1498w\" sizes=\"(max-width: 800px) 100vw, 800px\" \/>\t\t\t\t\t\t\t\t\t\t\t\t\t\t\t<\/div>\n\t\t\t\t<\/div>\n\t\t\t\t\t<\/div>\n\t\t<\/div>\n\t\t\t\t<div class=\"elementor-column elementor-col-50 elementor-top-column elementor-element elementor-element-20d5ee0\" data-id=\"20d5ee0\" data-element_type=\"column\" data-e-type=\"column\">\n\t\t\t<div class=\"elementor-widget-wrap\">\n\t\t\t\t\t\t\t<\/div>\n\t\t<\/div>\n\t\t\t\t\t<\/div>\n\t\t<\/section>\n\t\t\t\t<section data-particle_enable=\"false\" data-particle-mobile-disabled=\"false\" class=\"elementor-section elementor-top-section elementor-element elementor-element-f8a6de7 elementor-section-boxed elementor-section-height-default elementor-section-height-default\" data-id=\"f8a6de7\" data-element_type=\"section\" data-e-type=\"section\" data-settings=\"{&quot;background_background&quot;:&quot;classic&quot;}\">\n\t\t\t\t\t\t<div class=\"elementor-container elementor-column-gap-default\">\n\t\t\t\t\t<div class=\"elementor-column elementor-col-100 elementor-top-column elementor-element elementor-element-b2955a1\" data-id=\"b2955a1\" data-element_type=\"column\" data-e-type=\"column\">\n\t\t\t<div class=\"elementor-widget-wrap elementor-element-populated\">\n\t\t\t\t\t\t<div class=\"elementor-element elementor-element-3f03745 elementor-widget elementor-widget-text-editor\" data-id=\"3f03745\" data-element_type=\"widget\" data-e-type=\"widget\" data-widget_type=\"text-editor.default\">\n\t\t\t\t<div class=\"elementor-widget-container\">\n\t\t\t\t\t\t\t\t\t<p>\u30e9\u30a4\u30d5\u30b5\u30a4\u30a8\u30f3\u30b9\u306e\u3042\u3089\u3086\u308b\u5206\u91ce\u3067\u8457\u540d\u306a\u5c02\u9580\u5bb6\uff08\u5316\u5b66\u8005\u3001\u533b\u5e2b\u3001\u751f\u7269\u5b66\u8005\u3001\u751f\u5316\u5b66\u8005\u3001\u6bd2\u7269\u5b66\u8005\uff09\u304b\u3089\u306a\u308b\u7d4c\u9a13\u8c4a\u5bcc\u306a\u30c1\u30fc\u30e0\u306f\u3001\u9577\u5e74\u306b\u308f\u305f\u308a\u3001\u30b9\u30bf\u30fc\u30c8\u30a2\u30c3\u30d7\u4f01\u696d\u304b\u3089\u591a\u56fd\u7c4d\u88fd\u85ac\u4f1a\u793e\u307e\u3067\u3001\u3042\u3089\u3086\u308b\u898f\u6a21\u306e\u4f01\u696d\u306e\u30b0\u30ed\u30fc\u30d0\u30eb\u306eIP\u30dd\u30fc\u30c8\u30d5\u30a9\u30ea\u30aa\u3092\u5f37\u5316\u3057\u3001\u30b5\u30dd\u30fc\u30c8\u3057\u3066\u3044\u307e\u3059\u3002<\/p><p>\u8fd1\u5e74\u3001\u7279\u306b\u3053\u306e\u5206\u91ce\u3067\u5f0a\u6240\u304c\u7d99\u7d9a\u7684\u306b\u5927\u304d\u306a\u6210\u9577\u3092\u9042\u3052\u3066\u3044\u308b\u3053\u3068\u306f\u3001\u4ed5\u4e8b\u306e\u8cea\u3092\u9ad8\u3081\u3001\u9ad8\u3044\u6210\u679c\u3092\u4e0a\u3052\u3066\u3044\u307e\u3059\u3002\n\u30c9\u30a4\u30c4\u7279\u8a31\u5546\u6a19\u5e81\u3001\u6b27\u5dde\u7279\u8a31\u5e81\u3001\u30c9\u30a4\u30c4\u9023\u90a6\u7279\u8a31\u88c1\u5224\u6240\u304a\u3088\u3073\u9023\u90a6\u53f8\u6cd5\u88c1\u5224\u6240\u306e\u7121\u52b9\u5be9\u5224\u90e8\u306b\u304a\u3051\u308b\u7570\u8b70\u7533\u7acb\u3066\u304a\u3088\u3073\u7121\u52b9\u8a34\u8a1f\u306e\u4ee3\u7406\u4eba\u3092\u52d9\u3081\u308b\u3053\u3068\u306f\u3001\u7d99\u7d9a\u7684\u306a\u304a\u5ba2\u69d8\u306e\u4fe1\u983c\u95a2\u4fc2\u3092\u69cb\u7bc9\u3057\u3001\u975e\u5e38\u306b\u91cd\u8981\u306a\u77e5\u7684\u8ca1\u7523\u6a29\u3084\u65e2\u5b58\u7279\u8a31\u3078\u306e\u4fb5\u5bb3\u884c\u70ba\u306b\u5bfe\u3057\u3001\u304a\u5ba2\u69d8\u306b\u826f\u3044\u7d50\u679c\u3092\u3082\u305f\u3089\u3057\u3066\u3044\u307e\u3059\u3002<\/p>\t\t\t\t\t\t\t\t<\/div>\n\t\t\t\t<\/div>\n\t\t\t\t\t<\/div>\n\t\t<\/div>\n\t\t\t\t\t<\/div>\n\t\t<\/section>\n\t\t\t\t<section data-particle_enable=\"false\" data-particle-mobile-disabled=\"false\" class=\"elementor-section elementor-top-section elementor-element elementor-element-ab0658b elementor-section-full_width elementor-section-height-default elementor-section-height-default\" data-id=\"ab0658b\" data-element_type=\"section\" data-e-type=\"section\">\n\t\t\t\t\t\t<div class=\"elementor-container elementor-column-gap-default\">\n\t\t\t\t\t<div class=\"elementor-column elementor-col-50 elementor-top-column elementor-element elementor-element-6b088dc\" data-id=\"6b088dc\" data-element_type=\"column\" data-e-type=\"column\">\n\t\t\t<div class=\"elementor-widget-wrap\">\n\t\t\t\t\t\t\t<\/div>\n\t\t<\/div>\n\t\t\t\t<div class=\"elementor-column elementor-col-50 elementor-top-column elementor-element elementor-element-57c0679\" data-id=\"57c0679\" data-element_type=\"column\" data-e-type=\"column\">\n\t\t\t<div class=\"elementor-widget-wrap elementor-element-populated\">\n\t\t\t\t\t\t<div class=\"elementor-element elementor-element-37cbc8d elementor-widget-divider--view-line elementor-widget elementor-widget-divider\" data-id=\"37cbc8d\" data-element_type=\"widget\" data-e-type=\"widget\" data-widget_type=\"divider.default\">\n\t\t\t\t<div class=\"elementor-widget-container\">\n\t\t\t\t\t\t\t<div class=\"elementor-divider\">\n\t\t\t<span class=\"elementor-divider-separator\">\n\t\t\t\t\t\t<\/span>\n\t\t<\/div>\n\t\t\t\t\t\t<\/div>\n\t\t\t\t<\/div>\n\t\t\t\t\t<\/div>\n\t\t<\/div>\n\t\t\t\t\t<\/div>\n\t\t<\/section>\n\t\t\t\t<section data-particle_enable=\"false\" data-particle-mobile-disabled=\"false\" class=\"elementor-section elementor-top-section elementor-element elementor-element-5f51281 elementor-section-boxed elementor-section-height-default elementor-section-height-default\" data-id=\"5f51281\" data-element_type=\"section\" data-e-type=\"section\">\n\t\t\t\t\t\t<div class=\"elementor-container elementor-column-gap-default\">\n\t\t\t\t\t<div class=\"elementor-column elementor-col-100 elementor-top-column elementor-element elementor-element-8aa5d8f\" data-id=\"8aa5d8f\" data-element_type=\"column\" data-e-type=\"column\">\n\t\t\t<div class=\"elementor-widget-wrap elementor-element-populated\">\n\t\t\t\t\t\t<div class=\"elementor-element elementor-element-1f12186 elementor-widget elementor-widget-spacer\" data-id=\"1f12186\" data-element_type=\"widget\" data-e-type=\"widget\" data-widget_type=\"spacer.default\">\n\t\t\t\t<div class=\"elementor-widget-container\">\n\t\t\t\t\t\t\t<div class=\"elementor-spacer\">\n\t\t\t<div class=\"elementor-spacer-inner\"><\/div>\n\t\t<\/div>\n\t\t\t\t\t\t<\/div>\n\t\t\t\t<\/div>\n\t\t\t\t<div class=\"elementor-element elementor-element-12f4439 elementor-widget__width-initial elementor-widget elementor-widget-image\" data-id=\"12f4439\" data-element_type=\"widget\" data-e-type=\"widget\" data-widget_type=\"image.default\">\n\t\t\t\t<div class=\"elementor-widget-container\">\n\t\t\t\t\t\t\t\t\t\t\t\t\t\t\t<img decoding=\"async\" width=\"400\" height=\"500\" src=\"https:\/\/schoenpartner.de\/wp-content\/uploads\/2022\/05\/Dr.ChristophSchoen.jpg\" class=\"attachment-large size-large wp-image-5383\" alt=\"\" srcset=\"https:\/\/schoenpartner.de\/wp-content\/uploads\/2022\/05\/Dr.ChristophSchoen.jpg 400w, https:\/\/schoenpartner.de\/wp-content\/uploads\/2022\/05\/Dr.ChristophSchoen-240x300.jpg 240w\" sizes=\"(max-width: 400px) 100vw, 400px\" \/>\t\t\t\t\t\t\t\t\t\t\t\t\t\t\t<\/div>\n\t\t\t\t<\/div>\n\t\t\t\t<div class=\"elementor-element elementor-element-a154176 elementor-widget__width-initial elementor-widget elementor-widget-image\" data-id=\"a154176\" data-element_type=\"widget\" data-e-type=\"widget\" data-widget_type=\"image.default\">\n\t\t\t\t<div class=\"elementor-widget-container\">\n\t\t\t\t\t\t\t\t\t\t\t\t\t\t\t<img loading=\"lazy\" decoding=\"async\" width=\"400\" height=\"500\" src=\"https:\/\/schoenpartner.de\/wp-content\/uploads\/2022\/05\/Dr.SandraRichter.jpg\" class=\"attachment-large size-large wp-image-5393\" alt=\"\" srcset=\"https:\/\/schoenpartner.de\/wp-content\/uploads\/2022\/05\/Dr.SandraRichter.jpg 400w, https:\/\/schoenpartner.de\/wp-content\/uploads\/2022\/05\/Dr.SandraRichter-240x300.jpg 240w\" sizes=\"(max-width: 400px) 100vw, 400px\" \/>\t\t\t\t\t\t\t\t\t\t\t\t\t\t\t<\/div>\n\t\t\t\t<\/div>\n\t\t\t\t<div class=\"elementor-element elementor-element-c09aaff elementor-widget__width-initial elementor-widget elementor-widget-text-editor\" data-id=\"c09aaff\" data-element_type=\"widget\" data-e-type=\"widget\" data-widget_type=\"text-editor.default\">\n\t\t\t\t<div class=\"elementor-widget-container\">\n\t\t\t\t\t\t\t\t\t<h6 style=\"line-height: 1.5;\">Your contact<\/h6><h5 style=\"line-height: 1;\">Dr. Christoph Sch\u00f6n<br \/>Dr. Sandra Richter<\/h5><p><a href=\"mailto:mail@schoen-partner.com\">mail@schoen-partner.com<\/a><\/p>\t\t\t\t\t\t\t\t<\/div>\n\t\t\t\t<\/div>\n\t\t\t\t\t<\/div>\n\t\t<\/div>\n\t\t\t\t\t<\/div>\n\t\t<\/section>\n\t\t\t\t<section data-particle_enable=\"false\" data-particle-mobile-disabled=\"false\" class=\"elementor-section elementor-top-section elementor-element elementor-element-5e11de8 elementor-section-full_width elementor-section-height-default elementor-section-height-default\" data-id=\"5e11de8\" data-element_type=\"section\" data-e-type=\"section\" data-settings=\"{&quot;background_background&quot;:&quot;classic&quot;}\">\n\t\t\t\t\t\t<div class=\"elementor-container elementor-column-gap-default\">\n\t\t\t\t\t<div class=\"elementor-column elementor-col-50 elementor-top-column elementor-element elementor-element-f7f1a1e\" data-id=\"f7f1a1e\" data-element_type=\"column\" data-e-type=\"column\" data-settings=\"{&quot;background_background&quot;:&quot;classic&quot;}\">\n\t\t\t<div class=\"elementor-widget-wrap elementor-element-populated\">\n\t\t\t\t\t\t<div class=\"elementor-element elementor-element-35b0029 elementor-widget__width-auto elementor-view-default elementor-widget elementor-widget-icon\" data-id=\"35b0029\" data-element_type=\"widget\" data-e-type=\"widget\" data-widget_type=\"icon.default\">\n\t\t\t\t<div class=\"elementor-widget-container\">\n\t\t\t\t\t\t\t<div class=\"elementor-icon-wrapper\">\n\t\t\t<a class=\"elementor-icon\" href=\"mailto:mail@schoen-partner.de\">\n\t\t\t<i aria-hidden=\"true\" class=\"fas fa-envelope-open\"><\/i>\t\t\t<\/a>\n\t\t<\/div>\n\t\t\t\t\t\t<\/div>\n\t\t\t\t<\/div>\n\t\t\t\t<div class=\"elementor-element elementor-element-1b5f3cb elementor-align-left elementor-widget__width-auto elementor-widget elementor-widget-button\" data-id=\"1b5f3cb\" data-element_type=\"widget\" data-e-type=\"widget\" data-widget_type=\"button.default\">\n\t\t\t\t<div class=\"elementor-widget-container\">\n\t\t\t\t\t\t\t\t\t<div class=\"elementor-button-wrapper\">\n\t\t\t\t\t<a class=\"elementor-button elementor-button-link elementor-size-sm\" href=\"\/ja\/contact\/\">\n\t\t\t\t\t\t<span class=\"elementor-button-content-wrapper\">\n\t\t\t\t\t\t\t\t\t<span class=\"elementor-button-text\">\u304a\u554f\u5408\u305b\u3084\u3054\u76f8\u8ac7\u7b49\u3054\u3056\u3044\u307e\u3057\u305f\u3089\u3001\u304a\u6c17\u8efd\u306b\u3054\u9023\u7d61\u304f\u3060\u3055\u3044\u3002<\/span>\n\t\t\t\t\t<\/span>\n\t\t\t\t\t<\/a>\n\t\t\t\t<\/div>\n\t\t\t\t\t\t\t\t<\/div>\n\t\t\t\t<\/div>\n\t\t\t\t\t<\/div>\n\t\t<\/div>\n\t\t\t\t<div class=\"elementor-column elementor-col-50 elementor-top-column elementor-element elementor-element-1d08c8c\" data-id=\"1d08c8c\" data-element_type=\"column\" data-e-type=\"column\">\n\t\t\t<div class=\"elementor-widget-wrap elementor-element-populated\">\n\t\t\t\t\t\t<div class=\"elementor-element elementor-element-5aac13c elementor-widget__width-inherit elementor-widget-divider--view-line elementor-widget elementor-widget-divider\" data-id=\"5aac13c\" data-element_type=\"widget\" data-e-type=\"widget\" data-widget_type=\"divider.default\">\n\t\t\t\t<div class=\"elementor-widget-container\">\n\t\t\t\t\t\t\t<div class=\"elementor-divider\">\n\t\t\t<span class=\"elementor-divider-separator\">\n\t\t\t\t\t\t<\/span>\n\t\t<\/div>\n\t\t\t\t\t\t<\/div>\n\t\t\t\t<\/div>\n\t\t\t\t\t<\/div>\n\t\t<\/div>\n\t\t\t\t\t<\/div>\n\t\t<\/section>\n\t\t\t\t<\/div>","protected":false},"excerpt":{"rendered":"<p>Life Sciences. Kaum ein anderer Bereich hat sich in den vergangenen Jahren so schnell entwickelt, wie der Bereich der Biowissenschaften oder Life Sciences. Nicht zuletzt hat die wachsende Bedeutung der personalisierten Medizin in den vergangenen Jahren zu einer erheblichen Zunahme neuer Erfindungen und Entwicklungen in diesem Bereich beigetragen. Jedoch kann eine herausragende wissenschaftliche Erfindung nur dann den gew\u00fcnschten wirtschaftlichen und kommerziellen Erfolg erm\u00f6glichen, wenn ein entsprechendes Schutzrecht erlangt wird, welches die exklusive Stellung ihres Unternehmens in den Absatzm\u00e4rkten sicherstellt. Das erfahrene Team unserer Kanzlei, bestehend aus renommierten Experten in allen Bereichen der Biowissenschaften (Chemikern, \u00c4rzten, Biologen, Biochemikern und Toxikologen) unterst\u00fctzt seit vielen Jahren erfolgreich Unternehmen aller Gr\u00f6\u00dfen -vom Start-up bis [&hellip;]<\/p>","protected":false},"author":1,"featured_media":0,"parent":1989,"menu_order":0,"comment_status":"closed","ping_status":"closed","template":"","meta":{"footnotes":""},"class_list":["post-898","page","type-page","status-publish","hentry"],"_links":{"self":[{"href":"https:\/\/schoenpartner.de\/ja\/wp-json\/wp\/v2\/pages\/898","targetHints":{"allow":["GET"]}}],"collection":[{"href":"https:\/\/schoenpartner.de\/ja\/wp-json\/wp\/v2\/pages"}],"about":[{"href":"https:\/\/schoenpartner.de\/ja\/wp-json\/wp\/v2\/types\/page"}],"author":[{"embeddable":true,"href":"https:\/\/schoenpartner.de\/ja\/wp-json\/wp\/v2\/users\/1"}],"replies":[{"embeddable":true,"href":"https:\/\/schoenpartner.de\/ja\/wp-json\/wp\/v2\/comments?post=898"}],"version-history":[{"count":0,"href":"https:\/\/schoenpartner.de\/ja\/wp-json\/wp\/v2\/pages\/898\/revisions"}],"up":[{"embeddable":true,"href":"https:\/\/schoenpartner.de\/ja\/wp-json\/wp\/v2\/pages\/1989"}],"wp:attachment":[{"href":"https:\/\/schoenpartner.de\/ja\/wp-json\/wp\/v2\/media?parent=898"}],"curies":[{"name":"wp","href":"https:\/\/api.w.org\/{rel}","templated":true}]}}