{"id":896,"date":"2021-10-26T09:48:03","date_gmt":"2021-10-26T09:48:03","guid":{"rendered":"https:\/\/schoenpartner.de\/?page_id=896"},"modified":"2022-09-07T12:27:06","modified_gmt":"2022-09-07T12:27:06","slug":"career","status":"publish","type":"page","link":"https:\/\/schoenpartner.de\/ja\/team\/career\/","title":{"rendered":"Career"},"content":{"rendered":"<div data-elementor-type=\"wp-page\" data-elementor-id=\"896\" class=\"elementor elementor-896\" data-elementor-post-type=\"page\">\n\t\t\t\t\t\t<section data-particle_enable=\"false\" data-particle-mobile-disabled=\"false\" class=\"elementor-section elementor-top-section elementor-element elementor-element-9b8d806 elementor-section-height-min-height elementor-section-items-bottom elementor-section-boxed elementor-section-height-default\" data-id=\"9b8d806\" data-element_type=\"section\" data-e-type=\"section\" data-settings=\"{&quot;background_background&quot;:&quot;classic&quot;}\">\n\t\t\t\t\t\t\t<div class=\"elementor-background-overlay\"><\/div>\n\t\t\t\t\t\t\t<div class=\"elementor-container elementor-column-gap-default\">\n\t\t\t\t\t<div class=\"elementor-column elementor-col-100 elementor-top-column elementor-element elementor-element-abaa07e\" data-id=\"abaa07e\" data-element_type=\"column\" data-e-type=\"column\">\n\t\t\t<div class=\"elementor-widget-wrap elementor-element-populated\">\n\t\t\t\t\t\t<div class=\"elementor-element elementor-element-40ce180 elementor-widget elementor-widget-heading\" data-id=\"40ce180\" data-element_type=\"widget\" data-e-type=\"widget\" data-widget_type=\"heading.default\">\n\t\t\t\t<div class=\"elementor-widget-container\">\n\t\t\t\t\t<h1 class=\"elementor-heading-title elementor-size-default\">Career.<\/h1>\t\t\t\t<\/div>\n\t\t\t\t<\/div>\n\t\t\t\t<div class=\"elementor-element elementor-element-a728395 elementor-view-default elementor-widget elementor-widget-icon\" data-id=\"a728395\" data-element_type=\"widget\" data-e-type=\"widget\" data-widget_type=\"icon.default\">\n\t\t\t\t<div class=\"elementor-widget-container\">\n\t\t\t\t\t\t\t<div class=\"elementor-icon-wrapper\">\n\t\t\t<a class=\"elementor-icon\" href=\"#karriere\">\n\t\t\t<svg xmlns=\"http:\/\/www.w3.org\/2000\/svg\" id=\"Ebene_1\" data-name=\"Ebene 1\" viewbox=\"0 0 223.55273 120.96777\"><polygon points=\"214.36 0 111.776 102.583 9.192 0 0 9.192 111.776 120.968 223.553 9.192 214.36 0\"><\/polygon><\/svg>\t\t\t<\/a>\n\t\t<\/div>\n\t\t\t\t\t\t<\/div>\n\t\t\t\t<\/div>\n\t\t\t\t\t<\/div>\n\t\t<\/div>\n\t\t\t\t\t<\/div>\n\t\t<\/section>\n\t\t\t\t<section data-particle_enable=\"false\" data-particle-mobile-disabled=\"false\" class=\"elementor-section elementor-top-section elementor-element elementor-element-7ff57a5 elementor-section-boxed elementor-section-height-default elementor-section-height-default\" data-id=\"7ff57a5\" data-element_type=\"section\" data-e-type=\"section\" id=\"karriere\" data-settings=\"{&quot;background_background&quot;:&quot;classic&quot;}\">\n\t\t\t\t\t\t<div class=\"elementor-container elementor-column-gap-default\">\n\t\t\t\t\t<div class=\"elementor-column elementor-col-100 elementor-top-column elementor-element elementor-element-3f07351\" data-id=\"3f07351\" data-element_type=\"column\" data-e-type=\"column\">\n\t\t\t<div class=\"elementor-widget-wrap elementor-element-populated\">\n\t\t\t\t\t\t<div class=\"elementor-element elementor-element-17ed3db elementor-widget elementor-widget-heading\" data-id=\"17ed3db\" data-element_type=\"widget\" data-e-type=\"widget\" data-widget_type=\"heading.default\">\n\t\t\t\t<div class=\"elementor-widget-container\">\n\t\t\t\t\t<h5 class=\"elementor-heading-title elementor-size-default\">Our well-established IP Firm advises innovative companies in the field of intellectual property. We have a widely diverse international client base so that the English language dominates in daily work.<\/h5>\t\t\t\t<\/div>\n\t\t\t\t<\/div>\n\t\t\t\t\t<\/div>\n\t\t<\/div>\n\t\t\t\t\t<\/div>\n\t\t<\/section>\n\t\t\t\t<section data-particle_enable=\"false\" data-particle-mobile-disabled=\"false\" class=\"elementor-section elementor-top-section elementor-element elementor-element-b64df52 elementor-hidden-desktop elementor-hidden-tablet elementor-hidden-mobile elementor-section-boxed elementor-section-height-default elementor-section-height-default\" data-id=\"b64df52\" data-element_type=\"section\" data-e-type=\"section\" data-settings=\"{&quot;background_background&quot;:&quot;classic&quot;}\">\n\t\t\t\t\t\t<div class=\"elementor-container elementor-column-gap-default\">\n\t\t\t\t\t<div class=\"elementor-column elementor-col-100 elementor-top-column elementor-element elementor-element-61e3127\" data-id=\"61e3127\" data-element_type=\"column\" data-e-type=\"column\">\n\t\t\t<div class=\"elementor-widget-wrap elementor-element-populated\">\n\t\t\t\t\t\t<div class=\"elementor-element elementor-element-4f7d53f elementor-widget elementor-widget-heading\" data-id=\"4f7d53f\" data-element_type=\"widget\" data-e-type=\"widget\" data-widget_type=\"heading.default\">\n\t\t\t\t<div class=\"elementor-widget-container\">\n\t\t\t\t\t<h6 class=\"elementor-heading-title elementor-size-default\">Current vacancies<\/h6>\t\t\t\t<\/div>\n\t\t\t\t<\/div>\n\t\t\t\t\t<\/div>\n\t\t<\/div>\n\t\t\t\t\t<\/div>\n\t\t<\/section>\n\t\t\t\t<section data-particle_enable=\"false\" data-particle-mobile-disabled=\"false\" class=\"elementor-section elementor-top-section elementor-element elementor-element-ffcbe3c elementor-hidden-desktop elementor-hidden-tablet elementor-hidden-mobile elementor-section-boxed elementor-section-height-default elementor-section-height-default\" data-id=\"ffcbe3c\" data-element_type=\"section\" data-e-type=\"section\" data-settings=\"{&quot;background_background&quot;:&quot;classic&quot;}\">\n\t\t\t\t\t\t<div class=\"elementor-container elementor-column-gap-default\">\n\t\t\t\t\t<div class=\"elementor-column elementor-col-100 elementor-top-column elementor-element elementor-element-685c7c8\" data-id=\"685c7c8\" data-element_type=\"column\" data-e-type=\"column\">\n\t\t\t<div class=\"elementor-widget-wrap elementor-element-populated\">\n\t\t\t\t\t\t<div class=\"elementor-element elementor-element-55e5666 elementor-widget__width-initial elementor-widget elementor-widget-heading\" data-id=\"55e5666\" data-element_type=\"widget\" data-e-type=\"widget\" data-widget_type=\"heading.default\">\n\t\t\t\t<div class=\"elementor-widget-container\">\n\t\t\t\t\t<div class=\"elementor-heading-title elementor-size-default\">Auszubildende(n) zur\/ zum Paten&shy;t\u00adanwalts\u00ad&shy;fach\u00ad&shy;angestellte(n) (w\/m\/d)<\/div>\t\t\t\t<\/div>\n\t\t\t\t<\/div>\n\t\t\t\t\t<\/div>\n\t\t<\/div>\n\t\t\t\t\t<\/div>\n\t\t<\/section>\n\t\t\t\t<section data-particle_enable=\"false\" data-particle-mobile-disabled=\"false\" class=\"elementor-section elementor-top-section elementor-element elementor-element-75834f0 elementor-section-boxed elementor-section-height-default elementor-section-height-default\" data-id=\"75834f0\" data-element_type=\"section\" data-e-type=\"section\">\n\t\t\t\t\t\t<div class=\"elementor-container elementor-column-gap-default\">\n\t\t\t\t\t<div class=\"elementor-column elementor-col-100 elementor-top-column elementor-element elementor-element-80a0124\" data-id=\"80a0124\" data-element_type=\"column\" data-e-type=\"column\">\n\t\t\t<div class=\"elementor-widget-wrap elementor-element-populated\">\n\t\t\t\t\t\t<div class=\"elementor-element elementor-element-4c5becb elementor-widget__width-auto elementor-absolute elementor-hidden-tablet elementor-hidden-mobile elementor-view-default elementor-widget elementor-widget-icon\" data-id=\"4c5becb\" data-element_type=\"widget\" data-e-type=\"widget\" data-settings=\"{&quot;_position&quot;:&quot;absolute&quot;}\" data-widget_type=\"icon.default\">\n\t\t\t\t<div class=\"elementor-widget-container\">\n\t\t\t\t\t\t\t<div class=\"elementor-icon-wrapper\">\n\t\t\t<div class=\"elementor-icon\">\n\t\t\t<i aria-hidden=\"true\" class=\"fas fa-circle\"><\/i>\t\t\t<\/div>\n\t\t<\/div>\n\t\t\t\t\t\t<\/div>\n\t\t\t\t<\/div>\n\t\t\t\t<div class=\"elementor-element elementor-element-d3440ac elementor-widget elementor-widget-text-editor\" data-id=\"d3440ac\" data-element_type=\"widget\" data-e-type=\"widget\" data-widget_type=\"text-editor.default\">\n\t\t\t\t<div class=\"elementor-widget-container\">\n\t\t\t\t\t\t\t\t\t<p>For our Office in Munich, we should like to employ a colleague in the following profession at the earliest possible date <strong>in M\u00fcnchen<\/strong> m\u00f6chten wir zum n\u00e4chstm\u00f6glichen Eintrittstermin eine(n) Mitarbeiter f\u00fcr folgenden Bereich einstellen&#8230;<\/p>\t\t\t\t\t\t\t\t<\/div>\n\t\t\t\t<\/div>\n\t\t\t\t<div class=\"elementor-element elementor-element-7c5a041 elementor-widget elementor-widget-heading\" data-id=\"7c5a041\" data-element_type=\"widget\" data-e-type=\"widget\" data-widget_type=\"heading.default\">\n\t\t\t\t<div class=\"elementor-widget-container\">\n\t\t\t\t\t<h3 class=\"elementor-heading-title elementor-size-default\">Auszubil&shy;dende(n) zur\/zum Patent&shy;anwaltfach&shy;angestellte(n) (w\/m\/d)<\/h3>\t\t\t\t<\/div>\n\t\t\t\t<\/div>\n\t\t\t\t<div class=\"elementor-element elementor-element-658f741 elementor-widget-divider--view-line elementor-widget elementor-widget-divider\" data-id=\"658f741\" data-element_type=\"widget\" data-e-type=\"widget\" data-widget_type=\"divider.default\">\n\t\t\t\t<div class=\"elementor-widget-container\">\n\t\t\t\t\t\t\t<div class=\"elementor-divider\">\n\t\t\t<span class=\"elementor-divider-separator\">\n\t\t\t\t\t\t<\/span>\n\t\t<\/div>\n\t\t\t\t\t\t<\/div>\n\t\t\t\t<\/div>\n\t\t\t\t\t<\/div>\n\t\t<\/div>\n\t\t\t\t\t<\/div>\n\t\t<\/section>\n\t\t\t\t<section data-particle_enable=\"false\" data-particle-mobile-disabled=\"false\" class=\"elementor-section elementor-top-section elementor-element elementor-element-bea9ec7 elementor-section-boxed elementor-section-height-default elementor-section-height-default\" data-id=\"bea9ec7\" data-element_type=\"section\" data-e-type=\"section\">\n\t\t\t\t\t\t<div class=\"elementor-container elementor-column-gap-default\">\n\t\t\t\t\t<div class=\"elementor-column elementor-col-50 elementor-top-column elementor-element elementor-element-e32e49c\" data-id=\"e32e49c\" data-element_type=\"column\" data-e-type=\"column\">\n\t\t\t<div class=\"elementor-widget-wrap elementor-element-populated\">\n\t\t\t\t\t\t<div class=\"elementor-element elementor-element-582b945 elementor-widget elementor-widget-heading\" data-id=\"582b945\" data-element_type=\"widget\" data-e-type=\"widget\" data-widget_type=\"heading.default\">\n\t\t\t\t<div class=\"elementor-widget-container\">\n\t\t\t\t\t<h5 class=\"elementor-heading-title elementor-size-default\">Ihre Ausbildung<\/h5>\t\t\t\t<\/div>\n\t\t\t\t<\/div>\n\t\t\t\t<div class=\"elementor-element elementor-element-1175131 elementor-widget elementor-widget-text-editor\" data-id=\"1175131\" data-element_type=\"widget\" data-e-type=\"widget\" data-widget_type=\"text-editor.default\">\n\t\t\t\t<div class=\"elementor-widget-container\">\n\t\t\t\t\t\t\t\t\t<p>Die Ausbildung zur\/zum Patentanwaltsfachangestellten (m\/w\/d) in unserer Kanzlei umfasst s\u00e4mtliche Bereiche des gewerblichen Rechtsschutzes. Hierbei werden Sie Einblicke in die Bearbeitung nationaler und internationaler Patent-, Gebrauchsmuster-, Marken- und Designanmeldungen von deren Einreichung bis zur Erteilung erhalten. Des Weiteren werden Sie von unserem jungen und kompetenten Team mit der\u00a0Notierung und \u00dcberwachung der entsprechenden Fristen, die Formalsachbearbeitung von Akten sowie die Korrespondenz mit unseren nationalen und internationalen Mandanten und den zust\u00e4ndigen \u00c4mtern vertraut gemacht.<\/p>\t\t\t\t\t\t\t\t<\/div>\n\t\t\t\t<\/div>\n\t\t\t\t\t<\/div>\n\t\t<\/div>\n\t\t\t\t<div class=\"elementor-column elementor-col-50 elementor-top-column elementor-element elementor-element-09af30e\" data-id=\"09af30e\" data-element_type=\"column\" data-e-type=\"column\">\n\t\t\t<div class=\"elementor-widget-wrap elementor-element-populated\">\n\t\t\t\t\t\t<div class=\"elementor-element elementor-element-7512d55 elementor-widget elementor-widget-heading\" data-id=\"7512d55\" data-element_type=\"widget\" data-e-type=\"widget\" data-widget_type=\"heading.default\">\n\t\t\t\t<div class=\"elementor-widget-container\">\n\t\t\t\t\t<h5 class=\"elementor-heading-title elementor-size-default\">Ihr Profil<\/h5>\t\t\t\t<\/div>\n\t\t\t\t<\/div>\n\t\t\t\t<div class=\"elementor-element elementor-element-00b7d62 elementor-widget elementor-widget-text-editor\" data-id=\"00b7d62\" data-element_type=\"widget\" data-e-type=\"widget\" data-widget_type=\"text-editor.default\">\n\t\t\t\t<div class=\"elementor-widget-container\">\n\t\t\t\t\t\t\t\t\t<ul><li>Sie haben Ihre Schullaufbahn mit Abitur oder Realschulabschluss erfolgreich abgeschlossen.<\/li><li>F\u00fcr die sp\u00e4tere sichere Korrespondenz mit Mandanten und \u00c4mtern sind Ihre Deutschkenntnisse sehr gut und Ihre Englischkenntnisse sehr gut oder gut.<\/li><li>Sie sind bei der Erledigung Ihrer Aufgaben sehr sorgf\u00e4ltig und verantwortungs\u00adbewusst und haben Freude am selbstst\u00e4ndigen Arbeiten, sch\u00e4tzen aber auch das \u201eMiteinander\u201c, also die Zusammenarbeit mit Ihren Kollegen und den Austausch mit unseren erfahrenen Anw\u00e4lten.<\/li><\/ul>\t\t\t\t\t\t\t\t<\/div>\n\t\t\t\t<\/div>\n\t\t\t\t\t<\/div>\n\t\t<\/div>\n\t\t\t\t\t<\/div>\n\t\t<\/section>\n\t\t\t\t<section data-particle_enable=\"false\" data-particle-mobile-disabled=\"false\" class=\"elementor-section elementor-top-section elementor-element elementor-element-51a101c elementor-section-boxed elementor-section-height-default elementor-section-height-default\" data-id=\"51a101c\" data-element_type=\"section\" data-e-type=\"section\">\n\t\t\t\t\t\t<div class=\"elementor-container elementor-column-gap-default\">\n\t\t\t\t\t<div class=\"elementor-column elementor-col-100 elementor-top-column elementor-element elementor-element-420f785\" data-id=\"420f785\" data-element_type=\"column\" data-e-type=\"column\">\n\t\t\t<div class=\"elementor-widget-wrap elementor-element-populated\">\n\t\t\t\t\t\t<div class=\"elementor-element elementor-element-967264d elementor-widget elementor-widget-heading\" data-id=\"967264d\" data-element_type=\"widget\" data-e-type=\"widget\" data-widget_type=\"heading.default\">\n\t\t\t\t<div class=\"elementor-widget-container\">\n\t\t\t\t\t<h5 class=\"elementor-heading-title elementor-size-default\">Was Sie erwartet<\/h5>\t\t\t\t<\/div>\n\t\t\t\t<\/div>\n\t\t\t\t<div class=\"elementor-element elementor-element-f895d72 elementor-widget elementor-widget-text-editor\" data-id=\"f895d72\" data-element_type=\"widget\" data-e-type=\"widget\" data-widget_type=\"text-editor.default\">\n\t\t\t\t<div class=\"elementor-widget-container\">\n\t\t\t\t\t\t\t\t\t<ul><li>Eine umfassende Einarbeitung in alle Gebiete des gewerblichen Rechtsschutzes bietet eine interessante und abwechslungsreiche T\u00e4tigkeit in einem stressfreien und sehr freundlichen Arbeitsumfeld,<\/li><li><em>Eine \u00fcberdurchschnittliche Verg\u00fctung<\/em>,<\/li><li>Ein stets kollegiales und angenehmes Betriebsklima in einem jungen Team,<\/li><li>Ein sicherer Arbeitsplatz in zentrale Lage mit guter verkehrstechnischer Anbindung mittels U-Bahn (Goetheplatz\/Theresienwiese) oder eigenem Fahrzeug (kostenloser Parkausweis),<\/li><\/ul>\t\t\t\t\t\t\t\t<\/div>\n\t\t\t\t<\/div>\n\t\t\t\t<div class=\"elementor-element elementor-element-07529a0 elementor-widget__width-initial elementor-widget elementor-widget-text-editor\" data-id=\"07529a0\" data-element_type=\"widget\" data-e-type=\"widget\" data-widget_type=\"text-editor.default\">\n\t\t\t\t<div class=\"elementor-widget-container\">\n\t\t\t\t\t\t\t\t\t<p>Wir freuen uns \u00fcber Ihre Bewerbung per E-Mail unter Angabe des gew\u00fcnschten Eintrittstermins.<\/p>\t\t\t\t\t\t\t\t<\/div>\n\t\t\t\t<\/div>\n\t\t\t\t<div class=\"elementor-element elementor-element-6fc0cb0 elementor-align-left elementor-widget__width-auto elementor-widget elementor-widget-button\" data-id=\"6fc0cb0\" data-element_type=\"widget\" data-e-type=\"widget\" data-widget_type=\"button.default\">\n\t\t\t\t<div class=\"elementor-widget-container\">\n\t\t\t\t\t\t\t\t\t<div class=\"elementor-button-wrapper\">\n\t\t\t\t\t<a class=\"elementor-button elementor-button-link elementor-size-sm\" href=\"mailto:mail@schoen-partner.de\">\n\t\t\t\t\t\t<span class=\"elementor-button-content-wrapper\">\n\t\t\t\t\t\t\t\t\t<span class=\"elementor-button-text\">&rsaquo; jetzt bewerben<\/span>\n\t\t\t\t\t<\/span>\n\t\t\t\t\t<\/a>\n\t\t\t\t<\/div>\n\t\t\t\t\t\t\t\t<\/div>\n\t\t\t\t<\/div>\n\t\t\t\t<div class=\"elementor-element elementor-element-72b6054 elementor-widget__width-initial elementor-widget-divider--view-line elementor-widget elementor-widget-divider\" data-id=\"72b6054\" data-element_type=\"widget\" data-e-type=\"widget\" data-widget_type=\"divider.default\">\n\t\t\t\t<div class=\"elementor-widget-container\">\n\t\t\t\t\t\t\t<div class=\"elementor-divider\">\n\t\t\t<span class=\"elementor-divider-separator\">\n\t\t\t\t\t\t<\/span>\n\t\t<\/div>\n\t\t\t\t\t\t<\/div>\n\t\t\t\t<\/div>\n\t\t\t\t\t<\/div>\n\t\t<\/div>\n\t\t\t\t\t<\/div>\n\t\t<\/section>\n\t\t\t\t<\/div>","protected":false},"excerpt":{"rendered":"<p>Karriere. Unsere etablierte Patentanwaltskanzlei ber\u00e4t innovative Unternehmen im Bereich des gewerblichen Rechtsschutzes. Wir verf\u00fcgen \u00fcber einen breit&shy;gef\u00e4cherten internationalen Mandantenstamm, so dass in der t\u00e4glichen Arbeit die englische Sprache dominiert. Aktuell offene Stellen Auszubildende(n) zur\/ zum Paten&shy;t\u00adanwalts\u00ad&shy;fach\u00ad&shy;angestellte(n) (w\/m\/d) F\u00fcr unser B\u00fcro in M\u00fcnchen m\u00f6chten wir zum n\u00e4chstm\u00f6glichen Eintrittstermin eine(n) Mitarbeiter f\u00fcr folgenden Bereich einstellen&#8230; Auszubil&shy;dende(n) zur\/zum Patent&shy;anwaltfach&shy;angestellte(n) (w\/m\/d) Ihre Ausbildung Die Ausbildung zur\/zum Patentanwaltsfachangestellten (m\/w\/d) in unserer Kanzlei umfasst s\u00e4mtliche Bereiche des gewerblichen Rechtsschutzes. Hierbei werden Sie Einblicke in die Bearbeitung nationaler und internationaler Patent-, Gebrauchsmuster-, Marken- und Designanmeldungen von deren Einreichung bis zur Erteilung erhalten. Des Weiteren werden Sie von unserem jungen und kompetenten Team mit der\u00a0Notierung und \u00dcberwachung der [&hellip;]<\/p>","protected":false},"author":1,"featured_media":0,"parent":890,"menu_order":0,"comment_status":"closed","ping_status":"closed","template":"","meta":{"footnotes":""},"class_list":["post-896","page","type-page","status-publish","hentry"],"_links":{"self":[{"href":"https:\/\/schoenpartner.de\/ja\/wp-json\/wp\/v2\/pages\/896","targetHints":{"allow":["GET"]}}],"collection":[{"href":"https:\/\/schoenpartner.de\/ja\/wp-json\/wp\/v2\/pages"}],"about":[{"href":"https:\/\/schoenpartner.de\/ja\/wp-json\/wp\/v2\/types\/page"}],"author":[{"embeddable":true,"href":"https:\/\/schoenpartner.de\/ja\/wp-json\/wp\/v2\/users\/1"}],"replies":[{"embeddable":true,"href":"https:\/\/schoenpartner.de\/ja\/wp-json\/wp\/v2\/comments?post=896"}],"version-history":[{"count":0,"href":"https:\/\/schoenpartner.de\/ja\/wp-json\/wp\/v2\/pages\/896\/revisions"}],"up":[{"embeddable":true,"href":"https:\/\/schoenpartner.de\/ja\/wp-json\/wp\/v2\/pages\/890"}],"wp:attachment":[{"href":"https:\/\/schoenpartner.de\/ja\/wp-json\/wp\/v2\/media?parent=896"}],"curies":[{"name":"wp","href":"https:\/\/api.w.org\/{rel}","templated":true}]}}