{"id":5812,"date":"2022-08-31T12:53:05","date_gmt":"2022-08-31T12:53:05","guid":{"rendered":"https:\/\/schoenpartner.de\/impressum\/"},"modified":"2026-02-09T11:57:03","modified_gmt":"2026-02-09T11:57:03","slug":"impressum","status":"publish","type":"page","link":"https:\/\/schoenpartner.de\/ja\/impressum\/","title":{"rendered":"\u30a4\u30f3\u30d7\u30ea\u30f3\u30c8"},"content":{"rendered":"<div data-elementor-type=\"wp-page\" data-elementor-id=\"5812\" class=\"elementor elementor-5812\" data-elementor-post-type=\"page\">\n\t\t\t\t\t\t<section data-particle_enable=\"false\" data-particle-mobile-disabled=\"false\" class=\"elementor-section elementor-top-section elementor-element elementor-element-3afc17b1 elementor-section-boxed elementor-section-height-default elementor-section-height-default\" data-id=\"3afc17b1\" data-element_type=\"section\" data-e-type=\"section\">\n\t\t\t\t\t\t<div class=\"elementor-container elementor-column-gap-default\">\n\t\t\t\t\t<div class=\"elementor-column elementor-col-100 elementor-top-column elementor-element elementor-element-509ad43b\" data-id=\"509ad43b\" data-element_type=\"column\" data-e-type=\"column\">\n\t\t\t<div class=\"elementor-widget-wrap elementor-element-populated\">\n\t\t\t\t\t\t<div class=\"elementor-element elementor-element-9b54f17 elementor-widget elementor-widget-heading\" data-id=\"9b54f17\" data-element_type=\"widget\" data-e-type=\"widget\" data-widget_type=\"heading.default\">\n\t\t\t\t<div class=\"elementor-widget-container\">\n\t\t\t\t\t<h2 class=\"elementor-heading-title elementor-size-default\">\u30a4\u30f3\u30d7\u30ea\u30f3\u30c8<\/h2>\t\t\t\t<\/div>\n\t\t\t\t<\/div>\n\t\t\t\t<div class=\"elementor-element elementor-element-fc30926 elementor-widget elementor-widget-text-editor\" data-id=\"fc30926\" data-element_type=\"widget\" data-e-type=\"widget\" data-widget_type=\"text-editor.default\">\n\t\t\t\t<div class=\"elementor-widget-container\">\n\t\t\t\t\t\t\t\t\t<p><i>This imprint was last updated on Feb. 09, 2026.<\/i><\/p><p class=\"cmplz-subtitle\">The owner of this website is:<\/p><p>Kanzlei Dr. Sch\u00f6n, Neymeyr &amp; Partner Patentanw\u00e4lte mbB<br \/>Bavariaring 26<br \/>D-80336 M\u00fcnchen<br \/>Germany<br \/>Email:\u00a0mail@schoen-partner.de<br \/>Phone number: + 49 (0)89 59 99 76 80<br \/>VAT ID:\u00a0DE275669061<\/p><p class=\"cmplz-subtitle\">The legal representative(s) of Kanzlei Dr. Sch\u00f6n, Neymeyr &amp; Partner Patentanw\u00e4lte mbB:<\/p><p>Dr. Susanne Sch\u00f6n<\/p><h5>1. General<\/h5><p class=\"cmplz-subtitle\">1.1 We display services or products on our website, which require registration with the following professional association:<\/p><p>\u30c9\u30a4\u30c4\u5f01\u7406\u58eb\u5546\u5de5\u4f1a\u8b70\u6240<\/p><p class=\"cmplz-subtitle\">1.2 The profession or the activities displayed on this website require a certain diploma, as stated here:<\/p><p>Patentanwalt, this diploma or job title was awarded in Germany.<\/p><p class=\"cmplz-subtitle\">1.3 The following Professional Rules and Regulations apply to our organization:<\/p><p>Patentanwaltsordnung, Berufsordnung der Patentanw\u00e4lte, FICPI Standesregeln<\/p><p>You can access these rules and regulations here:<br \/>http:\/\/www.patentanwalt.de\/downloads\/pa\/PAK_O.pdf, http:\/\/www.patentanwalt.de\/downloads\/pa\/PAK_BO.pdf, www.ficpi.org\/aboutframe.html,<\/p><p>We are not willing or obliged to participate in dispute resolution procedures before a consumer arbitration board.<\/p><h5>2. The following information is mandatory according to German law.<\/h5><p class=\"cmplz-subtitle\">2.1 Wir stellen journalistische und redaktionell aufbereitete Inhalte zur Verf\u00fcgung.<\/p><p>Daher m\u00fcssen wir den Namen und den Wohnort der Person nennen, die f\u00fcr den Inhalt dieser Website verantwortlich ist:<\/p><p>Verantwortlich f\u00fcr den Inhalt nach \u00a7 18 Abs. 2 MStV ist: Dr. Susanne Sch\u00f6n aus .<\/p><h5>3. Additional information<\/h5><p><b>Marketingagentur<\/b><br \/>Dieses medien\u00fcbergreifende Markenerlebnis wurde durch die\u00a0<a href=\"https:\/\/meinmarketingteam.de\">Marketingagentur MeinMarketingTeam<\/a>\u00a0und dem\u00a0<a href=\"https:\/\/interlink.org\/\">Company Builder Interlink<\/a>\u00a0zum Leben erweckt. Gemeinsam begeistert sie ihre\u00a0 Kunden vor allem durch\u00a0B2B Marketing Strategien.<\/p>\t\t\t\t\t\t\t\t<\/div>\n\t\t\t\t<\/div>\n\t\t\t\t\t<\/div>\n\t\t<\/div>\n\t\t\t\t\t<\/div>\n\t\t<\/section>\n\t\t\t\t<\/div>","protected":false},"excerpt":{"rendered":"<p>Impressum This imprint was last updated on Feb. 09, 2026. The owner of this website is: Kanzlei Dr. Sch\u00f6n, Neymeyr &amp; Partner Patentanw\u00e4lte mbBBavariaring 26D-80336 M\u00fcnchenGermanyEmail:\u00a0mail@schoen-partner.dePhone number: + 49 (0)89 59 99 76 80VAT ID:\u00a0DE275669061 The legal representative(s) of Kanzlei Dr. Sch\u00f6n, Neymeyr &amp; Partner Patentanw\u00e4lte mbB: Dr. Susanne Sch\u00f6n 1. General 1.1 We display services or products on our website, which require registration with the following professional association: Deutsche Patentanwaltskammer 1.2 The profession or the activities displayed on this website require a certain diploma, as stated here: Patentanwalt, this diploma or job title was awarded in Germany. 1.3 The following Professional Rules and Regulations apply to our organization: Patentanwaltsordnung, [&hellip;]<\/p>","protected":false},"author":1,"featured_media":0,"parent":0,"menu_order":0,"comment_status":"closed","ping_status":"closed","template":"","meta":{"footnotes":""},"class_list":["post-5812","page","type-page","status-publish","hentry"],"_links":{"self":[{"href":"https:\/\/schoenpartner.de\/ja\/wp-json\/wp\/v2\/pages\/5812","targetHints":{"allow":["GET"]}}],"collection":[{"href":"https:\/\/schoenpartner.de\/ja\/wp-json\/wp\/v2\/pages"}],"about":[{"href":"https:\/\/schoenpartner.de\/ja\/wp-json\/wp\/v2\/types\/page"}],"author":[{"embeddable":true,"href":"https:\/\/schoenpartner.de\/ja\/wp-json\/wp\/v2\/users\/1"}],"replies":[{"embeddable":true,"href":"https:\/\/schoenpartner.de\/ja\/wp-json\/wp\/v2\/comments?post=5812"}],"version-history":[{"count":0,"href":"https:\/\/schoenpartner.de\/ja\/wp-json\/wp\/v2\/pages\/5812\/revisions"}],"wp:attachment":[{"href":"https:\/\/schoenpartner.de\/ja\/wp-json\/wp\/v2\/media?parent=5812"}],"curies":[{"name":"wp","href":"https:\/\/api.w.org\/{rel}","templated":true}]}}