{"id":3077,"date":"2022-01-18T13:13:42","date_gmt":"2022-01-18T13:13:42","guid":{"rendered":"https:\/\/schoenpartner.de\/?page_id=3077"},"modified":"2023-03-15T09:57:20","modified_gmt":"2023-03-15T09:57:20","slug":"imprint","status":"publish","type":"page","link":"https:\/\/schoenpartner.de\/ja\/imprint\/","title":{"rendered":"\u30a4\u30f3\u30d7\u30ea\u30f3\u30c8"},"content":{"rendered":"<div data-elementor-type=\"wp-page\" data-elementor-id=\"3077\" class=\"elementor elementor-3077\" data-elementor-post-type=\"page\">\n\t\t\t\t\t\t<section data-particle_enable=\"false\" data-particle-mobile-disabled=\"false\" class=\"elementor-section elementor-top-section elementor-element elementor-element-2948184 elementor-section-boxed elementor-section-height-default elementor-section-height-default\" data-id=\"2948184\" data-element_type=\"section\" data-e-type=\"section\">\n\t\t\t\t\t\t<div class=\"elementor-container elementor-column-gap-default\">\n\t\t\t\t\t<div class=\"elementor-column elementor-col-100 elementor-top-column elementor-element elementor-element-11eaeff\" data-id=\"11eaeff\" data-element_type=\"column\" data-e-type=\"column\">\n\t\t\t<div class=\"elementor-widget-wrap elementor-element-populated\">\n\t\t\t\t\t\t<div class=\"elementor-element elementor-element-f7ec636 elementor-widget elementor-widget-heading\" data-id=\"f7ec636\" data-element_type=\"widget\" data-e-type=\"widget\" data-widget_type=\"heading.default\">\n\t\t\t\t<div class=\"elementor-widget-container\">\n\t\t\t\t\t<h2 class=\"elementor-heading-title elementor-size-default\">\u30a4\u30f3\u30d7\u30ea\u30f3\u30c8<\/h2>\t\t\t\t<\/div>\n\t\t\t\t<\/div>\n\t\t\t\t<div class=\"elementor-element elementor-element-5544999 elementor-widget elementor-widget-text-editor\" data-id=\"5544999\" data-element_type=\"widget\" data-e-type=\"widget\" data-widget_type=\"text-editor.default\">\n\t\t\t\t<div class=\"elementor-widget-container\">\n\t\t\t\t\t\t\t\t\t<p><\/p>\n<p>Angaben gem\u00e4\u00df \u00a7 5 TMG<\/p>\n<p><\/p>\n<p>Kanzlei Dr. Sch\u00f6n, Neymeyr &amp; Partner<br \/>Patentanw\u00e4lte mbB<br \/>Bavariaring 26, D-80336 M\u00fcnchen<\/p>\n<p>Registriert beim Amtsgericht M\u00fcnchen: PR1044<\/p>\n<p><\/p>\n<h4 class=\"wp-block-heading\">\u304a\u554f\u3044\u5408\u308f\u305b<\/h4>\n<p><\/p>\n<p>Telefon: + 49 (0)89 59 99 76 80<br \/>Fax: + 49 (0)89 59 99 76 8-10<br \/>E-Mail: mail\uff20schoen-partner.de<br \/>Web: www.schoen-partner.de<\/p>\n<p><\/p>\n<p><\/p>\n<h4 class=\"wp-block-heading\">Markenagentur<\/h4>\n<p><\/p>\n<p>Dieses medien\u00fcbergreifende Markenerlebnis wurde durch die <a href=\"https:\/\/agentur-reri.de\">Marketingagentur AGENTUR-RERI<\/a> und dem <a href=\"https:\/\/interlink.org\">Company Builder Interlink<\/a> zum Leben erweckt. Gemeinsam begeistert sie ihre\u00a0 Kunden vor allem durch <a href=\"https:\/\/agentur-reri.de\/was-ist-b2b-marketing-definition-strategien-und-kanaele\/\">B2B Marketing Strategien<\/a>.\u00a0<\/p>\n<p><\/p>\n<h4 class=\"wp-block-heading\">Angaben gem\u00e4\u00df \u00a720 Abs.1 und Abs.3 BOPA:<\/h4>\n<p><\/p>\n<p>Kanzlei Dr. Sch\u00f6n, Neymeyr &amp; Partner Patentanw\u00e4lte mbB<br \/>Ulrich Neymeyr, Patentanwalt, European Patent Attorney<br \/>Dr. Susanne Sch\u00f6n, Patentanw\u00e4ltin<br \/>Dr. Sandra Richter, Patentanw\u00e4ltin<\/p>\n<p>Bavariaring 26, D-80336 M\u00fcnchen<\/p>\n<p>Zust\u00e4ndige Kammer: Deutsche Patentanwaltskammer<br \/>Verliehen durch: Deutschland<br \/>Es gelten folgende berufsrechtliche Regelungen:\u00a0<\/p>\n<p class=\"bodytext\">Die ma\u00dfgeblichen berufsrechtlichen Vorschriften f\u00fcr die Patentanw\u00e4lte unserer Kanzlei sind:<\/p>\n<ul>\n<li>\n<ul>\n<li>Patentanwaltsordnung (<a href=\"https:\/\/web.archive.org\/web\/20220322121120\/http:\/\/www.patentanwalt.de\/downloads\/pa\/PAK_O.pdf\" target=\"_blank\" rel=\"noopener\">www.patentanwalt.de\/downloads\/pa\/PAK_O.pdf)<\/a><\/li>\n<li>Berufsordnung der Patentanw\u00e4lte (<a href=\"https:\/\/web.archive.org\/web\/20220322121120\/http:\/\/www.patentanwalt.de\/downloads\/pa\/PAK_BO.pdf\" target=\"_blank\" rel=\"noopener\">www.patentanwalt.de\/downloads\/pa\/PAK_BO.pdf)<\/a><\/li>\n<li>FICPI Standesregeln (<a href=\"https:\/\/web.archive.org\/web\/20220322121120\/http:\/\/www.ficpi.org\/aboutframe.html\" target=\"_blank\" rel=\"noopener\">www.ficpi.org\/aboutframe.html<\/a>)<\/li>\n<li>Richtlinien des Instituts der beim Europ\u00e4ischen Patentamt zugelassenen Vertreter f\u00fcr\u00a0die Berufsausbildung (Code of Professional Conduct des epi,\u00a0<a href=\"https:\/\/web.archive.org\/web\/20220322121120\/http:\/\/216.92.57.242\/patentepi\/deutsch\/100\/120\/121\/\" target=\"blank\">http:\/\/216.92.57.242\/patentepi\/deutsch\/100\/120\/121\/<\/a>)<\/li>\n<\/ul>\n<\/li>\n<\/ul>\n<p><\/p>\n<p><\/p>\n<h4 class=\"wp-block-heading\">Umsatzsteuer-ID<\/h4>\n<p><\/p>\n<p>Umsatzsteuer-Identifikationsnummer gem\u00e4\u00df \u00a727 a Umsatzsteuergesetz<br \/>DE 275669061<\/p>\n<p><\/p>\n<p><\/p>\n<h4 class=\"wp-block-heading\">Quellen<\/h4>\n<p><\/p>\n<p>Quellenangaben f\u00fcr die verwendeten Bilder und Grafiken<\/p>\n<p><\/p>\n<p>Interlink Branding<br \/><a href=\"https:\/\/branding.interlink.org\/?utm_source=existingclient&amp;utm_medium=imprint&amp;utm_campaign=imagesource&amp;utm_content=textlink\" target=\"_blank\" rel=\"noreferrer noopener\">https:\/\/branding.interlink.org<\/a><\/p>\n<p><\/p>\n<p><\/p>\n<h4 class=\"wp-block-heading\">Disclaimer<\/h4>\n<p><\/p>\n<h5 class=\"wp-block-heading\">Haftung f\u00fcr Inhalte<\/h5>\n<p><\/p>\n<p>Die Inhalte unserer Seiten wurden mit gr\u00f6\u00dfter Sorgfalt erstellt. F\u00fcr die Richtigkeit, Vollst\u00e4ndigkeit und Aktualit\u00e4t der Inhalte k\u00f6nnen wir jedoch keine Gew\u00e4hr \u00fcbernehmen. Als Diensteanbieter sind wir gem\u00e4\u00df \u00a7 7 Abs.1 TMG f\u00fcr eigene Inhalte auf diesen Seiten nach den allgemeinen Gesetzen verantwortlich. Nach \u00a7\u00a7 8 bis 10 TMG sind wir als Diensteanbieter jedoch nicht verpflichtet, \u00fcbermittelte oder gespeicherte fremde Informationen zu \u00fcberwachen oder nach Umst\u00e4nden zu forschen, die auf eine rechtswidrige T\u00e4tigkeit hinweisen. Verpflichtungen zur Entfernung oder Sperrung der Nutzung von Informationen nach den allgemeinen Gesetzen bleiben hiervon unber\u00fchrt. Eine diesbez\u00fcgliche Haftung ist jedoch erst ab dem Zeitpunkt der Kenntnis einer konkreten Rechtsverletzung m\u00f6glich. Bei Bekanntwerden von entsprechenden Rechtsverletzungen werden wir diese Inhalte umgehend entfernen.<\/p>\n<p><\/p>\n<h5 class=\"wp-block-heading\">Haftung f\u00fcr Links<\/h5>\n<p><\/p>\n<p>Unser Angebot enth\u00e4lt Links zu externen Webseiten Dritter, auf deren Inhalte wir keinen Einfluss haben. Deshalb k\u00f6nnen wir f\u00fcr diese fremden Inhalte auch keine Gew\u00e4hr \u00fcbernehmen. F\u00fcr die Inhalte der verlinkten Seiten ist stets der jeweilige Anbieter oder Betreiber der Seiten verantwortlich. Die verlinkten Seiten wurden zum Zeitpunkt der Verlinkung auf m\u00f6gliche Rechtsverst\u00f6\u00dfe \u00fcberpr\u00fcft. Rechtswidrige Inhalte waren zum Zeitpunkt der Verlinkung nicht erkennbar. Eine permanente inhaltliche Kontrolle der verlinkten Seiten ist jedoch ohne konkrete Anhaltspunkte einer Rechtsverletzung nicht zumutbar. Bei Bekanntwerden von Rechtsverletzungen werden wir derartige Links umgehend entfernen.<\/p>\n<p><\/p>\n<h5 class=\"wp-block-heading\">Urheberrecht<\/h5>\n<p><\/p>\n<p>Die durch die Seitenbetreiber erstellten bzw. verwendeten Inhalte und Werke auf diesen Seiten unterliegen dem deutschen Urheberrecht. Die Vervielf\u00e4ltigung, Bearbeitung, Verbreitung und jede Art der Verwertung au\u00dferhalb der Grenzen des Urheberrechtes bed\u00fcrfen der Zustimmung des jeweiligen Autors bzw. Erstellers. Downloads und Kopien dieser Seite sind nur f\u00fcr den privaten, nicht kommerziellen Gebrauch gestattet. Soweit die Inhalte auf dieser Seite nicht vom Betreiber erstellt wurden, werden die Urheberrechte Dritter beachtet. Insbesondere werden Inhalte Dritter als solche gekennzeichnet. Sollten Sie trotzdem auf eine Urheberrechtsverletzung aufmerksam werden, bitten wir um einen entsprechenden Hinweis. Bei Bekanntwerden von Rechtsverletzungen werden wir derartige Inhalte umgehend entfernen.<\/p>\n<p><\/p>\t\t\t\t\t\t\t\t<\/div>\n\t\t\t\t<\/div>\n\t\t\t\t\t<\/div>\n\t\t<\/div>\n\t\t\t\t\t<\/div>\n\t\t<\/section>\n\t\t\t\t<\/div>","protected":false},"excerpt":{"rendered":"<p>Impressum Angaben gem\u00e4\u00df \u00a7 5 TMG Kanzlei Dr. Sch\u00f6n, Neymeyr &amp; PartnerPatentanw\u00e4lte mbBBavariaring 26, D-80336 M\u00fcnchen Registriert beim Amtsgericht M\u00fcnchen: PR1044 Kontakt Telefon: + 49 (0)89 59 99 76 80Fax: + 49 (0)89 59 99 76 8-10E-Mail: mail\uff20schoen-partner.deWeb: www.schoen-partner.de Markenagentur Dieses medien\u00fcbergreifende Markenerlebnis wurde durch die Marketingagentur AGENTUR-RERI und dem Company Builder Interlink zum Leben erweckt. Gemeinsam begeistert sie ihre\u00a0 Kunden vor allem durch B2B Marketing Strategien.\u00a0 Angaben gem\u00e4\u00df \u00a720 Abs.1 und Abs.3 BOPA: Kanzlei Dr. Sch\u00f6n, Neymeyr &amp; Partner Patentanw\u00e4lte mbBUlrich Neymeyr, Patentanwalt, European Patent AttorneyDr. Susanne Sch\u00f6n, Patentanw\u00e4ltinDr. Sandra Richter, Patentanw\u00e4ltin Bavariaring 26, D-80336 M\u00fcnchen Zust\u00e4ndige Kammer: Deutsche PatentanwaltskammerVerliehen durch: DeutschlandEs gelten folgende berufsrechtliche Regelungen:\u00a0 Die ma\u00dfgeblichen berufsrechtlichen [&hellip;]<\/p>","protected":false},"author":1,"featured_media":0,"parent":0,"menu_order":0,"comment_status":"closed","ping_status":"closed","template":"","meta":{"footnotes":""},"class_list":["post-3077","page","type-page","status-publish","hentry"],"_links":{"self":[{"href":"https:\/\/schoenpartner.de\/ja\/wp-json\/wp\/v2\/pages\/3077","targetHints":{"allow":["GET"]}}],"collection":[{"href":"https:\/\/schoenpartner.de\/ja\/wp-json\/wp\/v2\/pages"}],"about":[{"href":"https:\/\/schoenpartner.de\/ja\/wp-json\/wp\/v2\/types\/page"}],"author":[{"embeddable":true,"href":"https:\/\/schoenpartner.de\/ja\/wp-json\/wp\/v2\/users\/1"}],"replies":[{"embeddable":true,"href":"https:\/\/schoenpartner.de\/ja\/wp-json\/wp\/v2\/comments?post=3077"}],"version-history":[{"count":0,"href":"https:\/\/schoenpartner.de\/ja\/wp-json\/wp\/v2\/pages\/3077\/revisions"}],"wp:attachment":[{"href":"https:\/\/schoenpartner.de\/ja\/wp-json\/wp\/v2\/media?parent=3077"}],"curies":[{"name":"wp","href":"https:\/\/api.w.org\/{rel}","templated":true}]}}