{"id":910,"date":"2021-10-26T09:54:45","date_gmt":"2021-10-26T09:54:45","guid":{"rendered":"https:\/\/schoenpartner.de\/?page_id=910"},"modified":"2022-09-07T12:22:43","modified_gmt":"2022-09-07T12:22:43","slug":"trademarks","status":"publish","type":"page","link":"https:\/\/schoenpartner.de\/en\/areas-of-law\/trademarks\/","title":{"rendered":"Trademark law"},"content":{"rendered":"<div data-elementor-type=\"wp-page\" data-elementor-id=\"910\" class=\"elementor elementor-910\" data-elementor-post-type=\"page\">\n\t\t\t\t\t\t<section data-particle_enable=\"false\" data-particle-mobile-disabled=\"false\" class=\"elementor-section elementor-top-section elementor-element elementor-element-e0f2590 elementor-section-height-min-height elementor-section-items-bottom elementor-section-boxed elementor-section-height-default\" data-id=\"e0f2590\" data-element_type=\"section\" data-e-type=\"section\" data-settings=\"{&quot;background_background&quot;:&quot;classic&quot;}\">\n\t\t\t\t\t\t\t<div class=\"elementor-background-overlay\"><\/div>\n\t\t\t\t\t\t\t<div class=\"elementor-container elementor-column-gap-default\">\n\t\t\t\t\t<div class=\"elementor-column elementor-col-100 elementor-top-column elementor-element elementor-element-775a118\" data-id=\"775a118\" data-element_type=\"column\" data-e-type=\"column\">\n\t\t\t<div class=\"elementor-widget-wrap elementor-element-populated\">\n\t\t\t\t\t\t<div class=\"elementor-element elementor-element-14c274e elementor-widget__width-auto elementor-widget elementor-widget-heading\" data-id=\"14c274e\" data-element_type=\"widget\" data-e-type=\"widget\" data-widget_type=\"heading.default\">\n\t\t\t\t<div class=\"elementor-widget-container\">\n\t\t\t\t\t<h1 class=\"elementor-heading-title elementor-size-default\">Trademark Law.<\/h1>\t\t\t\t<\/div>\n\t\t\t\t<\/div>\n\t\t\t\t<div class=\"elementor-element elementor-element-dfb4fc3 elementor-view-default elementor-widget elementor-widget-icon\" data-id=\"dfb4fc3\" data-element_type=\"widget\" data-e-type=\"widget\" data-widget_type=\"icon.default\">\n\t\t\t\t<div class=\"elementor-widget-container\">\n\t\t\t\t\t\t\t<div class=\"elementor-icon-wrapper\">\n\t\t\t<a class=\"elementor-icon\" href=\"#kennzeichen\">\n\t\t\t<svg xmlns=\"http:\/\/www.w3.org\/2000\/svg\" id=\"Ebene_1\" data-name=\"Ebene 1\" viewbox=\"0 0 223.55273 120.96777\"><polygon points=\"214.36 0 111.776 102.583 9.192 0 0 9.192 111.776 120.968 223.553 9.192 214.36 0\"><\/polygon><\/svg>\t\t\t<\/a>\n\t\t<\/div>\n\t\t\t\t\t\t<\/div>\n\t\t\t\t<\/div>\n\t\t\t\t\t<\/div>\n\t\t<\/div>\n\t\t\t\t\t<\/div>\n\t\t<\/section>\n\t\t\t\t<section data-particle_enable=\"false\" data-particle-mobile-disabled=\"false\" class=\"elementor-section elementor-top-section elementor-element elementor-element-33a1214 elementor-section-boxed elementor-section-height-default elementor-section-height-default\" data-id=\"33a1214\" data-element_type=\"section\" data-e-type=\"section\" data-settings=\"{&quot;background_background&quot;:&quot;classic&quot;}\">\n\t\t\t\t\t\t<div class=\"elementor-container elementor-column-gap-default\">\n\t\t\t\t\t<div class=\"elementor-column elementor-col-100 elementor-top-column elementor-element elementor-element-4ba014d\" data-id=\"4ba014d\" data-element_type=\"column\" data-e-type=\"column\">\n\t\t\t<div class=\"elementor-widget-wrap elementor-element-populated\">\n\t\t\t\t\t\t<div class=\"elementor-element elementor-element-7a6e33f elementor-view-default elementor-widget elementor-widget-icon\" data-id=\"7a6e33f\" data-element_type=\"widget\" data-e-type=\"widget\" data-widget_type=\"icon.default\">\n\t\t\t\t<div class=\"elementor-widget-container\">\n\t\t\t\t\t\t\t<div class=\"elementor-icon-wrapper\">\n\t\t\t<div class=\"elementor-icon\">\n\t\t\t<i aria-hidden=\"true\" class=\"fas fa-circle\"><\/i>\t\t\t<\/div>\n\t\t<\/div>\n\t\t\t\t\t\t<\/div>\n\t\t\t\t<\/div>\n\t\t\t\t\t<\/div>\n\t\t<\/div>\n\t\t\t\t\t<\/div>\n\t\t<\/section>\n\t\t\t\t<section data-particle_enable=\"false\" data-particle-mobile-disabled=\"false\" class=\"elementor-section elementor-top-section elementor-element elementor-element-1e9b878 elementor-section-boxed elementor-section-height-default elementor-section-height-default\" data-id=\"1e9b878\" data-element_type=\"section\" data-e-type=\"section\" id=\"kennzeichen\" data-settings=\"{&quot;background_background&quot;:&quot;classic&quot;}\">\n\t\t\t\t\t\t<div class=\"elementor-container elementor-column-gap-default\">\n\t\t\t\t\t<div class=\"elementor-column elementor-col-100 elementor-top-column elementor-element elementor-element-24ce86f\" data-id=\"24ce86f\" data-element_type=\"column\" data-e-type=\"column\">\n\t\t\t<div class=\"elementor-widget-wrap elementor-element-populated\">\n\t\t\t\t\t\t<div class=\"elementor-element elementor-element-ca5201e elementor-widget__width-initial elementor-widget elementor-widget-text-editor\" data-id=\"ca5201e\" data-element_type=\"widget\" data-e-type=\"widget\" data-widget_type=\"text-editor.default\">\n\t\t\t\t<div class=\"elementor-widget-container\">\n\t\t\t\t\t\t\t\t\t<p>A key sector of intellectual property law is the protection of trademarks and commercial designations, particularly within the framework of trademark law. Here, your trademarks, your company symbols, or your domains can be protected to the effect that only you are entitled to use your registered commercial designations for your company, and your competitors can be excluded therefrom. Our services include support in designing your commercial designation, filing trademark applications and taking action against registered trademarks of your competitors within the scope of trademark opposition and\/or cancellation proceedings.<\/p>\t\t\t\t\t\t\t\t<\/div>\n\t\t\t\t<\/div>\n\t\t\t\t\t<\/div>\n\t\t<\/div>\n\t\t\t\t\t<\/div>\n\t\t<\/section>\n\t\t\t\t<section data-particle_enable=\"false\" data-particle-mobile-disabled=\"false\" class=\"elementor-section elementor-top-section elementor-element elementor-element-6e7cc2d elementor-section-boxed elementor-section-height-default elementor-section-height-default\" data-id=\"6e7cc2d\" data-element_type=\"section\" data-e-type=\"section\" data-settings=\"{&quot;background_background&quot;:&quot;classic&quot;}\">\n\t\t\t\t\t\t\t<div class=\"elementor-background-overlay\"><\/div>\n\t\t\t\t\t\t\t<div class=\"elementor-container elementor-column-gap-default\">\n\t\t\t\t\t<div class=\"elementor-column elementor-col-100 elementor-top-column elementor-element elementor-element-72e68cd\" data-id=\"72e68cd\" data-element_type=\"column\" data-e-type=\"column\">\n\t\t\t<div class=\"elementor-widget-wrap elementor-element-populated\">\n\t\t\t\t\t\t<div class=\"elementor-element elementor-element-7a5df53 elementor-widget__width-initial elementor-widget-divider--view-line elementor-widget elementor-widget-divider\" data-id=\"7a5df53\" data-element_type=\"widget\" data-e-type=\"widget\" data-widget_type=\"divider.default\">\n\t\t\t\t<div class=\"elementor-widget-container\">\n\t\t\t\t\t\t\t<div class=\"elementor-divider\">\n\t\t\t<span class=\"elementor-divider-separator\">\n\t\t\t\t\t\t<\/span>\n\t\t<\/div>\n\t\t\t\t\t\t<\/div>\n\t\t\t\t<\/div>\n\t\t\t\t\t<\/div>\n\t\t<\/div>\n\t\t\t\t\t<\/div>\n\t\t<\/section>\n\t\t\t\t<section data-particle_enable=\"false\" data-particle-mobile-disabled=\"false\" class=\"elementor-section elementor-top-section elementor-element elementor-element-c2c5a99 elementor-section-full_width elementor-section-height-default elementor-section-height-default\" data-id=\"c2c5a99\" data-element_type=\"section\" data-e-type=\"section\">\n\t\t\t\t\t\t<div class=\"elementor-container elementor-column-gap-default\">\n\t\t\t\t\t<div class=\"elementor-column elementor-col-50 elementor-top-column elementor-element elementor-element-484fe2b\" data-id=\"484fe2b\" data-element_type=\"column\" data-e-type=\"column\">\n\t\t\t<div class=\"elementor-widget-wrap elementor-element-populated\">\n\t\t\t\t\t\t<div class=\"elementor-element elementor-element-3919ea6 elementor-widget elementor-widget-image\" data-id=\"3919ea6\" data-element_type=\"widget\" data-e-type=\"widget\" data-widget_type=\"image.default\">\n\t\t\t\t<div class=\"elementor-widget-container\">\n\t\t\t\t\t\t\t\t\t\t\t\t\t\t\t<img fetchpriority=\"high\" decoding=\"async\" width=\"800\" height=\"534\" src=\"https:\/\/schoenpartner.de\/wp-content\/uploads\/2022\/04\/Kennzeichenrecht-1024x683.jpg\" class=\"attachment-large size-large wp-image-5012\" alt=\"\" srcset=\"https:\/\/schoenpartner.de\/wp-content\/uploads\/2022\/04\/Kennzeichenrecht-1024x683.jpg 1024w, https:\/\/schoenpartner.de\/wp-content\/uploads\/2022\/04\/Kennzeichenrecht-300x200.jpg 300w, https:\/\/schoenpartner.de\/wp-content\/uploads\/2022\/04\/Kennzeichenrecht-768x512.jpg 768w, https:\/\/schoenpartner.de\/wp-content\/uploads\/2022\/04\/Kennzeichenrecht-1536x1024.jpg 1536w, https:\/\/schoenpartner.de\/wp-content\/uploads\/2022\/04\/Kennzeichenrecht.jpg 1600w\" sizes=\"(max-width: 800px) 100vw, 800px\" \/>\t\t\t\t\t\t\t\t\t\t\t\t\t\t\t<\/div>\n\t\t\t\t<\/div>\n\t\t\t\t\t<\/div>\n\t\t<\/div>\n\t\t\t\t<div class=\"elementor-column elementor-col-50 elementor-top-column elementor-element elementor-element-555df30\" data-id=\"555df30\" data-element_type=\"column\" data-e-type=\"column\">\n\t\t\t<div class=\"elementor-widget-wrap\">\n\t\t\t\t\t\t\t<\/div>\n\t\t<\/div>\n\t\t\t\t\t<\/div>\n\t\t<\/section>\n\t\t\t\t<section data-particle_enable=\"false\" data-particle-mobile-disabled=\"false\" class=\"elementor-section elementor-top-section elementor-element elementor-element-c852043 elementor-section-boxed elementor-section-height-default elementor-section-height-default\" data-id=\"c852043\" data-element_type=\"section\" data-e-type=\"section\" data-settings=\"{&quot;background_background&quot;:&quot;classic&quot;}\">\n\t\t\t\t\t\t<div class=\"elementor-container elementor-column-gap-default\">\n\t\t\t\t\t<div class=\"elementor-column elementor-col-100 elementor-top-column elementor-element elementor-element-737b0b7\" data-id=\"737b0b7\" data-element_type=\"column\" data-e-type=\"column\">\n\t\t\t<div class=\"elementor-widget-wrap elementor-element-populated\">\n\t\t\t\t\t\t<div class=\"elementor-element elementor-element-c86c01b elementor-widget elementor-widget-toggle\" data-id=\"c86c01b\" data-element_type=\"widget\" data-e-type=\"widget\" data-widget_type=\"toggle.default\">\n\t\t\t\t<div class=\"elementor-widget-container\">\n\t\t\t\t\t\t\t<div class=\"elementor-toggle\">\n\t\t\t\t\t\t\t<div class=\"elementor-toggle-item\">\n\t\t\t\t\t<div id=\"elementor-tab-title-2101\" class=\"elementor-tab-title\" data-tab=\"1\" role=\"button\" aria-controls=\"elementor-tab-content-2101\" aria-expanded=\"false\">\n\t\t\t\t\t\t\t\t\t\t\t\t<span class=\"elementor-toggle-icon elementor-toggle-icon-left\" aria-hidden=\"true\">\n\t\t\t\t\t\t\t\t\t\t\t\t\t\t\t<span class=\"elementor-toggle-icon-closed\"><svg xmlns=\"http:\/\/www.w3.org\/2000\/svg\" id=\"Ebene_1\" data-name=\"Ebene 1\" viewbox=\"0 0 212.32874 212.32874\"><defs><style>      .cls-1 {        fill: #d1b089;      }    <\/style><\/defs><g><rect class=\"cls-1\" x=\"103.66481\" width=\"4.99913\" height=\"212.32874\" transform=\"translate(212.32874 0) rotate(90)\"><\/rect><rect class=\"cls-1\" x=\"103.66481\" width=\"4.99913\" height=\"212.32874\" transform=\"translate(212.32874 212.32874) rotate(180)\"><\/rect><\/g><\/svg><\/span>\n\t\t\t\t\t\t\t\t<span class=\"elementor-toggle-icon-opened\"><svg xmlns=\"http:\/\/www.w3.org\/2000\/svg\" id=\"Ebene_1\" data-name=\"Ebene 1\" viewbox=\"0 0 212.32874 212.32874\"><defs><style>      .cls-1 {        fill: #d1b089;      }    <\/style><\/defs><polygon class=\"cls-1\" points=\"169.105 46.759 165.57 43.224 106.164 102.629 46.758 43.224 43.223 46.759 102.629 106.165 43.223 165.57 46.758 169.106 106.164 109.7 165.57 169.106 169.105 165.57 109.699 106.165 169.105 46.759\"><\/polygon><\/svg><\/span>\n\t\t\t\t\t\t\t\t\t\t\t\t\t<\/span>\n\t\t\t\t\t\t\t\t\t\t\t\t<a class=\"elementor-toggle-title\" tabindex=\"0\">Registration of your trademarks<\/a>\n\t\t\t\t\t<\/div>\n\n\t\t\t\t\t<div id=\"elementor-tab-content-2101\" class=\"elementor-tab-content elementor-clearfix\" data-tab=\"1\" role=\"region\" aria-labelledby=\"elementor-tab-title-2101\"><p>Our Team of Patent Attorneys specialised in commercial designation rights will be glad to advise and support you both in proceedings at the German Patent and Trademark Office and at the EUIPO in Alicante. Apart from assistance in the design of your trademark, we will prepare a catalogue of the goods and\/or services to be protected by the trademark with you so that your sign covers your products and your business activities to the best possible extent. Subsequently, we will accompany you and your application through the registration proceedings up to the registered proprietary right.<\/p><\/div>\n\t\t\t\t<\/div>\n\t\t\t\t\t\t\t\t<\/div>\n\t\t\t\t\t\t<\/div>\n\t\t\t\t<\/div>\n\t\t\t\t\t<\/div>\n\t\t<\/div>\n\t\t\t\t\t<\/div>\n\t\t<\/section>\n\t\t\t\t<section data-particle_enable=\"false\" data-particle-mobile-disabled=\"false\" class=\"elementor-section elementor-top-section elementor-element elementor-element-ce95638 elementor-section-boxed elementor-section-height-default elementor-section-height-default\" data-id=\"ce95638\" data-element_type=\"section\" data-e-type=\"section\" data-settings=\"{&quot;background_background&quot;:&quot;classic&quot;}\">\n\t\t\t\t\t\t<div class=\"elementor-container elementor-column-gap-default\">\n\t\t\t\t\t<div class=\"elementor-column elementor-col-100 elementor-top-column elementor-element elementor-element-ae0ecef\" data-id=\"ae0ecef\" data-element_type=\"column\" data-e-type=\"column\">\n\t\t\t<div class=\"elementor-widget-wrap elementor-element-populated\">\n\t\t\t\t\t\t<div class=\"elementor-element elementor-element-349668f elementor-widget elementor-widget-toggle\" data-id=\"349668f\" data-element_type=\"widget\" data-e-type=\"widget\" data-widget_type=\"toggle.default\">\n\t\t\t\t<div class=\"elementor-widget-container\">\n\t\t\t\t\t\t\t<div class=\"elementor-toggle\">\n\t\t\t\t\t\t\t<div class=\"elementor-toggle-item\">\n\t\t\t\t\t<div id=\"elementor-tab-title-5511\" class=\"elementor-tab-title\" data-tab=\"1\" role=\"button\" aria-controls=\"elementor-tab-content-5511\" aria-expanded=\"false\">\n\t\t\t\t\t\t\t\t\t\t\t\t<span class=\"elementor-toggle-icon elementor-toggle-icon-left\" aria-hidden=\"true\">\n\t\t\t\t\t\t\t\t\t\t\t\t\t\t\t<span class=\"elementor-toggle-icon-closed\"><svg xmlns=\"http:\/\/www.w3.org\/2000\/svg\" id=\"Ebene_1\" data-name=\"Ebene 1\" viewbox=\"0 0 212.32874 212.32874\"><defs><style>      .cls-1 {        fill: #d1b089;      }    <\/style><\/defs><g><rect class=\"cls-1\" x=\"103.66481\" width=\"4.99913\" height=\"212.32874\" transform=\"translate(212.32874 0) rotate(90)\"><\/rect><rect class=\"cls-1\" x=\"103.66481\" width=\"4.99913\" height=\"212.32874\" transform=\"translate(212.32874 212.32874) rotate(180)\"><\/rect><\/g><\/svg><\/span>\n\t\t\t\t\t\t\t\t<span class=\"elementor-toggle-icon-opened\"><svg xmlns=\"http:\/\/www.w3.org\/2000\/svg\" id=\"Ebene_1\" data-name=\"Ebene 1\" viewbox=\"0 0 212.32874 212.32874\"><defs><style>      .cls-1 {        fill: #d1b089;      }    <\/style><\/defs><polygon class=\"cls-1\" points=\"169.105 46.759 165.57 43.224 106.164 102.629 46.758 43.224 43.223 46.759 102.629 106.165 43.223 165.57 46.758 169.106 106.164 109.7 165.57 169.106 169.105 165.57 109.699 106.165 169.105 46.759\"><\/polygon><\/svg><\/span>\n\t\t\t\t\t\t\t\t\t\t\t\t\t<\/span>\n\t\t\t\t\t\t\t\t\t\t\t\t<a class=\"elementor-toggle-title\" tabindex=\"0\">Course of action against trademarks<\/a>\n\t\t\t\t\t<\/div>\n\n\t\t\t\t\t<div id=\"elementor-tab-content-5511\" class=\"elementor-tab-content elementor-clearfix\" data-tab=\"1\" role=\"region\" aria-labelledby=\"elementor-tab-title-5511\"><p>Well-known commercial designations constitute effective identification means of successful companies and are therefore frequently imitated by competitors in an illegal manner. Within an opposition period of three months, the registration of trademarks can be opposed with reference to existing prior rights and\/or absolute grounds for refusing registration. Furthermore, there is the possibility of an action for cancellation against registered commercial designations even after the expiry of this period. A group of our Patent Attorneys is specialised in bilateral proceedings in trademark law and will be by your side with our experience to ensure that your commercial designation will be an exclusive identification mark of your company.<\/p><\/div>\n\t\t\t\t<\/div>\n\t\t\t\t\t\t\t\t<\/div>\n\t\t\t\t\t\t<\/div>\n\t\t\t\t<\/div>\n\t\t\t\t\t<\/div>\n\t\t<\/div>\n\t\t\t\t\t<\/div>\n\t\t<\/section>\n\t\t\t\t<section data-particle_enable=\"false\" data-particle-mobile-disabled=\"false\" class=\"elementor-section elementor-top-section elementor-element elementor-element-6ab2a81 elementor-section-boxed elementor-section-height-default elementor-section-height-default\" data-id=\"6ab2a81\" data-element_type=\"section\" data-e-type=\"section\" data-settings=\"{&quot;background_background&quot;:&quot;classic&quot;}\">\n\t\t\t\t\t\t<div class=\"elementor-container elementor-column-gap-default\">\n\t\t\t\t\t<div class=\"elementor-column elementor-col-100 elementor-top-column elementor-element elementor-element-aed1a9f\" data-id=\"aed1a9f\" data-element_type=\"column\" data-e-type=\"column\">\n\t\t\t<div class=\"elementor-widget-wrap elementor-element-populated\">\n\t\t\t\t\t\t<div class=\"elementor-element elementor-element-5d2147f elementor-widget elementor-widget-toggle\" data-id=\"5d2147f\" data-element_type=\"widget\" data-e-type=\"widget\" data-widget_type=\"toggle.default\">\n\t\t\t\t<div class=\"elementor-widget-container\">\n\t\t\t\t\t\t\t<div class=\"elementor-toggle\">\n\t\t\t\t\t\t\t<div class=\"elementor-toggle-item\">\n\t\t\t\t\t<div id=\"elementor-tab-title-9761\" class=\"elementor-tab-title\" data-tab=\"1\" role=\"button\" aria-controls=\"elementor-tab-content-9761\" aria-expanded=\"false\">\n\t\t\t\t\t\t\t\t\t\t\t\t<span class=\"elementor-toggle-icon elementor-toggle-icon-left\" aria-hidden=\"true\">\n\t\t\t\t\t\t\t\t\t\t\t\t\t\t\t<span class=\"elementor-toggle-icon-closed\"><svg xmlns=\"http:\/\/www.w3.org\/2000\/svg\" id=\"Ebene_1\" data-name=\"Ebene 1\" viewbox=\"0 0 212.32874 212.32874\"><defs><style>      .cls-1 {        fill: #d1b089;      }    <\/style><\/defs><g><rect class=\"cls-1\" x=\"103.66481\" width=\"4.99913\" height=\"212.32874\" transform=\"translate(212.32874 0) rotate(90)\"><\/rect><rect class=\"cls-1\" x=\"103.66481\" width=\"4.99913\" height=\"212.32874\" transform=\"translate(212.32874 212.32874) rotate(180)\"><\/rect><\/g><\/svg><\/span>\n\t\t\t\t\t\t\t\t<span class=\"elementor-toggle-icon-opened\"><svg xmlns=\"http:\/\/www.w3.org\/2000\/svg\" id=\"Ebene_1\" data-name=\"Ebene 1\" viewbox=\"0 0 212.32874 212.32874\"><defs><style>      .cls-1 {        fill: #d1b089;      }    <\/style><\/defs><polygon class=\"cls-1\" points=\"169.105 46.759 165.57 43.224 106.164 102.629 46.758 43.224 43.223 46.759 102.629 106.165 43.223 165.57 46.758 169.106 106.164 109.7 165.57 169.106 169.105 165.57 109.699 106.165 169.105 46.759\"><\/polygon><\/svg><\/span>\n\t\t\t\t\t\t\t\t\t\t\t\t\t<\/span>\n\t\t\t\t\t\t\t\t\t\t\t\t<a class=\"elementor-toggle-title\" tabindex=\"0\">Research services<\/a>\n\t\t\t\t\t<\/div>\n\n\t\t\t\t\t<div id=\"elementor-tab-content-9761\" class=\"elementor-tab-content elementor-clearfix\" data-tab=\"1\" role=\"region\" aria-labelledby=\"elementor-tab-title-9761\"><p>Apart from investigations in the field of patents for identifying the relevant prior art, comprehensive investigations are necessary particularly in the field of labelling law to optimally avoid opposition or adversary proceedings already in advance. Our experienced Team will effectively and quickly perform searches in the field of trademarks for you before filing your trademark applications to present you a comprehensive picture of the existing intellectual property rights, and advise you on the optimum course of action for achieving the best possible protection of your company symbol.<\/p><\/div>\n\t\t\t\t<\/div>\n\t\t\t\t\t\t\t\t<\/div>\n\t\t\t\t\t\t<\/div>\n\t\t\t\t<\/div>\n\t\t\t\t\t<\/div>\n\t\t<\/div>\n\t\t\t\t\t<\/div>\n\t\t<\/section>\n\t\t\t\t<section data-particle_enable=\"false\" data-particle-mobile-disabled=\"false\" class=\"elementor-section elementor-top-section elementor-element elementor-element-faf247e elementor-section-full_width elementor-section-height-default elementor-section-height-default\" data-id=\"faf247e\" data-element_type=\"section\" data-e-type=\"section\">\n\t\t\t\t\t\t<div class=\"elementor-container elementor-column-gap-default\">\n\t\t\t\t\t<div class=\"elementor-column elementor-col-50 elementor-top-column elementor-element elementor-element-b570455\" data-id=\"b570455\" data-element_type=\"column\" data-e-type=\"column\">\n\t\t\t<div class=\"elementor-widget-wrap\">\n\t\t\t\t\t\t\t<\/div>\n\t\t<\/div>\n\t\t\t\t<div class=\"elementor-column elementor-col-50 elementor-top-column elementor-element elementor-element-aa7ce7e\" data-id=\"aa7ce7e\" data-element_type=\"column\" data-e-type=\"column\">\n\t\t\t<div class=\"elementor-widget-wrap elementor-element-populated\">\n\t\t\t\t\t\t<div class=\"elementor-element elementor-element-41d2da1 elementor-widget-divider--view-line elementor-widget elementor-widget-divider\" data-id=\"41d2da1\" data-element_type=\"widget\" data-e-type=\"widget\" data-widget_type=\"divider.default\">\n\t\t\t\t<div class=\"elementor-widget-container\">\n\t\t\t\t\t\t\t<div class=\"elementor-divider\">\n\t\t\t<span class=\"elementor-divider-separator\">\n\t\t\t\t\t\t<\/span>\n\t\t<\/div>\n\t\t\t\t\t\t<\/div>\n\t\t\t\t<\/div>\n\t\t\t\t\t<\/div>\n\t\t<\/div>\n\t\t\t\t\t<\/div>\n\t\t<\/section>\n\t\t\t\t<section data-particle_enable=\"false\" data-particle-mobile-disabled=\"false\" class=\"elementor-section elementor-top-section elementor-element elementor-element-4f56f83 elementor-section-full_width elementor-section-height-default elementor-section-height-default\" data-id=\"4f56f83\" data-element_type=\"section\" data-e-type=\"section\" data-settings=\"{&quot;background_background&quot;:&quot;classic&quot;}\">\n\t\t\t\t\t\t<div class=\"elementor-container elementor-column-gap-default\">\n\t\t\t\t\t<div class=\"elementor-column elementor-col-50 elementor-top-column elementor-element elementor-element-f5ed3f9\" data-id=\"f5ed3f9\" data-element_type=\"column\" data-e-type=\"column\" data-settings=\"{&quot;background_background&quot;:&quot;classic&quot;}\">\n\t\t\t<div class=\"elementor-widget-wrap elementor-element-populated\">\n\t\t\t\t\t\t<div class=\"elementor-element elementor-element-f9c9bd7 elementor-widget__width-auto elementor-view-default elementor-widget elementor-widget-icon\" data-id=\"f9c9bd7\" data-element_type=\"widget\" data-e-type=\"widget\" data-widget_type=\"icon.default\">\n\t\t\t\t<div class=\"elementor-widget-container\">\n\t\t\t\t\t\t\t<div class=\"elementor-icon-wrapper\">\n\t\t\t<a class=\"elementor-icon\" href=\"mailto:trademark@schoen-partner.de\">\n\t\t\t<i aria-hidden=\"true\" class=\"fas fa-envelope-open\"><\/i>\t\t\t<\/a>\n\t\t<\/div>\n\t\t\t\t\t\t<\/div>\n\t\t\t\t<\/div>\n\t\t\t\t<div class=\"elementor-element elementor-element-61f5316 elementor-align-left elementor-widget__width-auto elementor-widget elementor-widget-button\" data-id=\"61f5316\" data-element_type=\"widget\" data-e-type=\"widget\" data-widget_type=\"button.default\">\n\t\t\t\t<div class=\"elementor-widget-container\">\n\t\t\t\t\t\t\t\t\t<div class=\"elementor-button-wrapper\">\n\t\t\t\t\t<a class=\"elementor-button elementor-button-link elementor-size-sm\" href=\"\/en\/contact\/\">\n\t\t\t\t\t\t<span class=\"elementor-button-content-wrapper\">\n\t\t\t\t\t\t\t\t\t<span class=\"elementor-button-text\">Please feel welcome to contact us<\/span>\n\t\t\t\t\t<\/span>\n\t\t\t\t\t<\/a>\n\t\t\t\t<\/div>\n\t\t\t\t\t\t\t\t<\/div>\n\t\t\t\t<\/div>\n\t\t\t\t\t<\/div>\n\t\t<\/div>\n\t\t\t\t<div class=\"elementor-column elementor-col-50 elementor-top-column elementor-element elementor-element-1e5e814\" data-id=\"1e5e814\" data-element_type=\"column\" data-e-type=\"column\">\n\t\t\t<div class=\"elementor-widget-wrap elementor-element-populated\">\n\t\t\t\t\t\t<div class=\"elementor-element elementor-element-0331f6b elementor-widget__width-inherit elementor-widget-divider--view-line elementor-widget elementor-widget-divider\" data-id=\"0331f6b\" data-element_type=\"widget\" data-e-type=\"widget\" data-widget_type=\"divider.default\">\n\t\t\t\t<div class=\"elementor-widget-container\">\n\t\t\t\t\t\t\t<div class=\"elementor-divider\">\n\t\t\t<span class=\"elementor-divider-separator\">\n\t\t\t\t\t\t<\/span>\n\t\t<\/div>\n\t\t\t\t\t\t<\/div>\n\t\t\t\t<\/div>\n\t\t\t\t\t<\/div>\n\t\t<\/div>\n\t\t\t\t\t<\/div>\n\t\t<\/section>\n\t\t\t\t<\/div>","protected":false},"excerpt":{"rendered":"<p>Kenn&shy;zeichen&shy;recht. Ein Kernbereich des gewerblichen Rechtsschutzes ist der Schutz von Kennzeichen, insbesondere im Rahmen des Markenrechts. Dabei k\u00f6nnen Ihre Marken, Ihre Unternehmenskennzeichen oder Ihre Domains dahingehend gesch\u00fctzt werden, dass nur Sie Ihre eingetragenen Kennzeichen f\u00fcr Ihr Unternehmen verwenden d\u00fcrfen und Ihre Mitbewerber davon ausgeschlossen werden k\u00f6nnen. Unsere Dienstleistungen umfassen eine Unterst\u00fctzung beim Entwerfen Ihrer Kennzeichen, [&hellip;]<\/p>","protected":false},"author":1,"featured_media":0,"parent":883,"menu_order":0,"comment_status":"closed","ping_status":"closed","template":"","meta":{"footnotes":""},"class_list":["post-910","page","type-page","status-publish","hentry"],"_links":{"self":[{"href":"https:\/\/schoenpartner.de\/en\/wp-json\/wp\/v2\/pages\/910","targetHints":{"allow":["GET"]}}],"collection":[{"href":"https:\/\/schoenpartner.de\/en\/wp-json\/wp\/v2\/pages"}],"about":[{"href":"https:\/\/schoenpartner.de\/en\/wp-json\/wp\/v2\/types\/page"}],"author":[{"embeddable":true,"href":"https:\/\/schoenpartner.de\/en\/wp-json\/wp\/v2\/users\/1"}],"replies":[{"embeddable":true,"href":"https:\/\/schoenpartner.de\/en\/wp-json\/wp\/v2\/comments?post=910"}],"version-history":[{"count":0,"href":"https:\/\/schoenpartner.de\/en\/wp-json\/wp\/v2\/pages\/910\/revisions"}],"up":[{"embeddable":true,"href":"https:\/\/schoenpartner.de\/en\/wp-json\/wp\/v2\/pages\/883"}],"wp:attachment":[{"href":"https:\/\/schoenpartner.de\/en\/wp-json\/wp\/v2\/media?parent=910"}],"curies":[{"name":"wp","href":"https:\/\/api.w.org\/{rel}","templated":true}]}}