{"id":894,"date":"2021-10-26T09:47:28","date_gmt":"2021-10-26T09:47:28","guid":{"rendered":"https:\/\/schoenpartner.de\/?page_id=894"},"modified":"2022-09-01T09:59:05","modified_gmt":"2022-09-01T09:59:05","slug":"contact","status":"publish","type":"page","link":"https:\/\/schoenpartner.de\/en\/contact\/","title":{"rendered":"Contact"},"content":{"rendered":"<div data-elementor-type=\"wp-page\" data-elementor-id=\"894\" class=\"elementor elementor-894\" data-elementor-post-type=\"page\">\n\t\t\t\t\t\t<section data-particle_enable=\"false\" data-particle-mobile-disabled=\"false\" class=\"elementor-section elementor-top-section elementor-element elementor-element-c5f5048 elementor-section-boxed elementor-section-height-default elementor-section-height-default\" data-id=\"c5f5048\" data-element_type=\"section\" data-e-type=\"section\">\n\t\t\t\t\t\t<div class=\"elementor-container elementor-column-gap-default\">\n\t\t\t\t\t<div class=\"elementor-column elementor-col-100 elementor-top-column elementor-element elementor-element-1de3904\" data-id=\"1de3904\" data-element_type=\"column\" data-e-type=\"column\">\n\t\t\t<div class=\"elementor-widget-wrap elementor-element-populated\">\n\t\t\t\t\t\t<div class=\"elementor-element elementor-element-1d62e65 elementor-widget__width-auto elementor-widget elementor-widget-heading\" data-id=\"1d62e65\" data-element_type=\"widget\" data-e-type=\"widget\" data-widget_type=\"heading.default\">\n\t\t\t\t<div class=\"elementor-widget-container\">\n\t\t\t\t\t<h1 class=\"elementor-heading-title elementor-size-default\">Contact<\/h1>\t\t\t\t<\/div>\n\t\t\t\t<\/div>\n\t\t\t\t<div class=\"elementor-element elementor-element-242d4f6 elementor-widget elementor-widget-spacer\" data-id=\"242d4f6\" data-element_type=\"widget\" data-e-type=\"widget\" data-widget_type=\"spacer.default\">\n\t\t\t\t<div class=\"elementor-widget-container\">\n\t\t\t\t\t\t\t<div class=\"elementor-spacer\">\n\t\t\t<div class=\"elementor-spacer-inner\"><\/div>\n\t\t<\/div>\n\t\t\t\t\t\t<\/div>\n\t\t\t\t<\/div>\n\t\t\t\t<div class=\"elementor-element elementor-element-1d6ad44 elementor-widget elementor-widget-spacer\" data-id=\"1d6ad44\" data-element_type=\"widget\" data-e-type=\"widget\" data-widget_type=\"spacer.default\">\n\t\t\t\t<div class=\"elementor-widget-container\">\n\t\t\t\t\t\t\t<div class=\"elementor-spacer\">\n\t\t\t<div class=\"elementor-spacer-inner\"><\/div>\n\t\t<\/div>\n\t\t\t\t\t\t<\/div>\n\t\t\t\t<\/div>\n\t\t\t\t<section data-particle_enable=\"false\" data-particle-mobile-disabled=\"false\" class=\"elementor-section elementor-inner-section elementor-element elementor-element-494f0ce elementor-section-boxed elementor-section-height-default elementor-section-height-default\" data-id=\"494f0ce\" data-element_type=\"section\" data-e-type=\"section\">\n\t\t\t\t\t\t<div class=\"elementor-container elementor-column-gap-default\">\n\t\t\t\t\t<div class=\"elementor-column elementor-col-50 elementor-inner-column elementor-element elementor-element-65321d9\" data-id=\"65321d9\" data-element_type=\"column\" data-e-type=\"column\">\n\t\t\t<div class=\"elementor-widget-wrap elementor-element-populated\">\n\t\t\t\t\t\t<div class=\"elementor-element elementor-element-9011724 elementor-widget elementor-widget-text-editor\" data-id=\"9011724\" data-element_type=\"widget\" data-e-type=\"widget\" data-widget_type=\"text-editor.default\">\n\t\t\t\t<div class=\"elementor-widget-container\">\n\t\t\t\t\t\t\t\t\tOur IP Firm is situated in a central location in Munich, directly at Theresienwiese, and therefore in immediate proximity to the German and European Patent Office as well as the Federal Patent Court.<br>\n<br>Please feel welcome to leave us a message using the input fields below. Of course we will promptly take care of your request and contact you.\t\t\t\t\t\t\t\t<\/div>\n\t\t\t\t<\/div>\n\t\t\t\t<div class=\"elementor-element elementor-element-033e85e eael-wpforms-labels-yes eael-wpforms-form-button-custom elementor-widget elementor-widget-eael-wpforms\" data-id=\"033e85e\" data-element_type=\"widget\" data-e-type=\"widget\" data-widget_type=\"eael-wpforms.default\">\n\t\t\t\t<div class=\"elementor-widget-container\">\n\t\t\t\t\t            <div class=\"eael-contact-form eael-wpforms placeholder-hide eael-wpforms-align-default\">\n                                <div class=\"wpforms-container wpforms-container-full\" id=\"wpforms-1239\"><form id=\"wpforms-form-1239\" class=\"wpforms-validate wpforms-form wpforms-ajax-form\" data-formid=\"1239\" method=\"post\" enctype=\"multipart\/form-data\" action=\"\/en\/wp-json\/wp\/v2\/pages\/894\" data-token=\"83afa2a1bac511308c8f902238488d72\" data-token-time=\"1775286906\" data-trp-original-action=\"\/en\/wp-json\/wp\/v2\/pages\/894\"><noscript class=\"wpforms-error-noscript\">Please enable JavaScript in your browser to complete this form.<\/noscript><div class=\"wpforms-field-container\"><div id=\"wpforms-1239-field_0-container\" class=\"wpforms-field wpforms-field-name\" data-field-id=\"0\"><label class=\"wpforms-field-label\">First name <span class=\"wpforms-required-label\">*<\/span><\/label><div class=\"wpforms-field-row wpforms-field-medium\"><div class=\"wpforms-field-row-block wpforms-first wpforms-one-half\"><input type=\"text\" id=\"wpforms-1239-field_0\" class=\"wpforms-field-name-first wpforms-field-required\" name=\"wpforms[fields][0][first]\" required><label for=\"wpforms-1239-field_0\" class=\"wpforms-field-sublabel after\">First<\/label><\/div><div class=\"wpforms-field-row-block wpforms-one-half\"><input type=\"text\" id=\"wpforms-1239-field_0-last\" class=\"wpforms-field-name-last wpforms-field-required\" name=\"wpforms[fields][0][last]\" required><label for=\"wpforms-1239-field_0-last\" class=\"wpforms-field-sublabel after\">Last<\/label><\/div><\/div><\/div><div id=\"wpforms-1239-field_1-container\" class=\"wpforms-field wpforms-field-email\" data-field-id=\"1\"><label class=\"wpforms-field-label\" for=\"wpforms-1239-field_1\">Email <span class=\"wpforms-required-label\">*<\/span><\/label><input type=\"email\" id=\"wpforms-1239-field_1\" class=\"wpforms-field-medium wpforms-field-required\" name=\"wpforms[fields][1]\" spellcheck=\"false\" required><\/div><div id=\"wpforms-1239-field_2-container\" class=\"wpforms-field wpforms-field-textarea\" data-field-id=\"2\"><label class=\"wpforms-field-label\" for=\"wpforms-1239-field_2\">Your Message <span class=\"wpforms-required-label\">*<\/span><\/label><textarea id=\"wpforms-1239-field_2\" class=\"wpforms-field-medium wpforms-field-required\" name=\"wpforms[fields][2]\" required><\/textarea><\/div><div id=\"wpforms-1239-field_4-container\" class=\"wpforms-field wpforms-field-gdpr-checkbox\" data-field-id=\"4\"><label class=\"wpforms-field-label\">GDPR Agreement <span class=\"wpforms-required-label\">*<\/span><\/label><ul id=\"wpforms-1239-field_4\" class=\"wpforms-field-required\"><li class=\"choice-1\"><input type=\"checkbox\" id=\"wpforms-1239-field_4_1\" name=\"wpforms[fields][4][]\" value=\"Ich habe die &lt;a href=&quot;\/datenschutzerklaerung-eu&quot; target=_blank&gt;Datenschutzerkl\u00e4rung&lt;\/a&gt; gelesen und bin mit dem verantwortungsvollen Umgang meiner Daten einverstanden.\" required><label class=\"wpforms-field-label-inline\" for=\"wpforms-1239-field_4_1\">I have read the <a href=\"\/en\/datenschutzerklaerung-eu\/\" target=\"_blank\">Privacy Policy<\/a> and agree to the responsible handling of my data.<\/label><\/li><\/ul><\/div><\/div><!-- .wpforms-field-container --><div class=\"wpforms-submit-container\" ><input type=\"hidden\" name=\"wpforms[id]\" value=\"1239\"><input type=\"hidden\" name=\"page_title\" value=\"\"><input type=\"hidden\" name=\"page_url\" value=\"https:\/\/schoenpartner.de\/en\/wp-json\/wp\/v2\/pages\/894\"><input type=\"hidden\" name=\"url_referer\" value=\"\"><div class=\"frc-captcha\" data-sitekey=\"FCMI70NDQC2NLS5A\" data-lang=\"en\" data-puzzle-endpoint=\"https:\/\/eu-api.friendlycaptcha.eu\/api\/v1\/puzzle\"><\/div>\n\t\t<noscript>You need to enable Javascript for the anti-spam check.<\/noscript><button type=\"submit\" name=\"wpforms[submit]\" id=\"wpforms-submit-1239\" class=\"wpforms-submit\" data-alt-text=\"Anfrage wird versendet...\" data-submit-text=\"Anfrage abschicken\" aria-live=\"assertive\" value=\"wpforms-submit\">Send request<\/button><img decoding=\"async\" src=\"https:\/\/schoenpartner.de\/wp-content\/plugins\/wpforms\/assets\/images\/submit-spin.svg\" class=\"wpforms-submit-spinner\" style=\"display: none;\" width=\"26\" height=\"26\" alt=\"Loading\"><\/div><input type=\"hidden\" name=\"trp-form-language\" value=\"en\"\/><\/form><\/div>  <!-- .wpforms-container -->            <\/div>\n\t\t\t\t<\/div>\n\t\t\t\t<\/div>\n\t\t\t\t<div class=\"elementor-element elementor-element-563e160 elementor-widget__width-auto elementor-absolute elementor-widget-divider--view-line elementor-widget elementor-widget-divider\" data-id=\"563e160\" data-element_type=\"widget\" data-e-type=\"widget\" data-settings=\"{&quot;_position&quot;:&quot;absolute&quot;}\" data-widget_type=\"divider.default\">\n\t\t\t\t<div class=\"elementor-widget-container\">\n\t\t\t\t\t\t\t<div class=\"elementor-divider\">\n\t\t\t<span class=\"elementor-divider-separator\">\n\t\t\t\t\t\t<\/span>\n\t\t<\/div>\n\t\t\t\t\t\t<\/div>\n\t\t\t\t<\/div>\n\t\t\t\t\t<\/div>\n\t\t<\/div>\n\t\t\t\t<div class=\"elementor-column elementor-col-50 elementor-inner-column elementor-element elementor-element-466dd31\" data-id=\"466dd31\" data-element_type=\"column\" data-e-type=\"column\">\n\t\t\t<div class=\"elementor-widget-wrap elementor-element-populated\">\n\t\t\t\t\t\t<div class=\"elementor-element elementor-element-0359456 elementor-widget elementor-widget-text-editor\" data-id=\"0359456\" data-element_type=\"widget\" data-e-type=\"widget\" data-widget_type=\"text-editor.default\">\n\t\t\t\t<div class=\"elementor-widget-container\">\n\t\t\t\t\t\t\t\t\t<p>Dr. Sch\u00f6n, Neymeyr &amp; Partner<br \/>Protection of intellectual property<br \/>Bavariaring 26<br \/>80336 M\u00fcnchen<\/p><p>Tel: + 49 89 59 99 76 80<br \/>Fax: + 49 89 59 99 76 810<br \/>Mail: mail@schoen-partner.de<\/p>\t\t\t\t\t\t\t\t<\/div>\n\t\t\t\t<\/div>\n\t\t\t\t<div class=\"elementor-element elementor-element-ef63979 elementor-widget__width-initial elementor-widget elementor-widget-google_maps\" data-id=\"ef63979\" data-element_type=\"widget\" data-e-type=\"widget\" data-widget_type=\"google_maps.default\">\n\t\t\t\t<div class=\"elementor-widget-container\">\n\t\t\t\t\t\t\t<div class=\"elementor-custom-embed\">\n\t\t\t<iframe loading=\"lazy\"\n\t\t\t\t\tsrc=\"https:\/\/maps.google.com\/maps?q=Bavariaring%2026%2C%2080336%20M%C3%BCnchen&#038;t=m&#038;z=12&#038;output=embed&#038;iwloc=near\"\n\t\t\t\t\ttitle=\"Bavariaring 26, 80336 M\u00fcnchen\"\n\t\t\t\t\taria-label=\"Bavariaring 26, 80336 M\u00fcnchen\"\n\t\t\t><\/iframe>\n\t\t<\/div>\n\t\t\t\t\t\t<\/div>\n\t\t\t\t<\/div>\n\t\t\t\t\t<\/div>\n\t\t<\/div>\n\t\t\t\t\t<\/div>\n\t\t<\/section>\n\t\t\t\t\t<\/div>\n\t\t<\/div>\n\t\t\t\t\t<\/div>\n\t\t<\/section>\n\t\t\t\t<\/div>","protected":false},"excerpt":{"rendered":"<p>Kontakt Unsere Kanzlei liegt in zentraler Lage in M\u00fcnchen, direkt an der Theresienwiese und somit in unmittelbarer N\u00e4he zum Deutschen und Europ\u00e4ischen Patentamt sowie dem Bundespatentgericht. Gerne k\u00f6nnen Sie uns \u00fcber die Eingabefelder unten eine Nachricht zukommen lassen. Wir werden uns selbstverst\u00e4ndlich umgehend um Ihr Anliegen k\u00fcmmern und uns bei Ihnen melden. Dr. Sch\u00f6n, Neymeyr [&hellip;]<\/p>","protected":false},"author":1,"featured_media":0,"parent":0,"menu_order":0,"comment_status":"closed","ping_status":"closed","template":"","meta":{"footnotes":""},"class_list":["post-894","page","type-page","status-publish","hentry"],"_links":{"self":[{"href":"https:\/\/schoenpartner.de\/en\/wp-json\/wp\/v2\/pages\/894","targetHints":{"allow":["GET"]}}],"collection":[{"href":"https:\/\/schoenpartner.de\/en\/wp-json\/wp\/v2\/pages"}],"about":[{"href":"https:\/\/schoenpartner.de\/en\/wp-json\/wp\/v2\/types\/page"}],"author":[{"embeddable":true,"href":"https:\/\/schoenpartner.de\/en\/wp-json\/wp\/v2\/users\/1"}],"replies":[{"embeddable":true,"href":"https:\/\/schoenpartner.de\/en\/wp-json\/wp\/v2\/comments?post=894"}],"version-history":[{"count":0,"href":"https:\/\/schoenpartner.de\/en\/wp-json\/wp\/v2\/pages\/894\/revisions"}],"wp:attachment":[{"href":"https:\/\/schoenpartner.de\/en\/wp-json\/wp\/v2\/media?parent=894"}],"curies":[{"name":"wp","href":"https:\/\/api.w.org\/{rel}","templated":true}]}}